{"id":134,"date":"2021-09-27T16:53:46","date_gmt":"2021-09-27T14:53:46","guid":{"rendered":"http:\/\/khublei-indienhilfe-test.de\/?page_id=134"},"modified":"2022-05-09T08:16:49","modified_gmt":"2022-05-09T06:16:49","slug":"otto-hopfenmueller","status":"publish","type":"page","link":"https:\/\/khublei-indienhilfe.de\/en\/ueber-uns\/otto-hopfenmueller\/","title":{"rendered":"Otto Hopfenm\u00fcller"},"content":{"rendered":"<div class=\"wp-block-columns alignwide is-layout-flex wp-container-core-columns-is-layout-9d6595d7 wp-block-columns-is-layout-flex\">\n<div class=\"wp-block-column is-layout-flow wp-block-column-is-layout-flow\" style=\"flex-basis:66.66%\">\n<h2 class=\"wp-block-heading\">Otto Hopfenm\u00fcller<\/h2>\n\n\n\n<p>Der Priester und Missionar aus einem Dorf bei Bamberg ist in ganz Meghalaya als der Mann bekannt, der genau vor 130 Jahren den katholischen Glauben nach Nordost-Indien brachte.<\/p>\n\n\n\n<h3 class=\"wp-block-heading\">Leben in der Di\u00f6zese Bamberg<\/h3>\n\n\n\n<p>Lorenz Hopfenm\u00fcller wurde 1844 in Weismain ca. 50 km entfernt von Bamberg geboren und in Bamberg zum Priester geweiht. Er wurde Gr\u00fcndungsmitglied und Redakteur der Zeitschrift \u201eBamberger Volksblatt\u201c, die politisch sehr kritisch war. Das brachte ihm mehrere Gef\u00e4ngnisaufenthalte ein.<br><br>Nach diesen Einschnitten, die ihn k\u00f6rperlich und seelisch sehr mitnahmen, wurde er in Reichmannsdorf und Seu\u00dfling als Pfarrer eingesetzt, wo er intensiv f\u00fcr die Rechte der armen Menschen k\u00e4mpfte.<\/p>\n\n\n\n<h3 class=\"wp-block-heading\">Leben in Rom<\/h3>\n\n\n\n<p>Nach dem Tod seiner Eltern 1884 (Vater) und 1887 (Mutter) trat er dem Orden der \u201eKatholischen Lehrgesellschaft\u201c (sp\u00e4ter: \u201eGesellschaft des G\u00f6ttlichen Heilandes\u201c und seither bekannt als \u201eDie Salvatorianer\u201c) bei, dessen Hauptsitz in Rom liegt, da es schon immer sein Herzenswunsch war, in die Mission zu gehen. In Anlehnung an den heiligen Missionsbischof Otto von Bamberg w\u00e4hlte er den Ordensnamen Otto.<\/p>\n\n\n\n<h3 class=\"wp-block-heading\">Aufbruch nach Indien<\/h3>\n\n\n\n<p>1890 brach er nach Assam\/Nordost-Indien auf. Die Verh\u00e4ltnisse waren extrem \u00e4rmlich. Er wohnte sehr spartanisch, ern\u00e4hrte sich sehr schlecht, arbeitete sehr hart. Auch die klimatischen Umst\u00e4nde waren sehr widrig \u2013 kalte N\u00e4chte, sehr hei\u00dfe Tage mit starker Sonneneinstrahlung. Pater Otto Hopfenm\u00fcller lernte die Sprache des Volkes, Khasi, trat in Kontakt mit den Menschen und schonte sich nicht. Und genau das wurde ihm zum Verh\u00e4ngnis: Bereits nach \u00bd Jahr starb er im Alter von 46 Jahren an Meningitis, Hirnhautentz\u00fcndung.<\/p>\n\n\n\n<h3 class=\"wp-block-heading\">Verehrung bis heute<\/h3>\n\n\n\n<p>Bis heute wird Pater Otto Hopfenm\u00fcller in Nordost-Indien sehr verehrt. Die Anzahl der Katholiken wuchs von damals ca. 250 auf heute \u00fcber 2 Millionen an. Seine Gebeine wurden 2001 in die Hauptstadt Shillong verlegt. Die Grabstelle befindet sich direkt neben der gro\u00dfen Kathedrale. Seine Verehrung nimmt bis heute weiter zu.<\/p>\n<\/div>\n\n\n\n<div class=\"wp-block-column is-layout-flow wp-block-column-is-layout-flow\" style=\"flex-basis:33.33%\">\n<div class=\"wp-block-image\"><figure class=\"aligncenter size-medium\"><img loading=\"lazy\" decoding=\"async\" width=\"231\" height=\"300\" src=\"http:\/\/khublei-indienhilfe-test.de\/wp-content\/uploads\/2021\/12\/OH-231x300.jpg\" alt=\"\" class=\"wp-image-209\" srcset=\"https:\/\/khublei-indienhilfe.de\/wp-content\/uploads\/2021\/12\/OH-231x300.jpg 231w, https:\/\/khublei-indienhilfe.de\/wp-content\/uploads\/2021\/12\/OH.jpg 366w\" sizes=\"auto, (max-width: 231px) 100vw, 231px\" \/><figcaption>Otto Hopfenm\u00fcller<\/figcaption><\/figure><\/div>\n<\/div>\n<\/div>","protected":false},"excerpt":{"rendered":"<p>Otto Hopfenm\u00fcller Der Priester und Missionar aus einem Dorf bei Bamberg ist in ganz Meghalaya als der Mann bekannt, der genau vor 130 Jahren den katholischen Glauben nach Nordost-Indien brachte. Leben in der Di\u00f6zese Bamberg Lorenz Hopfenm\u00fcller wurde 1844 in Weismain ca. 50 km entfernt von Bamberg geboren und in Bamberg zum Priester geweiht. Er [&hellip;]<\/p>\n","protected":false},"author":1,"featured_media":0,"parent":14,"menu_order":4,"comment_status":"closed","ping_status":"closed","template":"","meta":{"footnotes":""},"class_list":["post-134","page","type-page","status-publish","hentry"],"_links":{"self":[{"href":"https:\/\/khublei-indienhilfe.de\/en\/wp-json\/wp\/v2\/pages\/134","targetHints":{"allow":["GET"]}}],"collection":[{"href":"https:\/\/khublei-indienhilfe.de\/en\/wp-json\/wp\/v2\/pages"}],"about":[{"href":"https:\/\/khublei-indienhilfe.de\/en\/wp-json\/wp\/v2\/types\/page"}],"author":[{"embeddable":true,"href":"https:\/\/khublei-indienhilfe.de\/en\/wp-json\/wp\/v2\/users\/1"}],"replies":[{"embeddable":true,"href":"https:\/\/khublei-indienhilfe.de\/en\/wp-json\/wp\/v2\/comments?post=134"}],"version-history":[{"count":7,"href":"https:\/\/khublei-indienhilfe.de\/en\/wp-json\/wp\/v2\/pages\/134\/revisions"}],"predecessor-version":[{"id":1147,"href":"https:\/\/khublei-indienhilfe.de\/en\/wp-json\/wp\/v2\/pages\/134\/revisions\/1147"}],"up":[{"embeddable":true,"href":"https:\/\/khublei-indienhilfe.de\/en\/wp-json\/wp\/v2\/pages\/14"}],"wp:attachment":[{"href":"https:\/\/khublei-indienhilfe.de\/en\/wp-json\/wp\/v2\/media?parent=134"}],"curies":[{"name":"wp","href":"https:\/\/api.w.org\/{rel}","templated":true}]}}