{"id":14,"date":"2021-08-30T10:18:58","date_gmt":"2021-08-30T08:18:58","guid":{"rendered":"http:\/\/khublei-indienhilfe-test.de\/?page_id=14"},"modified":"2026-01-21T06:14:13","modified_gmt":"2026-01-21T05:14:13","slug":"ueber-uns","status":"publish","type":"page","link":"https:\/\/khublei-indienhilfe.de\/en\/","title":{"rendered":"\u00dcber uns"},"content":{"rendered":"<div class=\"wp-block-columns alignwide is-layout-flex wp-container-core-columns-is-layout-9d6595d7 wp-block-columns-is-layout-flex\">\n<div class=\"wp-block-column is-layout-flow wp-block-column-is-layout-flow\" style=\"flex-basis:66.68%\">\n<p class=\"has-text-align-left has-small-font-size\"><strong>Wir bieten Hilfe zur Selbsthilfe, Hilfe f\u00fcr notleidende Menschen in Nordost-Indien auf Basis der N\u00e4chstenliebe und Solidarit\u00e4t, Hilfe f\u00fcr Bed\u00fcrftige, unabh\u00e4ngig von Herkunft, Alter, Geschlecht und Religion.<\/strong><\/p>\n\n\n\n<p class=\"has-text-align-left has-small-font-size\"><strong>20 Jahre Erfahrung mit Projektarbeit in Indien bilden eine solide Grundlage f\u00fcr unsere Entwicklungsarbeit.<\/strong><\/p>\n\n\n\n<p class=\"has-text-align-left has-small-font-size\">Als eingetragener, wohlt\u00e4tiger und gemeinn\u00fctziger Verein engagieren wir uns im extrem strukturschwachen Nordosten von Indien, wie zum Beispiel im Bundesstaat Meghalaya.<\/p>\n\n\n\n<p class=\"has-text-align-left has-primary-color has-text-color has-small-font-size\">Wir wollen den Menschen durch Bildung Hoffnung auf ein selbstbestimmtes Leben geben. Dabei legen wir gr\u00f6\u00dften Wert auf Transparenz und Nachhaltigkeit.<\/p>\n\n\n\n<p class=\"has-text-align-left has-small-font-size\">Wir engagieren uns als Mitarbeitende rein ehrenamtlich ohne Verg\u00fctung.<\/p>\n\n\n\n<p class=\"has-text-align-left has-small-font-size\">Wir stellen sicher, dass alle Spenden zu 100 % bei den Bed\u00fcrftigen ankommen.<\/p>\n\n\n\n<p class=\"has-text-align-left has-small-font-size\"><strong>Wir arbeiten vor Ort mit zuverl\u00e4ssigen und bew\u00e4hrten Partnern, die die Bed\u00fcrfnisse der Menschen kennen und unser gemeinsames Ziel umsetzen.<\/strong><\/p>\n<\/div>\n\n\n\n<div class=\"wp-block-column is-layout-flow wp-block-column-is-layout-flow\" style=\"flex-basis:33.32%\">\n<figure class=\"wp-block-image size-full is-resized\"><img loading=\"lazy\" decoding=\"async\" width=\"800\" height=\"1172\" src=\"https:\/\/khublei.de\/wp-content\/uploads\/Khublei_Karte.png\" alt=\"\" class=\"wp-image-991\" style=\"width:314px;height:460px\" srcset=\"https:\/\/khublei-indienhilfe.de\/wp-content\/uploads\/Khublei_Karte.png 800w, https:\/\/khublei-indienhilfe.de\/wp-content\/uploads\/Khublei_Karte-205x300.png 205w, https:\/\/khublei-indienhilfe.de\/wp-content\/uploads\/Khublei_Karte-699x1024.png 699w, https:\/\/khublei-indienhilfe.de\/wp-content\/uploads\/Khublei_Karte-768x1125.png 768w\" sizes=\"auto, (max-width: 800px) 100vw, 800px\" \/><\/figure>\n<\/div>\n<\/div>","protected":false},"excerpt":{"rendered":"<p>Wir bieten Hilfe zur Selbsthilfe, Hilfe f\u00fcr notleidende Menschen in Nordost-Indien auf Basis der N\u00e4chstenliebe und Solidarit\u00e4t, Hilfe f\u00fcr Bed\u00fcrftige, unabh\u00e4ngig von Herkunft, Alter, Geschlecht und Religion. 20 Jahre Erfahrung mit Projektarbeit in Indien bilden eine solide Grundlage f\u00fcr unsere Entwicklungsarbeit. Als eingetragener, wohlt\u00e4tiger und gemeinn\u00fctziger Verein engagieren wir uns im extrem strukturschwachen Nordosten von [&hellip;]<\/p>\n","protected":false},"author":1,"featured_media":47,"parent":0,"menu_order":1,"comment_status":"closed","ping_status":"closed","template":"templates\/template-full-width.php","meta":{"footnotes":""},"class_list":["post-14","page","type-page","status-publish","has-post-thumbnail","hentry"],"_links":{"self":[{"href":"https:\/\/khublei-indienhilfe.de\/en\/wp-json\/wp\/v2\/pages\/14","targetHints":{"allow":["GET"]}}],"collection":[{"href":"https:\/\/khublei-indienhilfe.de\/en\/wp-json\/wp\/v2\/pages"}],"about":[{"href":"https:\/\/khublei-indienhilfe.de\/en\/wp-json\/wp\/v2\/types\/page"}],"author":[{"embeddable":true,"href":"https:\/\/khublei-indienhilfe.de\/en\/wp-json\/wp\/v2\/users\/1"}],"replies":[{"embeddable":true,"href":"https:\/\/khublei-indienhilfe.de\/en\/wp-json\/wp\/v2\/comments?post=14"}],"version-history":[{"count":20,"href":"https:\/\/khublei-indienhilfe.de\/en\/wp-json\/wp\/v2\/pages\/14\/revisions"}],"predecessor-version":[{"id":2836,"href":"https:\/\/khublei-indienhilfe.de\/en\/wp-json\/wp\/v2\/pages\/14\/revisions\/2836"}],"wp:featuredmedia":[{"embeddable":true,"href":"https:\/\/khublei-indienhilfe.de\/en\/wp-json\/wp\/v2\/media\/47"}],"wp:attachment":[{"href":"https:\/\/khublei-indienhilfe.de\/en\/wp-json\/wp\/v2\/media?parent=14"}],"curies":[{"name":"wp","href":"https:\/\/api.w.org\/{rel}","templated":true}]}}