{"id":1406,"date":"2023-02-12T15:12:07","date_gmt":"2023-02-12T14:12:07","guid":{"rendered":"https:\/\/khublei-indienhilfe.de\/?page_id=1406"},"modified":"2023-03-02T19:58:31","modified_gmt":"2023-03-02T18:58:31","slug":"herstellung-von-eingelegtem-gemuese","status":"publish","type":"page","link":"https:\/\/khublei-indienhilfe.de\/en\/projekte\/existenzsicherung\/herstellung-von-eingelegtem-gemuese\/","title":{"rendered":"Herstellung von eingelegtem Gem\u00fcse"},"content":{"rendered":"<div class=\"wp-block-columns is-layout-flex wp-container-core-columns-is-layout-9d6595d7 wp-block-columns-is-layout-flex\">\n<div class=\"wp-block-column is-layout-flow wp-block-column-is-layout-flow\" style=\"flex-basis:66.66%\">\n<p><\/p>\n\n\n\n<p>Frauen sind zumeist Mitglieder in Selbsthilfegruppen (SHG) im Distrikt West Jaintia Hills. Sie &nbsp;sollen F\u00e4higkeiten in der Herstellung von eingelegtem Gem\u00fcse\/Pickles erlernen. Eingelegtes Gem\u00fcse ist ein allt\u00e4gliches Lebensmittel und bei den Menschen bekannt. Ziel dieser Schulung ist, qualitativ hochwertiges eingelegtes Gem\u00fcse zu angemessenen Kosten herzustellen, so dass es lokal leicht vermarktet werden kann.<\/p>\n\n\n\n<p><strong>Ziel:<\/strong> Unterst\u00fctzung von Bed\u00fcrftigen zur Selbstversorgung \u2013 Hilfe&nbsp; zur Selbsthilfe<br><strong>Dauer<\/strong>: 2 Tage<br><strong>Zielgruppe:<\/strong> Frauen<br><strong>Teilnehmer<\/strong>: 20 Personen<br><strong>Kosten: <\/strong>360 Euro (Schulung f\u00fcr 20 Personen in den R\u00e4umlichkeiten von JHDS in Jowai inkl. Fahrtkosten, Unterkunft und Verpflegung der Teilnehmer, Basismaterialien, erforderliches Schulungsmaterial, Schulungsger\u00e4te, Trainer; Kosten pro Teilnehmer: 17 Euro)<\/p>\n<\/div>\n\n\n\n<div class=\"wp-block-column is-layout-flow wp-block-column-is-layout-flow\" style=\"flex-basis:33.33%\"><div class=\"wp-block-image\">\n<figure class=\"aligncenter size-large\"><img loading=\"lazy\" decoding=\"async\" width=\"1024\" height=\"768\" src=\"https:\/\/khublei-indienhilfe.de\/wp-content\/uploads\/Existenzsicherung-1-1024x768.jpg\" alt=\"\" class=\"wp-image-1389\" srcset=\"https:\/\/khublei-indienhilfe.de\/wp-content\/uploads\/Existenzsicherung-1-1024x768.jpg 1024w, https:\/\/khublei-indienhilfe.de\/wp-content\/uploads\/Existenzsicherung-1-300x225.jpg 300w, https:\/\/khublei-indienhilfe.de\/wp-content\/uploads\/Existenzsicherung-1-768x576.jpg 768w, https:\/\/khublei-indienhilfe.de\/wp-content\/uploads\/Existenzsicherung-1.jpg 1040w\" sizes=\"auto, (max-width: 1024px) 100vw, 1024px\" \/><\/figure>\n<\/div><\/div>\n<\/div>\n\n\n\n<div class=\"wp-block-buttons has-custom-font-size is-horizontal is-content-justification-center is-layout-flex wp-container-core-buttons-is-layout-937ffba9 wp-block-buttons-is-layout-flex\" style=\"font-size:16px\">\n<div class=\"wp-block-button is-style-outline is-style-outline--1\"><a class=\"wp-block-button__link has-secondary-color has-text-color wp-element-button\">\u2190 Vorheriges<\/a><\/div>\n\n\n\n<div class=\"wp-block-button is-style-outline is-style-outline--2\"><a class=\"wp-block-button__link wp-element-button\" href=\"https:\/\/khublei-indienhilfe.de\/en\/projekte\/existenzsicherung\/\">\u2191 \u00dcbersicht<\/a><\/div>\n\n\n\n<div class=\"wp-block-button is-style-outline is-style-outline--3\"><a class=\"wp-block-button__link wp-element-button\" href=\"https:\/\/khublei-indienhilfe.de\/en\/projekte\/existenzsicherung\/bonbon-herstellung\/\">N\u00e4chstes \u2192<\/a><\/div>\n<\/div>","protected":false},"excerpt":{"rendered":"<p>Frauen sind zumeist Mitglieder in Selbsthilfegruppen (SHG) im Distrikt West Jaintia Hills. Sie &nbsp;sollen F\u00e4higkeiten in der Herstellung von eingelegtem Gem\u00fcse\/Pickles erlernen. Eingelegtes Gem\u00fcse ist ein allt\u00e4gliches Lebensmittel und bei den Menschen bekannt. Ziel dieser Schulung ist, qualitativ hochwertiges eingelegtes Gem\u00fcse zu angemessenen Kosten herzustellen, so dass es lokal leicht vermarktet werden kann. Ziel: Unterst\u00fctzung [&hellip;]<\/p>\n","protected":false},"author":2,"featured_media":0,"parent":1388,"menu_order":1,"comment_status":"closed","ping_status":"closed","template":"templates\/template-full-width.php","meta":{"footnotes":""},"class_list":["post-1406","page","type-page","status-publish","hentry"],"_links":{"self":[{"href":"https:\/\/khublei-indienhilfe.de\/en\/wp-json\/wp\/v2\/pages\/1406","targetHints":{"allow":["GET"]}}],"collection":[{"href":"https:\/\/khublei-indienhilfe.de\/en\/wp-json\/wp\/v2\/pages"}],"about":[{"href":"https:\/\/khublei-indienhilfe.de\/en\/wp-json\/wp\/v2\/types\/page"}],"author":[{"embeddable":true,"href":"https:\/\/khublei-indienhilfe.de\/en\/wp-json\/wp\/v2\/users\/2"}],"replies":[{"embeddable":true,"href":"https:\/\/khublei-indienhilfe.de\/en\/wp-json\/wp\/v2\/comments?post=1406"}],"version-history":[{"count":14,"href":"https:\/\/khublei-indienhilfe.de\/en\/wp-json\/wp\/v2\/pages\/1406\/revisions"}],"predecessor-version":[{"id":1598,"href":"https:\/\/khublei-indienhilfe.de\/en\/wp-json\/wp\/v2\/pages\/1406\/revisions\/1598"}],"up":[{"embeddable":true,"href":"https:\/\/khublei-indienhilfe.de\/en\/wp-json\/wp\/v2\/pages\/1388"}],"wp:attachment":[{"href":"https:\/\/khublei-indienhilfe.de\/en\/wp-json\/wp\/v2\/media?parent=1406"}],"curies":[{"name":"wp","href":"https:\/\/api.w.org\/{rel}","templated":true}]}}