{"id":1421,"date":"2023-02-12T15:16:52","date_gmt":"2023-02-12T14:16:52","guid":{"rendered":"https:\/\/khublei-indienhilfe.de\/?page_id=1421"},"modified":"2023-03-02T19:58:42","modified_gmt":"2023-03-02T18:58:42","slug":"wein-und-fruchtsaft-herstellung","status":"publish","type":"page","link":"https:\/\/khublei-indienhilfe.de\/en\/projekte\/existenzsicherung\/wein-und-fruchtsaft-herstellung\/","title":{"rendered":"Wein- und Fruchtsaft-Herstellung"},"content":{"rendered":"<div class=\"wp-block-columns is-layout-flex wp-container-core-columns-is-layout-9d6595d7 wp-block-columns-is-layout-flex\">\n<div class=\"wp-block-column is-layout-flow wp-block-column-is-layout-flow\" style=\"flex-basis:66.66%\">\n<p><\/p>\n\n\n\n<p>Fruchts\u00e4fte werden wegen ihres erfrischenden Charakters und ihrer ern\u00e4hrungsphysiologischen Qualit\u00e4ten hergestellt und konsumiert. Sie sind reich an Vitaminen und Mineralien und haben regulierende Funktionen f\u00fcr den K\u00f6rper. Fr\u00fcchte sind bei allen Altersgruppen beliebt, aber ihre Verf\u00fcgbarkeit ist w\u00e4hrend der Saison begrenzt, die bei den meisten Fr\u00fcchten 3-4 Monate dauert. Daher m\u00fcssen sie verarbeitet und konserviert werden, was auch zu einem zus\u00e4tzlichen N\u00e4hrwert f\u00fchrt. Diese Produkte finden innerhalb des Distrikts einen guten Marktwert. Die leichte Verf\u00fcgbarkeit und die Beliebtheit bei Jung und Alt haben dem Gesch\u00e4ft mit Fruchtgetr\u00e4nken ein rasantes Wachstum beschert.<\/p>\n\n\n\n<p><strong>Ziel:<\/strong> Unterst\u00fctzung von Bed\u00fcrftigen zur Selbstversorgung \u2013 Hilfe&nbsp; zur Selbsthilfe<br><strong>Dauer<\/strong>: 2 Tage<br><strong>Zielgruppe:<\/strong> Frauen<br><strong>Teilnehmer<\/strong>: 20 Personen<br><strong>Kosten: <\/strong>360 Euro (Schulung f\u00fcr 20 Personen in den R\u00e4umlichkeiten von JHDS in Jowai inkl. Fahrtkosten, Unterkunft und Verpflegung der Teilnehmer, Basismaterialien, erforderliches Schulungsmaterial, Schulungsger\u00e4te, Trainer; Kosten pro Teilnehmer: 17 Euro)<\/p>\n<\/div>\n\n\n\n<div class=\"wp-block-column is-layout-flow wp-block-column-is-layout-flow\" style=\"flex-basis:33.33%\"><div class=\"wp-block-image\">\n<figure class=\"aligncenter size-large\"><img loading=\"lazy\" decoding=\"async\" width=\"1024\" height=\"768\" src=\"https:\/\/khublei-indienhilfe.de\/wp-content\/uploads\/Existenzsicherung-3-edited-1024x768.jpg\" alt=\"\" class=\"wp-image-1400\" srcset=\"https:\/\/khublei-indienhilfe.de\/wp-content\/uploads\/Existenzsicherung-3-edited-1024x768.jpg 1024w, https:\/\/khublei-indienhilfe.de\/wp-content\/uploads\/Existenzsicherung-3-edited-300x225.jpg 300w, https:\/\/khublei-indienhilfe.de\/wp-content\/uploads\/Existenzsicherung-3-edited-768x576.jpg 768w, https:\/\/khublei-indienhilfe.de\/wp-content\/uploads\/Existenzsicherung-3-edited-1536x1152.jpg 1536w, https:\/\/khublei-indienhilfe.de\/wp-content\/uploads\/Existenzsicherung-3-edited-2048x1536.jpg 2048w, https:\/\/khublei-indienhilfe.de\/wp-content\/uploads\/Existenzsicherung-3-edited-1200x900.jpg 1200w, https:\/\/khublei-indienhilfe.de\/wp-content\/uploads\/Existenzsicherung-3-edited-1980x1485.jpg 1980w\" sizes=\"auto, (max-width: 1024px) 100vw, 1024px\" \/><\/figure>\n<\/div><\/div>\n<\/div>\n\n\n\n<div class=\"wp-block-buttons has-custom-font-size is-horizontal is-content-justification-center is-layout-flex wp-container-core-buttons-is-layout-937ffba9 wp-block-buttons-is-layout-flex\" style=\"font-size:16px\">\n<div class=\"wp-block-button is-style-outline is-style-outline--1\"><a class=\"wp-block-button__link wp-element-button\" href=\"https:\/\/khublei-indienhilfe.de\/en\/projekte\/existenzsicherung\/bonbon-herstellung\/\">\u2190 Vorheriges<\/a><\/div>\n\n\n\n<div class=\"wp-block-button is-style-outline is-style-outline--2\"><a class=\"wp-block-button__link wp-element-button\" href=\"https:\/\/khublei-indienhilfe.de\/en\/projekte\/existenzsicherung\/\">\u2191 \u00dcbersicht<\/a><\/div>\n\n\n\n<div class=\"wp-block-button is-style-outline is-style-outline--3\"><a class=\"wp-block-button__link wp-element-button\" href=\"https:\/\/khublei-indienhilfe.de\/en\/projekte\/existenzsicherung\/baeckereiprodukte-herstellung\/\">N\u00e4chstes \u2192<\/a><\/div>\n<\/div>","protected":false},"excerpt":{"rendered":"<p>Fruchts\u00e4fte werden wegen ihres erfrischenden Charakters und ihrer ern\u00e4hrungsphysiologischen Qualit\u00e4ten hergestellt und konsumiert. Sie sind reich an Vitaminen und Mineralien und haben regulierende Funktionen f\u00fcr den K\u00f6rper. Fr\u00fcchte sind bei allen Altersgruppen beliebt, aber ihre Verf\u00fcgbarkeit ist w\u00e4hrend der Saison begrenzt, die bei den meisten Fr\u00fcchten 3-4 Monate dauert. Daher m\u00fcssen sie verarbeitet und konserviert [&hellip;]<\/p>\n","protected":false},"author":2,"featured_media":0,"parent":1388,"menu_order":3,"comment_status":"closed","ping_status":"closed","template":"templates\/template-full-width.php","meta":{"footnotes":""},"class_list":["post-1421","page","type-page","status-publish","hentry"],"_links":{"self":[{"href":"https:\/\/khublei-indienhilfe.de\/en\/wp-json\/wp\/v2\/pages\/1421","targetHints":{"allow":["GET"]}}],"collection":[{"href":"https:\/\/khublei-indienhilfe.de\/en\/wp-json\/wp\/v2\/pages"}],"about":[{"href":"https:\/\/khublei-indienhilfe.de\/en\/wp-json\/wp\/v2\/types\/page"}],"author":[{"embeddable":true,"href":"https:\/\/khublei-indienhilfe.de\/en\/wp-json\/wp\/v2\/users\/2"}],"replies":[{"embeddable":true,"href":"https:\/\/khublei-indienhilfe.de\/en\/wp-json\/wp\/v2\/comments?post=1421"}],"version-history":[{"count":4,"href":"https:\/\/khublei-indienhilfe.de\/en\/wp-json\/wp\/v2\/pages\/1421\/revisions"}],"predecessor-version":[{"id":1601,"href":"https:\/\/khublei-indienhilfe.de\/en\/wp-json\/wp\/v2\/pages\/1421\/revisions\/1601"}],"up":[{"embeddable":true,"href":"https:\/\/khublei-indienhilfe.de\/en\/wp-json\/wp\/v2\/pages\/1388"}],"wp:attachment":[{"href":"https:\/\/khublei-indienhilfe.de\/en\/wp-json\/wp\/v2\/media?parent=1421"}],"curies":[{"name":"wp","href":"https:\/\/api.w.org\/{rel}","templated":true}]}}