{"id":1423,"date":"2023-02-12T15:17:32","date_gmt":"2023-02-12T14:17:32","guid":{"rendered":"https:\/\/khublei-indienhilfe.de\/?page_id=1423"},"modified":"2023-03-02T19:58:48","modified_gmt":"2023-03-02T18:58:48","slug":"baeckereiprodukte-herstellung","status":"publish","type":"page","link":"https:\/\/khublei-indienhilfe.de\/en\/projekte\/existenzsicherung\/baeckereiprodukte-herstellung\/","title":{"rendered":"B\u00e4ckereiprodukte-Herstellung"},"content":{"rendered":"<div class=\"wp-block-columns is-layout-flex wp-container-core-columns-is-layout-9d6595d7 wp-block-columns-is-layout-flex\">\n<div class=\"wp-block-column is-layout-flow wp-block-column-is-layout-flow\" style=\"flex-basis:66.66%\">\n<p><\/p>\n\n\n\n<p>Backwaren werden aufgrund ihres angenehmen Geschmacks und ihrer gesundheitlichen Vorteile immer beliebter, da sie aus einer Vielzahl von guten Getreidesorten hergestellt werden. B\u00e4ckereiprodukte sind f\u00fcr die Verbraucher erschwinglich. Ihr Verbrauch hat in den letzten Jahren zugenommen. Backwaren nehmen einen wichtigen Platz in der Lebensmittelindustrie ein. Sie werden auf traditionelle Weise hergestellt. Das kann auch im h\u00e4uslichen Rahmen geschehen, ohne von gro\u00dfen Maschinen abh\u00e4ngig zu sein. Diese Produkte haben innerhalb des Distrikts einen guten Marktwert finden. Dar\u00fcber hinaus wird das Marktwachstum durch die Einf\u00fchrung von Backwaren mit Zusatznutzen angekurbelt.<\/p>\n\n\n\n<p><strong>Ziel:<\/strong> Unterst\u00fctzung von Bed\u00fcrftigen zur Selbstversorgung \u2013 Hilfe&nbsp; zur Selbsthilfe<br><strong>Dauer<\/strong>: 2 Tage<br><strong>Zielgruppe:<\/strong> Frauen<br><strong>Teilnehmer<\/strong>: 20 Personen<br><strong>Kosten: <\/strong>360 Euro (Schulung f\u00fcr 20 Personen in den R\u00e4umlichkeiten von JHDS in Jowai inkl. Fahrtkosten, Unterkunft und Verpflegung der Teilnehmer, Basismaterialien, erforderliches Schulungsmaterial, Schulungsger\u00e4te, Trainer; Kosten pro Teilnehmer: 17 Euro)<\/p>\n<\/div>\n\n\n\n<div class=\"wp-block-column is-layout-flow wp-block-column-is-layout-flow\" style=\"flex-basis:33.33%\"><div class=\"wp-block-image\">\n<figure class=\"aligncenter size-large\"><img loading=\"lazy\" decoding=\"async\" width=\"1024\" height=\"768\" src=\"https:\/\/khublei-indienhilfe.de\/wp-content\/uploads\/Existenzsicherung-4-edited-1024x768.jpg\" alt=\"\" class=\"wp-image-1401\" srcset=\"https:\/\/khublei-indienhilfe.de\/wp-content\/uploads\/Existenzsicherung-4-edited-1024x768.jpg 1024w, https:\/\/khublei-indienhilfe.de\/wp-content\/uploads\/Existenzsicherung-4-edited-300x225.jpg 300w, https:\/\/khublei-indienhilfe.de\/wp-content\/uploads\/Existenzsicherung-4-edited-768x576.jpg 768w, https:\/\/khublei-indienhilfe.de\/wp-content\/uploads\/Existenzsicherung-4-edited-1536x1152.jpg 1536w, https:\/\/khublei-indienhilfe.de\/wp-content\/uploads\/Existenzsicherung-4-edited-2048x1536.jpg 2048w, https:\/\/khublei-indienhilfe.de\/wp-content\/uploads\/Existenzsicherung-4-edited-1200x900.jpg 1200w, https:\/\/khublei-indienhilfe.de\/wp-content\/uploads\/Existenzsicherung-4-edited-1980x1485.jpg 1980w\" sizes=\"auto, (max-width: 1024px) 100vw, 1024px\" \/><\/figure>\n<\/div><\/div>\n<\/div>\n\n\n\n<div class=\"wp-block-buttons has-custom-font-size is-horizontal is-content-justification-center is-layout-flex wp-container-core-buttons-is-layout-937ffba9 wp-block-buttons-is-layout-flex\" style=\"font-size:16px\">\n<div class=\"wp-block-button is-style-outline is-style-outline--1\"><a class=\"wp-block-button__link wp-element-button\" href=\"https:\/\/khublei-indienhilfe.de\/en\/projekte\/existenzsicherung\/wein-und-fruchtsaft-herstellung\/\">\u2190 Vorheriges<\/a><\/div>\n\n\n\n<div class=\"wp-block-button is-style-outline is-style-outline--2\"><a class=\"wp-block-button__link wp-element-button\" href=\"https:\/\/khublei-indienhilfe.de\/en\/projekte\/existenzsicherung\/\">\u2191 \u00dcbersicht<\/a><\/div>\n\n\n\n<div class=\"wp-block-button is-style-outline is-style-outline--3\"><a class=\"wp-block-button__link wp-element-button\" href=\"https:\/\/khublei-indienhilfe.de\/en\/projekte\/existenzsicherung\/kompost-duengemittelherstellung\/\">N\u00e4chstes \u2192<\/a><\/div>\n<\/div>","protected":false},"excerpt":{"rendered":"<p>Backwaren werden aufgrund ihres angenehmen Geschmacks und ihrer gesundheitlichen Vorteile immer beliebter, da sie aus einer Vielzahl von guten Getreidesorten hergestellt werden. B\u00e4ckereiprodukte sind f\u00fcr die Verbraucher erschwinglich. Ihr Verbrauch hat in den letzten Jahren zugenommen. Backwaren nehmen einen wichtigen Platz in der Lebensmittelindustrie ein. Sie werden auf traditionelle Weise hergestellt. Das kann auch im [&hellip;]<\/p>\n","protected":false},"author":2,"featured_media":0,"parent":1388,"menu_order":4,"comment_status":"closed","ping_status":"closed","template":"templates\/template-full-width.php","meta":{"footnotes":""},"class_list":["post-1423","page","type-page","status-publish","hentry"],"_links":{"self":[{"href":"https:\/\/khublei-indienhilfe.de\/en\/wp-json\/wp\/v2\/pages\/1423","targetHints":{"allow":["GET"]}}],"collection":[{"href":"https:\/\/khublei-indienhilfe.de\/en\/wp-json\/wp\/v2\/pages"}],"about":[{"href":"https:\/\/khublei-indienhilfe.de\/en\/wp-json\/wp\/v2\/types\/page"}],"author":[{"embeddable":true,"href":"https:\/\/khublei-indienhilfe.de\/en\/wp-json\/wp\/v2\/users\/2"}],"replies":[{"embeddable":true,"href":"https:\/\/khublei-indienhilfe.de\/en\/wp-json\/wp\/v2\/comments?post=1423"}],"version-history":[{"count":6,"href":"https:\/\/khublei-indienhilfe.de\/en\/wp-json\/wp\/v2\/pages\/1423\/revisions"}],"predecessor-version":[{"id":1605,"href":"https:\/\/khublei-indienhilfe.de\/en\/wp-json\/wp\/v2\/pages\/1423\/revisions\/1605"}],"up":[{"embeddable":true,"href":"https:\/\/khublei-indienhilfe.de\/en\/wp-json\/wp\/v2\/pages\/1388"}],"wp:attachment":[{"href":"https:\/\/khublei-indienhilfe.de\/en\/wp-json\/wp\/v2\/media?parent=1423"}],"curies":[{"name":"wp","href":"https:\/\/api.w.org\/{rel}","templated":true}]}}