{"id":1425,"date":"2023-02-12T15:18:04","date_gmt":"2023-02-12T14:18:04","guid":{"rendered":"https:\/\/khublei-indienhilfe.de\/?page_id=1425"},"modified":"2023-03-02T19:58:54","modified_gmt":"2023-03-02T18:58:54","slug":"kompost-duengemittelherstellung","status":"publish","type":"page","link":"https:\/\/khublei-indienhilfe.de\/en\/projekte\/existenzsicherung\/kompost-duengemittelherstellung\/","title":{"rendered":"Organische Kompost- &#038; D\u00fcngemittelherstellung"},"content":{"rendered":"<div class=\"wp-block-columns is-layout-flex wp-container-core-columns-is-layout-9d6595d7 wp-block-columns-is-layout-flex\">\n<div class=\"wp-block-column is-layout-flow wp-block-column-is-layout-flow\" style=\"flex-basis:66.66%\">\n<p><\/p>\n\n\n\n<p>Die F\u00f6rderung von Biod\u00fcnger ist heutzutage aufgrund von Umwelt- und Gesundheitsaspekten zu einem Hauptanliegen geworden. Organischer D\u00fcnger wird in der Regel aus pflanzlichen oder tierischen Abf\u00e4llen, Mist oder Kompost hergestellt. Es kann sich auch um Produkte auf Kompost- oder G\u00fcllebasis handeln. Aufgrund der im organischen D\u00fcnger enthaltenen organischen Substanzen wird die Bodenstruktur verbessert, wodurch die F\u00e4higkeit des Bodens, Wasser und N\u00e4hrstoffe zu speichern, zunimmt. Die zunehmende Vorliebe der Verbraucher f\u00fcr Bio-Lebensmittel, die Verbesserung der Bodenfruchtbarkeit und die staatliche F\u00f6rderung von organischem D\u00fcnger haben das Marktwachstum von Biod\u00fcnger im Distrikt gef\u00f6rdert.<\/p>\n\n\n\n<p><strong>Ziel:<\/strong> F\u00f6rderung des \u00f6kologischen Landbaus und Schaffung von Einkommensm\u00f6glichkeiten f\u00fcr Landwirte \u2013 Hilfe zur Selbsthilfe<br><strong>Dauer<\/strong>: 2 Tage<br><strong>Zielgruppe:<\/strong> Frauen<br><strong>Teilnehmer<\/strong>: 20 Personen<br><strong>Kosten: <\/strong>450 Euro (Schulung f\u00fcr 20 Personen in den R\u00e4umlichkeiten von JHDS in Jowai inkl. Fahrtkosten, Unterkunft und Verpflegung der Teilnehmer, Basismaterialien, erforderliches Schulungsmaterial, Schulungsger\u00e4te, Trainer; Kosten pro Teilnehmer: 22,50 Euro)<\/p>\n<\/div>\n\n\n\n<div class=\"wp-block-column is-layout-flow wp-block-column-is-layout-flow\" style=\"flex-basis:33.33%\"><div class=\"wp-block-image\">\n<figure class=\"aligncenter size-large\"><img loading=\"lazy\" decoding=\"async\" width=\"1024\" height=\"768\" src=\"https:\/\/khublei-indienhilfe.de\/wp-content\/uploads\/Existenzsicherung-5-1024x768.jpg\" alt=\"\" class=\"wp-image-1393\" srcset=\"https:\/\/khublei-indienhilfe.de\/wp-content\/uploads\/Existenzsicherung-5-1024x768.jpg 1024w, https:\/\/khublei-indienhilfe.de\/wp-content\/uploads\/Existenzsicherung-5-300x225.jpg 300w, https:\/\/khublei-indienhilfe.de\/wp-content\/uploads\/Existenzsicherung-5-768x576.jpg 768w, https:\/\/khublei-indienhilfe.de\/wp-content\/uploads\/Existenzsicherung-5-1536x1152.jpg 1536w, https:\/\/khublei-indienhilfe.de\/wp-content\/uploads\/Existenzsicherung-5-2048x1536.jpg 2048w, https:\/\/khublei-indienhilfe.de\/wp-content\/uploads\/Existenzsicherung-5-1200x900.jpg 1200w, https:\/\/khublei-indienhilfe.de\/wp-content\/uploads\/Existenzsicherung-5-1980x1485.jpg 1980w\" sizes=\"auto, (max-width: 1024px) 100vw, 1024px\" \/><\/figure>\n<\/div><\/div>\n<\/div>\n\n\n\n<div class=\"wp-block-buttons has-custom-font-size is-horizontal is-content-justification-center is-layout-flex wp-container-core-buttons-is-layout-937ffba9 wp-block-buttons-is-layout-flex\" style=\"font-size:16px\">\n<div class=\"wp-block-button is-style-outline is-style-outline--1\"><a class=\"wp-block-button__link wp-element-button\" href=\"https:\/\/khublei-indienhilfe.de\/en\/projekte\/existenzsicherung\/baeckereiprodukte-herstellung\/\">\u2190 Vorheriges<\/a><\/div>\n\n\n\n<div class=\"wp-block-button is-style-outline is-style-outline--2\"><a class=\"wp-block-button__link wp-element-button\" href=\"https:\/\/khublei-indienhilfe.de\/en\/projekte\/existenzsicherung\/\">\u2191 \u00dcbersicht<\/a><\/div>\n\n\n\n<div class=\"wp-block-button is-style-outline is-style-outline--3\"><a class=\"wp-block-button__link wp-element-button\" href=\"https:\/\/khublei-indienhilfe.de\/en\/projekte\/existenzsicherung\/anbau-von-blumenkulturen\/\">N\u00e4chstes \u2192<\/a><\/div>\n<\/div>","protected":false},"excerpt":{"rendered":"<p>Die F\u00f6rderung von Biod\u00fcnger ist heutzutage aufgrund von Umwelt- und Gesundheitsaspekten zu einem Hauptanliegen geworden. Organischer D\u00fcnger wird in der Regel aus pflanzlichen oder tierischen Abf\u00e4llen, Mist oder Kompost hergestellt. Es kann sich auch um Produkte auf Kompost- oder G\u00fcllebasis handeln. Aufgrund der im organischen D\u00fcnger enthaltenen organischen Substanzen wird die Bodenstruktur verbessert, wodurch die [&hellip;]<\/p>\n","protected":false},"author":2,"featured_media":0,"parent":1388,"menu_order":5,"comment_status":"closed","ping_status":"closed","template":"templates\/template-full-width.php","meta":{"footnotes":""},"class_list":["post-1425","page","type-page","status-publish","hentry"],"_links":{"self":[{"href":"https:\/\/khublei-indienhilfe.de\/en\/wp-json\/wp\/v2\/pages\/1425","targetHints":{"allow":["GET"]}}],"collection":[{"href":"https:\/\/khublei-indienhilfe.de\/en\/wp-json\/wp\/v2\/pages"}],"about":[{"href":"https:\/\/khublei-indienhilfe.de\/en\/wp-json\/wp\/v2\/types\/page"}],"author":[{"embeddable":true,"href":"https:\/\/khublei-indienhilfe.de\/en\/wp-json\/wp\/v2\/users\/2"}],"replies":[{"embeddable":true,"href":"https:\/\/khublei-indienhilfe.de\/en\/wp-json\/wp\/v2\/comments?post=1425"}],"version-history":[{"count":4,"href":"https:\/\/khublei-indienhilfe.de\/en\/wp-json\/wp\/v2\/pages\/1425\/revisions"}],"predecessor-version":[{"id":1604,"href":"https:\/\/khublei-indienhilfe.de\/en\/wp-json\/wp\/v2\/pages\/1425\/revisions\/1604"}],"up":[{"embeddable":true,"href":"https:\/\/khublei-indienhilfe.de\/en\/wp-json\/wp\/v2\/pages\/1388"}],"wp:attachment":[{"href":"https:\/\/khublei-indienhilfe.de\/en\/wp-json\/wp\/v2\/media?parent=1425"}],"curies":[{"name":"wp","href":"https:\/\/api.w.org\/{rel}","templated":true}]}}