{"id":1427,"date":"2023-02-12T15:18:36","date_gmt":"2023-02-12T14:18:36","guid":{"rendered":"https:\/\/khublei-indienhilfe.de\/?page_id=1427"},"modified":"2023-03-02T19:47:10","modified_gmt":"2023-03-02T18:47:10","slug":"anbau-von-blumenkulturen","status":"publish","type":"page","link":"https:\/\/khublei-indienhilfe.de\/en\/projekte\/existenzsicherung\/anbau-von-blumenkulturen\/","title":{"rendered":"Anbau von Blumenkulturen"},"content":{"rendered":"<div class=\"wp-block-columns is-layout-flex wp-container-core-columns-is-layout-9d6595d7 wp-block-columns-is-layout-flex\">\n<div class=\"wp-block-column is-layout-flow wp-block-column-is-layout-flow\" style=\"flex-basis:66.66%\">\n<p><\/p>\n\n\n\n<p>Die agroklimatische Vielfalt des Distrikts mit seinen hohen Niederschlagsmengen, die sich auf einen viermonatigen Monsun und einen einigerma\u00dfen gem\u00e4\u00dfigten Winter verteilen, erm\u00f6glicht den Anbau einer Vielzahl von Blumenkulturen. Blumen wie Jasmin, Rose, Tuberose, Ringelblume, Sonnenblume usw. sind die wichtigsten kommerziellen Zierpflanzen, die in diesem Gebiet angebaut werden. Die Produktivit\u00e4t der meisten Zierpflanzen im Distrikt ist jedoch im Vergleich zum Durchschnitt aller nord\u00f6stlichen Bundesstaaten sowie einiger landwirtschaftlich wichtiger Bundesstaaten Indiens recht niedrig. Daher wird die F\u00f6rderung dieser T\u00e4tigkeit die Besch\u00e4ftigungsm\u00f6glichkeiten und die Einkommensm\u00f6glichkeiten insbesondere f\u00fcr Frauen im Distrikt verbessern. Au\u00dferdem bilden Blumen heutzutage vor allem in den st\u00e4dtischen Gebieten einen begehrten Markt.<\/p>\n\n\n\n<p><strong>Ziel:<\/strong> Schaffung von Arbeitspl\u00e4tzen und M\u00f6glichkeiten zum Lebensunterhalt f\u00fcr 20 alleinstehende Frauen \u2013 Hilfe zur Selbsthilfe<br><strong>Dauer<\/strong>: 2 Tage<br><strong>Zielgruppe:<\/strong> Frauen<br><strong>Teilnehmer<\/strong>: 20 Personen<br><strong>Kosten: <\/strong>360 Euro (Schulung f\u00fcr 20 Personen in den R\u00e4umlichkeiten von JHDS in Jowai inkl. Fahrtkosten, Unterkunft und Verpflegung der Teilnehmer, Basismaterialien, erforderliches Schulungsmaterial, Schulungsger\u00e4te, Trainer; Kosten pro Teilnehmer: 17 Euro)<\/p>\n<\/div>\n\n\n\n<div class=\"wp-block-column is-layout-flow wp-block-column-is-layout-flow\" style=\"flex-basis:33.33%\"><div class=\"wp-block-image\">\n<figure class=\"aligncenter size-large\"><img loading=\"lazy\" decoding=\"async\" width=\"1024\" height=\"768\" src=\"https:\/\/khublei-indienhilfe.de\/wp-content\/uploads\/Existenzsicherung-6-1024x768.jpeg\" alt=\"\" class=\"wp-image-1394\" srcset=\"https:\/\/khublei-indienhilfe.de\/wp-content\/uploads\/Existenzsicherung-6-1024x768.jpeg 1024w, https:\/\/khublei-indienhilfe.de\/wp-content\/uploads\/Existenzsicherung-6-300x225.jpeg 300w, https:\/\/khublei-indienhilfe.de\/wp-content\/uploads\/Existenzsicherung-6-768x576.jpeg 768w, https:\/\/khublei-indienhilfe.de\/wp-content\/uploads\/Existenzsicherung-6.jpeg 1040w\" sizes=\"auto, (max-width: 1024px) 100vw, 1024px\" \/><\/figure>\n<\/div><\/div>\n<\/div>\n\n\n\n<div class=\"wp-block-buttons has-custom-font-size is-horizontal is-content-justification-center is-layout-flex wp-container-core-buttons-is-layout-937ffba9 wp-block-buttons-is-layout-flex\" style=\"font-size:16px\">\n<div class=\"wp-block-button is-style-outline is-style-outline--1\"><a class=\"wp-block-button__link wp-element-button\" href=\"https:\/\/khublei-indienhilfe.de\/en\/projekte\/existenzsicherung\/kompost-duengemittelherstellung\/\">\u2190 Vorheriges<\/a><\/div>\n\n\n\n<div class=\"wp-block-button is-style-outline is-style-outline--2\"><a class=\"wp-block-button__link wp-element-button\" href=\"https:\/\/khublei-indienhilfe.de\/en\/projekte\/existenzsicherung\/\">\u2191 \u00dcbersicht<\/a><\/div>\n\n\n\n<div class=\"wp-block-button is-style-outline is-style-outline--3\"><a class=\"wp-block-button__link wp-element-button\" href=\"https:\/\/khublei-indienhilfe.de\/en\/projekte\/existenzsicherung\/gartenbau-management\/\">N\u00e4chstes \u2192<\/a><\/div>\n<\/div>","protected":false},"excerpt":{"rendered":"<p>Die agroklimatische Vielfalt des Distrikts mit seinen hohen Niederschlagsmengen, die sich auf einen viermonatigen Monsun und einen einigerma\u00dfen gem\u00e4\u00dfigten Winter verteilen, erm\u00f6glicht den Anbau einer Vielzahl von Blumenkulturen. Blumen wie Jasmin, Rose, Tuberose, Ringelblume, Sonnenblume usw. sind die wichtigsten kommerziellen Zierpflanzen, die in diesem Gebiet angebaut werden. Die Produktivit\u00e4t der meisten Zierpflanzen im Distrikt ist [&hellip;]<\/p>\n","protected":false},"author":2,"featured_media":0,"parent":1388,"menu_order":6,"comment_status":"closed","ping_status":"closed","template":"templates\/template-full-width.php","meta":{"footnotes":""},"class_list":["post-1427","page","type-page","status-publish","hentry"],"_links":{"self":[{"href":"https:\/\/khublei-indienhilfe.de\/en\/wp-json\/wp\/v2\/pages\/1427","targetHints":{"allow":["GET"]}}],"collection":[{"href":"https:\/\/khublei-indienhilfe.de\/en\/wp-json\/wp\/v2\/pages"}],"about":[{"href":"https:\/\/khublei-indienhilfe.de\/en\/wp-json\/wp\/v2\/types\/page"}],"author":[{"embeddable":true,"href":"https:\/\/khublei-indienhilfe.de\/en\/wp-json\/wp\/v2\/users\/2"}],"replies":[{"embeddable":true,"href":"https:\/\/khublei-indienhilfe.de\/en\/wp-json\/wp\/v2\/comments?post=1427"}],"version-history":[{"count":5,"href":"https:\/\/khublei-indienhilfe.de\/en\/wp-json\/wp\/v2\/pages\/1427\/revisions"}],"predecessor-version":[{"id":1608,"href":"https:\/\/khublei-indienhilfe.de\/en\/wp-json\/wp\/v2\/pages\/1427\/revisions\/1608"}],"up":[{"embeddable":true,"href":"https:\/\/khublei-indienhilfe.de\/en\/wp-json\/wp\/v2\/pages\/1388"}],"wp:attachment":[{"href":"https:\/\/khublei-indienhilfe.de\/en\/wp-json\/wp\/v2\/media?parent=1427"}],"curies":[{"name":"wp","href":"https:\/\/api.w.org\/{rel}","templated":true}]}}