{"id":1429,"date":"2023-02-12T15:19:06","date_gmt":"2023-02-12T14:19:06","guid":{"rendered":"https:\/\/khublei-indienhilfe.de\/?page_id=1429"},"modified":"2023-03-02T19:47:58","modified_gmt":"2023-03-02T18:47:58","slug":"gartenbau-management","status":"publish","type":"page","link":"https:\/\/khublei-indienhilfe.de\/en\/projekte\/existenzsicherung\/gartenbau-management\/","title":{"rendered":"Gartenbau-Management"},"content":{"rendered":"<div class=\"wp-block-columns is-layout-flex wp-container-core-columns-is-layout-9d6595d7 wp-block-columns-is-layout-flex\">\n<div class=\"wp-block-column is-layout-flow wp-block-column-is-layout-flow\" style=\"flex-basis:66.66%\">\n<p><\/p>\n\n\n\n<p>Die Nachfrage nach Gartenbaupflanzen, insbesondere nach solchen, die Fr\u00fcchte und Bl\u00fcten tragen, steigt sowohl in st\u00e4dtischen als auch in l\u00e4ndlichen Gebieten Meghalayas. Eine starke Nachfrage nach Zier- und Bl\u00fctenpflanzen ist w\u00e4hrend der Festtage zu beobachten. In den meisten nord\u00f6stlichen Bundesstaaten haben sich daher Baumschulen in gro\u00dfem Umfang etabliert. Es besteht die dringende Notwendigkeit, Baumschulen im Distrikt zu f\u00f6rdern, um die Sicherheit von \u00d6kologie und Umwelt zu gew\u00e4hrleisten. Aufgrund der Nachfrage wird die Vermarktung von Baumschulpflanzen im ganzen Land immer wichtiger. Die einfache Beschaffung, der geringe Pflegeaufwand und die Kosteneffizienz lassen das Wachstum des Marktes weiter voranschreiten. Dar\u00fcber hinaus wird die zunehmende Sensibilisierung der Bev\u00f6lkerung das Wachstum des Marktes weiter ankurbeln.<\/p>\n\n\n\n<p><strong>Ziel:<\/strong> Schaffung von Besch\u00e4ftigungsm\u00f6glichkeiten f\u00fcr Landwirte \u2013 Hilfe zur Selbsthilfe<br><strong>Dauer<\/strong>: 2 Tage<br><strong>Zielgruppe:<\/strong> Bauern<br><strong>Teilnehmer<\/strong>: 20 Personen<br><strong>Kosten: <\/strong>360 Euro (Schulung f\u00fcr 20 Personen in den R\u00e4umlichkeiten von JHDS in Jowai inkl. Fahrtkosten, Unterkunft und Verpflegung der Teilnehmer, Basismaterialien, erforderliches Schulungsmaterial, Schulungsger\u00e4te, Trainer; Kosten pro Teilnehmer: 17 Euro)<\/p>\n<\/div>\n\n\n\n<div class=\"wp-block-column is-layout-flow wp-block-column-is-layout-flow\" style=\"flex-basis:33.33%\"><div class=\"wp-block-image\">\n<figure class=\"aligncenter size-full\"><img loading=\"lazy\" decoding=\"async\" width=\"802\" height=\"601\" src=\"https:\/\/khublei-indienhilfe.de\/wp-content\/uploads\/Existenzsicherung-7-edited.jpeg\" alt=\"\" class=\"wp-image-1403\" srcset=\"https:\/\/khublei-indienhilfe.de\/wp-content\/uploads\/Existenzsicherung-7-edited.jpeg 802w, https:\/\/khublei-indienhilfe.de\/wp-content\/uploads\/Existenzsicherung-7-edited-300x225.jpeg 300w, https:\/\/khublei-indienhilfe.de\/wp-content\/uploads\/Existenzsicherung-7-edited-768x576.jpeg 768w\" sizes=\"auto, (max-width: 802px) 100vw, 802px\" \/><\/figure>\n<\/div><\/div>\n<\/div>\n\n\n\n<div class=\"wp-block-buttons has-custom-font-size is-horizontal is-content-justification-center is-layout-flex wp-container-core-buttons-is-layout-937ffba9 wp-block-buttons-is-layout-flex\" style=\"font-size:16px\">\n<div class=\"wp-block-button is-style-outline is-style-outline--1\"><a class=\"wp-block-button__link wp-element-button\" href=\"https:\/\/khublei-indienhilfe.de\/en\/projekte\/existenzsicherung\/anbau-von-blumenkulturen\/\">\u2190 Vorheriges<\/a><\/div>\n\n\n\n<div class=\"wp-block-button is-style-outline is-style-outline--2\"><a class=\"wp-block-button__link wp-element-button\" href=\"https:\/\/khublei-indienhilfe.de\/en\/projekte\/existenzsicherung\/\">\u2191 \u00dcbersicht<\/a><\/div>\n\n\n\n<div class=\"wp-block-button is-style-outline is-style-outline--3\"><a class=\"wp-block-button__link wp-element-button\" href=\"https:\/\/khublei-indienhilfe.de\/en\/projekte\/existenzsicherung\/reisanbau-fischzucht\/\">N\u00e4chstes \u2192<\/a><\/div>\n<\/div>","protected":false},"excerpt":{"rendered":"<p>Die Nachfrage nach Gartenbaupflanzen, insbesondere nach solchen, die Fr\u00fcchte und Bl\u00fcten tragen, steigt sowohl in st\u00e4dtischen als auch in l\u00e4ndlichen Gebieten Meghalayas. Eine starke Nachfrage nach Zier- und Bl\u00fctenpflanzen ist w\u00e4hrend der Festtage zu beobachten. In den meisten nord\u00f6stlichen Bundesstaaten haben sich daher Baumschulen in gro\u00dfem Umfang etabliert. Es besteht die dringende Notwendigkeit, Baumschulen im [&hellip;]<\/p>\n","protected":false},"author":3,"featured_media":0,"parent":1388,"menu_order":7,"comment_status":"closed","ping_status":"closed","template":"templates\/template-full-width.php","meta":{"footnotes":""},"class_list":["post-1429","page","type-page","status-publish","hentry"],"_links":{"self":[{"href":"https:\/\/khublei-indienhilfe.de\/en\/wp-json\/wp\/v2\/pages\/1429","targetHints":{"allow":["GET"]}}],"collection":[{"href":"https:\/\/khublei-indienhilfe.de\/en\/wp-json\/wp\/v2\/pages"}],"about":[{"href":"https:\/\/khublei-indienhilfe.de\/en\/wp-json\/wp\/v2\/types\/page"}],"author":[{"embeddable":true,"href":"https:\/\/khublei-indienhilfe.de\/en\/wp-json\/wp\/v2\/users\/3"}],"replies":[{"embeddable":true,"href":"https:\/\/khublei-indienhilfe.de\/en\/wp-json\/wp\/v2\/comments?post=1429"}],"version-history":[{"count":4,"href":"https:\/\/khublei-indienhilfe.de\/en\/wp-json\/wp\/v2\/pages\/1429\/revisions"}],"predecessor-version":[{"id":1610,"href":"https:\/\/khublei-indienhilfe.de\/en\/wp-json\/wp\/v2\/pages\/1429\/revisions\/1610"}],"up":[{"embeddable":true,"href":"https:\/\/khublei-indienhilfe.de\/en\/wp-json\/wp\/v2\/pages\/1388"}],"wp:attachment":[{"href":"https:\/\/khublei-indienhilfe.de\/en\/wp-json\/wp\/v2\/media?parent=1429"}],"curies":[{"name":"wp","href":"https:\/\/api.w.org\/{rel}","templated":true}]}}