{"id":1431,"date":"2023-02-12T15:19:36","date_gmt":"2023-02-12T14:19:36","guid":{"rendered":"https:\/\/khublei-indienhilfe.de\/?page_id=1431"},"modified":"2023-03-02T19:48:52","modified_gmt":"2023-03-02T18:48:52","slug":"reisanbau-fischzucht","status":"publish","type":"page","link":"https:\/\/khublei-indienhilfe.de\/en\/projekte\/existenzsicherung\/reisanbau-fischzucht\/","title":{"rendered":"Reisanbau &#038; Fischzucht"},"content":{"rendered":"<div class=\"wp-block-columns is-layout-flex wp-container-core-columns-is-layout-9d6595d7 wp-block-columns-is-layout-flex\">\n<div class=\"wp-block-column is-layout-flow wp-block-column-is-layout-flow\" style=\"flex-basis:66.66%\">\n<p><\/p>\n\n\n\n<p>\u201cPaddy Cum Fish Culture\u201d ist die Integration von Fischzucht und Reisanbau. Dieses System ist rentabel und nachhaltig, da auf einer Anbaufl\u00e4che zwei Kulturen, n\u00e4mlich Reis und Fisch, geerntet werden k\u00f6nnen. Die feuchten Terrassenreisfelder, auf denen ausreichend Oberfl\u00e4chen- und Grundwasser zur Verf\u00fcgung steht, k\u00f6nnen f\u00fcr die Entwicklung der Reis- und Fischzucht genutzt werden. Dieses Anbausystem wird in den letzten Jahren vor allem in den Bezirken der East- und West Khasi Hills praktiziert. Die Einf\u00fchrung der Reis- und Fischzucht wird Wege zur Selbstst\u00e4ndigkeit er\u00f6ffnen, das Einkommen der Landwirte aufbessern und die Fischproduktion im Bundesstaat steigern.<\/p>\n\n\n\n<p><strong>Ziel:<\/strong> Unterst\u00fctzung von Bed\u00fcrftigen zur Selbstversorgung (Selbsthilfe) und Steigerung der Ernteertr\u00e4ge und F\u00f6rderung der Einkommensbildung und der Selbstst\u00e4ndigkeit der Landwirte<br><strong>Dauer<\/strong>: 2 Tage<br><strong>Zielgruppe:<\/strong> Bauern<br><strong>Teilnehmer<\/strong>: 20 Personen<br><strong>Kosten: <\/strong>360 Euro (Schulung f\u00fcr 20 Personen in den R\u00e4umlichkeiten von JHDS in Jowai inkl. Fahrtkosten, Unterkunft und Verpflegung der Teilnehmer, Basismaterialien, erforderliches Schulungsmaterial, Schulungsger\u00e4te, Trainer; Kosten pro Teilnehmer: 17 Euro)<\/p>\n<\/div>\n\n\n\n<div class=\"wp-block-column is-layout-flow wp-block-column-is-layout-flow\" style=\"flex-basis:33.33%\"><div class=\"wp-block-image\">\n<figure class=\"aligncenter size-large\"><img loading=\"lazy\" decoding=\"async\" width=\"1024\" height=\"768\" src=\"https:\/\/khublei-indienhilfe.de\/wp-content\/uploads\/Existenzsicherung-8-1024x768.jpg\" alt=\"\" class=\"wp-image-1397\" srcset=\"https:\/\/khublei-indienhilfe.de\/wp-content\/uploads\/Existenzsicherung-8-1024x768.jpg 1024w, https:\/\/khublei-indienhilfe.de\/wp-content\/uploads\/Existenzsicherung-8-300x225.jpg 300w, https:\/\/khublei-indienhilfe.de\/wp-content\/uploads\/Existenzsicherung-8-768x576.jpg 768w, https:\/\/khublei-indienhilfe.de\/wp-content\/uploads\/Existenzsicherung-8-1200x900.jpg 1200w, https:\/\/khublei-indienhilfe.de\/wp-content\/uploads\/Existenzsicherung-8.jpg 1280w\" sizes=\"auto, (max-width: 1024px) 100vw, 1024px\" \/><\/figure>\n<\/div><\/div>\n<\/div>\n\n\n\n<div class=\"wp-block-buttons has-custom-font-size is-horizontal is-content-justification-center is-layout-flex wp-container-core-buttons-is-layout-937ffba9 wp-block-buttons-is-layout-flex\" style=\"font-size:16px\">\n<div class=\"wp-block-button is-style-outline is-style-outline--1\"><a class=\"wp-block-button__link wp-element-button\" href=\"https:\/\/khublei-indienhilfe.de\/en\/projekte\/existenzsicherung\/gartenbau-management\/\">\u2190 Vorheriges<\/a><\/div>\n\n\n\n<div class=\"wp-block-button is-style-outline is-style-outline--2\"><a class=\"wp-block-button__link wp-element-button\" href=\"https:\/\/khublei-indienhilfe.de\/en\/projekte\/existenzsicherung\/\">\u2191 \u00dcbersicht<\/a><\/div>\n\n\n\n<div class=\"wp-block-button is-style-outline is-style-outline--3\"><a class=\"wp-block-button__link wp-element-button\" href=\"https:\/\/khublei-indienhilfe.de\/en\/projekte\/existenzsicherung\/indigenes-schnellrestaurant\/\">N\u00e4chstes \u2192<\/a><\/div>\n<\/div>","protected":false},"excerpt":{"rendered":"<p>\u201cPaddy Cum Fish Culture\u201d ist die Integration von Fischzucht und Reisanbau. Dieses System ist rentabel und nachhaltig, da auf einer Anbaufl\u00e4che zwei Kulturen, n\u00e4mlich Reis und Fisch, geerntet werden k\u00f6nnen. Die feuchten Terrassenreisfelder, auf denen ausreichend Oberfl\u00e4chen- und Grundwasser zur Verf\u00fcgung steht, k\u00f6nnen f\u00fcr die Entwicklung der Reis- und Fischzucht genutzt werden. Dieses Anbausystem wird [&hellip;]<\/p>\n","protected":false},"author":2,"featured_media":0,"parent":1388,"menu_order":8,"comment_status":"closed","ping_status":"closed","template":"templates\/template-full-width.php","meta":{"footnotes":""},"class_list":["post-1431","page","type-page","status-publish","hentry"],"_links":{"self":[{"href":"https:\/\/khublei-indienhilfe.de\/en\/wp-json\/wp\/v2\/pages\/1431","targetHints":{"allow":["GET"]}}],"collection":[{"href":"https:\/\/khublei-indienhilfe.de\/en\/wp-json\/wp\/v2\/pages"}],"about":[{"href":"https:\/\/khublei-indienhilfe.de\/en\/wp-json\/wp\/v2\/types\/page"}],"author":[{"embeddable":true,"href":"https:\/\/khublei-indienhilfe.de\/en\/wp-json\/wp\/v2\/users\/2"}],"replies":[{"embeddable":true,"href":"https:\/\/khublei-indienhilfe.de\/en\/wp-json\/wp\/v2\/comments?post=1431"}],"version-history":[{"count":5,"href":"https:\/\/khublei-indienhilfe.de\/en\/wp-json\/wp\/v2\/pages\/1431\/revisions"}],"predecessor-version":[{"id":1612,"href":"https:\/\/khublei-indienhilfe.de\/en\/wp-json\/wp\/v2\/pages\/1431\/revisions\/1612"}],"up":[{"embeddable":true,"href":"https:\/\/khublei-indienhilfe.de\/en\/wp-json\/wp\/v2\/pages\/1388"}],"wp:attachment":[{"href":"https:\/\/khublei-indienhilfe.de\/en\/wp-json\/wp\/v2\/media?parent=1431"}],"curies":[{"name":"wp","href":"https:\/\/api.w.org\/{rel}","templated":true}]}}