{"id":1433,"date":"2023-02-12T15:20:07","date_gmt":"2023-02-12T14:20:07","guid":{"rendered":"https:\/\/khublei-indienhilfe.de\/?page_id=1433"},"modified":"2023-03-03T09:44:49","modified_gmt":"2023-03-03T08:44:49","slug":"indigenes-schnellrestaurant","status":"publish","type":"page","link":"https:\/\/khublei-indienhilfe.de\/en\/projekte\/existenzsicherung\/indigenes-schnellrestaurant\/","title":{"rendered":"F\u00fchren eines indigenen Schnellrestaurants"},"content":{"rendered":"<div class=\"wp-block-columns is-layout-flex wp-container-core-columns-is-layout-9d6595d7 wp-block-columns-is-layout-flex\">\n<div class=\"wp-block-column is-layout-flow wp-block-column-is-layout-flow\" style=\"flex-basis:66.66%\">\n<p><\/p>\n\n\n\n<p>In der heutigen Zeit gilt \u201cFast-Food\u201d als eines der beliebtesten Gesch\u00e4ftsfelder mit immensen M\u00f6glichkeiten. Das Schnellrestaurant mit einheimischem Essen bildet einen bequemen Service und eine kosteng\u00fcnstige Investition, die bei der breiten \u00d6ffentlichkeit sehr beliebt ist. Es handelt sich um ein Angebot, das leicht zubereitet und schnell serviert werden kann und vor allem in St\u00e4dten und touristischen Zentren hohe Gewinne abwirft. Aufgrund des guten Geschmacks und der relativ geringen Investitionen ist schnelles heimisches Essen aufgrund der steigenden Nachfrage von Menschen zu einem wichtigen Segment der Lebensmittelindustrie geworden. Da es sich um ein rentables Gesch\u00e4ft handelt, amortisiert sich der investierte Betrag in k\u00fcrzester Zeit. Somit wird die F\u00f6rderung dieser T\u00e4tigkeit Besch\u00e4ftigungsm\u00f6glichkeiten f\u00fcr junge Erwachsene schaffen, insbesondere f\u00fcr diejenigen, die wenig finanzielle Unterst\u00fctzung haben.<\/p>\n\n\n\n<p><strong>Ziel:<\/strong> Unterst\u00fctzung von Bed\u00fcrftigen zur Selbstversorgung (Selbsthilfe) und Schaffung von Besch\u00e4ftigungsm\u00f6glichkeiten f\u00fcr Jugendliche im Distrikt<br><strong>Dauer<\/strong>: 2 Tage<br><strong>Zielgruppe:<\/strong> Jugendliche<br><strong>Teilnehmer<\/strong>: 20 Personen<br><strong>Kosten: <\/strong>360 Euro (Schulung f\u00fcr 20 Personen in den R\u00e4umlichkeiten von JHDS in Jowai inkl. Fahrtkosten, Unterkunft und Verpflegung der Teilnehmer, Basismaterialien, erforderliches Schulungsmaterial, Schulungsger\u00e4te, Trainer; Kosten pro Teilnehmer: 17 Euro)<\/p>\n<\/div>\n\n\n\n<div class=\"wp-block-column is-layout-flow wp-block-column-is-layout-flow\" style=\"flex-basis:33.33%\"><div class=\"wp-block-image\">\n<figure class=\"aligncenter size-large\"><img loading=\"lazy\" decoding=\"async\" width=\"1024\" height=\"768\" src=\"https:\/\/khublei-indienhilfe.de\/wp-content\/uploads\/Existenzsicherung-9-3-edited-1024x768.jpg\" alt=\"\" class=\"wp-image-1490\" srcset=\"https:\/\/khublei-indienhilfe.de\/wp-content\/uploads\/Existenzsicherung-9-3-edited-1024x768.jpg 1024w, https:\/\/khublei-indienhilfe.de\/wp-content\/uploads\/Existenzsicherung-9-3-edited-300x225.jpg 300w, https:\/\/khublei-indienhilfe.de\/wp-content\/uploads\/Existenzsicherung-9-3-edited-768x576.jpg 768w, https:\/\/khublei-indienhilfe.de\/wp-content\/uploads\/Existenzsicherung-9-3-edited-1536x1152.jpg 1536w, https:\/\/khublei-indienhilfe.de\/wp-content\/uploads\/Existenzsicherung-9-3-edited-2048x1536.jpg 2048w, https:\/\/khublei-indienhilfe.de\/wp-content\/uploads\/Existenzsicherung-9-3-edited-1200x900.jpg 1200w, https:\/\/khublei-indienhilfe.de\/wp-content\/uploads\/Existenzsicherung-9-3-edited-1980x1485.jpg 1980w\" sizes=\"auto, (max-width: 1024px) 100vw, 1024px\" \/><\/figure>\n<\/div><\/div>\n<\/div>\n\n\n\n<div class=\"wp-block-buttons has-custom-font-size is-horizontal is-content-justification-center is-layout-flex wp-container-core-buttons-is-layout-937ffba9 wp-block-buttons-is-layout-flex\" style=\"font-size:16px\">\n<div class=\"wp-block-button is-style-outline is-style-outline--1\"><a class=\"wp-block-button__link wp-element-button\" href=\"https:\/\/khublei-indienhilfe.de\/en\/projekte\/existenzsicherung\/reisanbau-fischzucht\/\">\u2190 Vorheriges<\/a><\/div>\n\n\n\n<div class=\"wp-block-button is-style-outline is-style-outline--2\"><a class=\"wp-block-button__link wp-element-button\" href=\"https:\/\/khublei-indienhilfe.de\/en\/projekte\/existenzsicherung\/\">\u2191 \u00dcbersicht<\/a><\/div>\n\n\n\n<div class=\"wp-block-button is-style-outline is-style-outline--3\"><a class=\"wp-block-button__link wp-element-button\" href=\"https:\/\/khublei-indienhilfe.de\/en\/projekte\/existenzsicherung\/gefluegelaufzucht\/\">N\u00e4chstes \u2192<\/a><\/div>\n<\/div>","protected":false},"excerpt":{"rendered":"<p>In der heutigen Zeit gilt \u201cFast-Food\u201d als eines der beliebtesten Gesch\u00e4ftsfelder mit immensen M\u00f6glichkeiten. Das Schnellrestaurant mit einheimischem Essen bildet einen bequemen Service und eine kosteng\u00fcnstige Investition, die bei der breiten \u00d6ffentlichkeit sehr beliebt ist. Es handelt sich um ein Angebot, das leicht zubereitet und schnell serviert werden kann und vor allem in St\u00e4dten und [&hellip;]<\/p>\n","protected":false},"author":2,"featured_media":0,"parent":1388,"menu_order":9,"comment_status":"closed","ping_status":"closed","template":"templates\/template-full-width.php","meta":{"footnotes":""},"class_list":["post-1433","page","type-page","status-publish","hentry"],"_links":{"self":[{"href":"https:\/\/khublei-indienhilfe.de\/en\/wp-json\/wp\/v2\/pages\/1433","targetHints":{"allow":["GET"]}}],"collection":[{"href":"https:\/\/khublei-indienhilfe.de\/en\/wp-json\/wp\/v2\/pages"}],"about":[{"href":"https:\/\/khublei-indienhilfe.de\/en\/wp-json\/wp\/v2\/types\/page"}],"author":[{"embeddable":true,"href":"https:\/\/khublei-indienhilfe.de\/en\/wp-json\/wp\/v2\/users\/2"}],"replies":[{"embeddable":true,"href":"https:\/\/khublei-indienhilfe.de\/en\/wp-json\/wp\/v2\/comments?post=1433"}],"version-history":[{"count":6,"href":"https:\/\/khublei-indienhilfe.de\/en\/wp-json\/wp\/v2\/pages\/1433\/revisions"}],"predecessor-version":[{"id":1673,"href":"https:\/\/khublei-indienhilfe.de\/en\/wp-json\/wp\/v2\/pages\/1433\/revisions\/1673"}],"up":[{"embeddable":true,"href":"https:\/\/khublei-indienhilfe.de\/en\/wp-json\/wp\/v2\/pages\/1388"}],"wp:attachment":[{"href":"https:\/\/khublei-indienhilfe.de\/en\/wp-json\/wp\/v2\/media?parent=1433"}],"curies":[{"name":"wp","href":"https:\/\/api.w.org\/{rel}","templated":true}]}}