{"id":144,"date":"2021-09-27T17:07:15","date_gmt":"2021-09-27T15:07:15","guid":{"rendered":"http:\/\/khublei-indienhilfe-test.de\/?page_id=144"},"modified":"2023-05-03T14:33:23","modified_gmt":"2023-05-03T12:33:23","slug":"projekte","status":"publish","type":"page","link":"https:\/\/khublei-indienhilfe.de\/en\/projekte\/","title":{"rendered":"Projekte"},"content":{"rendered":"<div class=\"wp-block-columns alignwide is-layout-flex wp-container-core-columns-is-layout-9d6595d7 wp-block-columns-is-layout-flex\">\n<div class=\"wp-block-column is-layout-flow wp-block-column-is-layout-flow\" style=\"flex-basis:66.66%\">\n<p><strong>Unser Verein engagiert sich f\u00fcr notleidende Menschen in Nordost-Indien auf Basis der N\u00e4chstenliebe und Solidarit\u00e4t und hilft Bed\u00fcrftigen, unabh\u00e4ngig von Herkunft, Alter, Geschlecht und Religion. Mit Ihrer Unterst\u00fctzung finanzieren wir Projekte und Patenschaften vor Ort und geben Hilfe zur Selbsthilfe.<\/strong><\/p>\n\n\n\n<h2 class=\"wp-block-heading\">Was k\u00f6nnen Sie tun?<\/h2>\n\n\n\n<p>Mit einer&nbsp;<a href=\"https:\/\/khublei-indienhilfe.de\/en\/projekte\/patenschaften\/\">Patenschaft<\/a>&nbsp;erm\u00f6glichen Sie Kindern die Schulbildung. Nur eine Patenschaft erlaubt ihnen eine durchg\u00e4ngige Schulbildung von Klasse 1 bis 12<\/p>\n\n\n\n<p><br>Unsere <a href=\"https:\/\/khublei-indienhilfe.de\/en\/projekte\/existenzsicherung\/\" data-type=\"URL\" data-id=\"https:\/\/khublei-indienhilfe.de\/projekte\/existenzsicherung\/\">Projekte zur Existenzsicherung <\/a>sollen sehr bed\u00fcrftigen Menschen helfen, eine eigenst\u00e4ndige T\u00e4tigkeit aufzunehmen und sich damit eine eigene Einnahmequelle aufzubauen. So k\u00f6nnen sie auf eigenen F\u00fc\u00dfen stehen und sind nicht mehr zwingend auf andere angewiesen, was ihre Ern\u00e4hrung und andere Grundbed\u00fcrfnisse betrifft.<\/p>\n\n\n\n<p><br>Einmalige oder regelm\u00e4\u00dfige\u00a0<a href=\"https:\/\/khublei-indienhilfe.de\/en\/jetzt-helfen\/\" data-type=\"URL\" data-id=\"https:\/\/khublei-indienhilfe.de\/jetzt-helfen\/\">Spenden<\/a>\u00a0versetzen uns in die Lage neben den Patenschaften Einzelne und Gruppen in ihrer sozialen Entwicklung zu unterst\u00fctzen und einen Beitrag zum Bau und Unterhalt von (Schul-) Geb\u00e4uden zu leisten.<\/p>\n\n\n\n<p><br>Mit Ihrer&nbsp;<a href=\"https:\/\/khublei-indienhilfe.de\/wp-content\/uploads\/Formular_Pate-Spender-Mitglied.pdf\" data-type=\"URL\" data-id=\"https:\/\/khublei-indienhilfe.de\/wp-content\/uploads\/Formular_Pate-Spender-Mitglied.pdf\">Mitgliedschaft<\/a>&nbsp;unterst\u00fctzen Sie uns regelm\u00e4\u00dfig. Die Mitgliedsbeitr\u00e4ge bilden die Basis unserer Vereinsaktivit\u00e4ten.<\/p>\n<\/div>\n\n\n\n<div class=\"wp-block-column is-vertically-aligned-top is-layout-flow wp-block-column-is-layout-flow\" style=\"flex-basis:33.33%\">\n<figure class=\"wp-block-image is-resized\"><img loading=\"lazy\" decoding=\"async\" src=\"http:\/\/khublei-indienhilfe-test.de\/wp-content\/uploads\/Clip_Projekte_und_Patenschaften.png\" alt=\"\" class=\"wp-image-455\" width=\"281\" height=\"593\" srcset=\"https:\/\/khublei-indienhilfe.de\/wp-content\/uploads\/Clip_Projekte_und_Patenschaften.png 374w, https:\/\/khublei-indienhilfe.de\/wp-content\/uploads\/Clip_Projekte_und_Patenschaften-142x300.png 142w\" sizes=\"auto, (max-width: 281px) 100vw, 281px\" \/><figcaption class=\"wp-element-caption\"><a href=\"https:\/\/khublei-indienhilfe.de\/wp-content\/uploads\/2021\/12\/Khublei_Flyer-1.pdf\" target=\"_blank\" rel=\"noreferrer noopener\">Flyer Projekte &amp; Patenschaften<br>Download (pdf, 3 MB)<\/a><\/figcaption><\/figure>\n<\/div>\n<\/div>\n\n\n\n<p><\/p>","protected":false},"excerpt":{"rendered":"<p>Unser Verein engagiert sich f\u00fcr notleidende Menschen in Nordost-Indien auf Basis der N\u00e4chstenliebe und Solidarit\u00e4t und hilft Bed\u00fcrftigen, unabh\u00e4ngig von Herkunft, Alter, Geschlecht und Religion. Mit Ihrer Unterst\u00fctzung finanzieren wir Projekte und Patenschaften vor Ort und geben Hilfe zur Selbsthilfe. Was k\u00f6nnen Sie tun? Mit einer&nbsp;Patenschaft&nbsp;erm\u00f6glichen Sie Kindern die Schulbildung. Nur eine Patenschaft erlaubt ihnen [&hellip;]<\/p>\n","protected":false},"author":1,"featured_media":0,"parent":0,"menu_order":2,"comment_status":"closed","ping_status":"closed","template":"","meta":{"footnotes":""},"class_list":["post-144","page","type-page","status-publish","hentry"],"_links":{"self":[{"href":"https:\/\/khublei-indienhilfe.de\/en\/wp-json\/wp\/v2\/pages\/144","targetHints":{"allow":["GET"]}}],"collection":[{"href":"https:\/\/khublei-indienhilfe.de\/en\/wp-json\/wp\/v2\/pages"}],"about":[{"href":"https:\/\/khublei-indienhilfe.de\/en\/wp-json\/wp\/v2\/types\/page"}],"author":[{"embeddable":true,"href":"https:\/\/khublei-indienhilfe.de\/en\/wp-json\/wp\/v2\/users\/1"}],"replies":[{"embeddable":true,"href":"https:\/\/khublei-indienhilfe.de\/en\/wp-json\/wp\/v2\/comments?post=144"}],"version-history":[{"count":13,"href":"https:\/\/khublei-indienhilfe.de\/en\/wp-json\/wp\/v2\/pages\/144\/revisions"}],"predecessor-version":[{"id":1720,"href":"https:\/\/khublei-indienhilfe.de\/en\/wp-json\/wp\/v2\/pages\/144\/revisions\/1720"}],"wp:attachment":[{"href":"https:\/\/khublei-indienhilfe.de\/en\/wp-json\/wp\/v2\/media?parent=144"}],"curies":[{"name":"wp","href":"https:\/\/api.w.org\/{rel}","templated":true}]}}