{"id":1451,"date":"2023-02-24T15:19:39","date_gmt":"2023-02-24T14:19:39","guid":{"rendered":"https:\/\/khublei-indienhilfe.de\/?page_id=1451"},"modified":"2023-03-03T09:45:28","modified_gmt":"2023-03-03T08:45:28","slug":"gefluegelaufzucht","status":"publish","type":"page","link":"https:\/\/khublei-indienhilfe.de\/en\/projekte\/existenzsicherung\/gefluegelaufzucht\/","title":{"rendered":"Gefl\u00fcgelaufzucht"},"content":{"rendered":"<div class=\"wp-block-columns is-layout-flex wp-container-core-columns-is-layout-9d6595d7 wp-block-columns-is-layout-flex\">\n<div class=\"wp-block-column is-layout-flow wp-block-column-is-layout-flow\" style=\"flex-basis:66.66%\">\n<p><\/p>\n\n\n\n<p>Diese T\u00e4tigkeit erfordert relativ wenig Startkapital im Vergleich zur Aufzucht von anderem Vieh. Das bedeutet, dass Kleinbauern und sogar Landarbeiter im Kleinen mit der Farmarbeit beginnen k\u00f6nnen. W\u00e4hrend die H\u00fchner in 8 bis 10 Wochen beginnen, Eier zu legen, k\u00f6nnen sie nach 6 Wochen verkauft werden, wenn sie auf ein Gewicht von 1,25 kg angewachsen sind. Die Investition macht sich schnell bezahlt. Der Abstand zwischen den Generationen ist sehr gering, so dass die Produktion innerhalb kurzer Zeit gut gesteigert werden kann.<\/p>\n\n\n\n<figure class=\"wp-block-table custom-project-table\"><table><tbody><tr><td><strong>Ziel<\/strong><\/td><td>&#8211; Schulung in der Aufzucht von Gefl\u00fcgel und F\u00fchrung von Kleinbetrieben<br>&#8211; Bau eines Gefl\u00fcgelstalls<br>&#8211; Beschaffung von Futtermitteln<br>&#8211; Beschaffung von 100 K\u00fcken<\/td><\/tr><tr><td><strong>Kosten<\/strong><\/td><td>170 EUR\/Familie<\/td><\/tr><\/tbody><\/table><\/figure>\n<\/div>\n\n\n\n<div class=\"wp-block-column is-layout-flow wp-block-column-is-layout-flow\" style=\"flex-basis:33.33%\"><div class=\"wp-block-image\">\n<figure class=\"aligncenter size-large\"><img loading=\"lazy\" decoding=\"async\" width=\"1024\" height=\"768\" src=\"https:\/\/khublei-indienhilfe.de\/wp-content\/uploads\/Gefluegelaufzucht-4-1024x768.jpg\" alt=\"\" class=\"wp-image-1462\" srcset=\"https:\/\/khublei-indienhilfe.de\/wp-content\/uploads\/Gefluegelaufzucht-4-1024x768.jpg 1024w, https:\/\/khublei-indienhilfe.de\/wp-content\/uploads\/Gefluegelaufzucht-4-300x225.jpg 300w, https:\/\/khublei-indienhilfe.de\/wp-content\/uploads\/Gefluegelaufzucht-4-768x576.jpg 768w, https:\/\/khublei-indienhilfe.de\/wp-content\/uploads\/Gefluegelaufzucht-4-1200x900.jpg 1200w, https:\/\/khublei-indienhilfe.de\/wp-content\/uploads\/Gefluegelaufzucht-4.jpg 1280w\" sizes=\"auto, (max-width: 1024px) 100vw, 1024px\" \/><\/figure>\n<\/div><\/div>\n<\/div>\n\n\n\n<div class=\"wp-block-buttons has-custom-font-size is-horizontal is-content-justification-center is-layout-flex wp-container-core-buttons-is-layout-937ffba9 wp-block-buttons-is-layout-flex\" style=\"font-size:16px\">\n<div class=\"wp-block-button is-style-outline is-style-outline--1\"><a class=\"wp-block-button__link wp-element-button\" href=\"https:\/\/khublei-indienhilfe.de\/en\/projekte\/existenzsicherung\/indigenes-schnellrestaurant\/\">\u2190 Vorheriges<\/a><\/div>\n\n\n\n<div class=\"wp-block-button is-style-outline is-style-outline--2\"><a class=\"wp-block-button__link wp-element-button\" href=\"https:\/\/khublei-indienhilfe.de\/en\/projekte\/existenzsicherung\/\">\u2191 \u00dcbersicht<\/a><\/div>\n\n\n\n<div class=\"wp-block-button is-style-outline is-style-outline--3\"><a class=\"wp-block-button__link wp-element-button\" href=\"https:\/\/khublei-indienhilfe.de\/en\/projekte\/existenzsicherung\/schweineaufzucht\/\">N\u00e4chstes \u2192<\/a><\/div>\n<\/div>","protected":false},"excerpt":{"rendered":"<p>Diese T\u00e4tigkeit erfordert relativ wenig Startkapital im Vergleich zur Aufzucht von anderem Vieh. Das bedeutet, dass Kleinbauern und sogar Landarbeiter im Kleinen mit der Farmarbeit beginnen k\u00f6nnen. W\u00e4hrend die H\u00fchner in 8 bis 10 Wochen beginnen, Eier zu legen, k\u00f6nnen sie nach 6 Wochen verkauft werden, wenn sie auf ein Gewicht von 1,25 kg angewachsen [&hellip;]<\/p>\n","protected":false},"author":2,"featured_media":0,"parent":1388,"menu_order":10,"comment_status":"closed","ping_status":"closed","template":"templates\/template-full-width.php","meta":{"footnotes":""},"class_list":["post-1451","page","type-page","status-publish","hentry"],"_links":{"self":[{"href":"https:\/\/khublei-indienhilfe.de\/en\/wp-json\/wp\/v2\/pages\/1451","targetHints":{"allow":["GET"]}}],"collection":[{"href":"https:\/\/khublei-indienhilfe.de\/en\/wp-json\/wp\/v2\/pages"}],"about":[{"href":"https:\/\/khublei-indienhilfe.de\/en\/wp-json\/wp\/v2\/types\/page"}],"author":[{"embeddable":true,"href":"https:\/\/khublei-indienhilfe.de\/en\/wp-json\/wp\/v2\/users\/2"}],"replies":[{"embeddable":true,"href":"https:\/\/khublei-indienhilfe.de\/en\/wp-json\/wp\/v2\/comments?post=1451"}],"version-history":[{"count":12,"href":"https:\/\/khublei-indienhilfe.de\/en\/wp-json\/wp\/v2\/pages\/1451\/revisions"}],"predecessor-version":[{"id":1674,"href":"https:\/\/khublei-indienhilfe.de\/en\/wp-json\/wp\/v2\/pages\/1451\/revisions\/1674"}],"up":[{"embeddable":true,"href":"https:\/\/khublei-indienhilfe.de\/en\/wp-json\/wp\/v2\/pages\/1388"}],"wp:attachment":[{"href":"https:\/\/khublei-indienhilfe.de\/en\/wp-json\/wp\/v2\/media?parent=1451"}],"curies":[{"name":"wp","href":"https:\/\/api.w.org\/{rel}","templated":true}]}}