{"id":1453,"date":"2023-02-24T15:20:53","date_gmt":"2023-02-24T14:20:53","guid":{"rendered":"https:\/\/khublei-indienhilfe.de\/?page_id=1453"},"modified":"2023-03-03T09:46:34","modified_gmt":"2023-03-03T08:46:34","slug":"schweineaufzucht","status":"publish","type":"page","link":"https:\/\/khublei-indienhilfe.de\/en\/projekte\/existenzsicherung\/schweineaufzucht\/","title":{"rendered":"Schweineaufzucht"},"content":{"rendered":"<div class=\"wp-block-columns is-layout-flex wp-container-core-columns-is-layout-9d6595d7 wp-block-columns-is-layout-flex\">\n<div class=\"wp-block-column is-layout-flow wp-block-column-is-layout-flow\" style=\"flex-basis:66.66%\">\n<p><\/p>\n\n\n\n<p>Die F\u00f6rderung der Schweinefleischproduktion ist der ideale Weg, der steigenden Nachfrage nach Schweinefleisch auf den M\u00e4rkten nachzukommen. Gleichzeitig bietet sie Armen und Marginalisierten<br>eine Existenzgrundlage oder ein Zusatzeinkommen. Die Schweinezucht erfordert wenig Platz und ein relativ geringes Anfangskapital pro St\u00fcck Vieh. Die leichte Verf\u00fcgbarkeit von Ferkeln, Tierfutter und Medikamenten auf dem Markt macht sie zu einer lebensf\u00e4higen Wirtschaftst\u00e4tigkeit.<\/p>\n\n\n\n<figure class=\"wp-block-table custom-project-table\"><table><tbody><tr><td><strong>Ziel<\/strong><\/td><td>&#8211; Schulung in der Aufzucht von Schweinen und F\u00fchrung von Kleinbetrieben<br>&#8211; Bau eines Schweinestalls<br>&#8211; Beschaffung von Futtermitteln<br>&#8211; Beschaffung von 2 Ferkeln<\/td><\/tr><tr><td><strong>Kosten<\/strong><\/td><td>136 EUR\/Familie<\/td><\/tr><\/tbody><\/table><\/figure>\n<\/div>\n\n\n\n<div class=\"wp-block-column is-layout-flow wp-block-column-is-layout-flow\" style=\"flex-basis:33.33%\"><div class=\"wp-block-image\">\n<figure class=\"aligncenter size-large\"><img loading=\"lazy\" decoding=\"async\" width=\"1024\" height=\"683\" src=\"https:\/\/khublei-indienhilfe.de\/wp-content\/uploads\/Schweineaufzucht-5-1024x683.jpg\" alt=\"\" class=\"wp-image-1475\" srcset=\"https:\/\/khublei-indienhilfe.de\/wp-content\/uploads\/Schweineaufzucht-5-1024x683.jpg 1024w, https:\/\/khublei-indienhilfe.de\/wp-content\/uploads\/Schweineaufzucht-5-300x200.jpg 300w, https:\/\/khublei-indienhilfe.de\/wp-content\/uploads\/Schweineaufzucht-5-768x512.jpg 768w, https:\/\/khublei-indienhilfe.de\/wp-content\/uploads\/Schweineaufzucht-5-1200x800.jpg 1200w, https:\/\/khublei-indienhilfe.de\/wp-content\/uploads\/Schweineaufzucht-5.jpg 1500w\" sizes=\"auto, (max-width: 1024px) 100vw, 1024px\" \/><\/figure>\n<\/div><\/div>\n<\/div>\n\n\n\n<div class=\"wp-block-buttons has-custom-font-size is-horizontal is-content-justification-center is-layout-flex wp-container-core-buttons-is-layout-937ffba9 wp-block-buttons-is-layout-flex\" style=\"font-size:16px\">\n<div class=\"wp-block-button is-style-outline is-style-outline--1\"><a class=\"wp-block-button__link wp-element-button\" href=\"https:\/\/khublei-indienhilfe.de\/en\/projekte\/existenzsicherung\/gefluegelaufzucht\/\">\u2190 Vorheriges<\/a><\/div>\n\n\n\n<div class=\"wp-block-button is-style-outline is-style-outline--2\"><a class=\"wp-block-button__link wp-element-button\" href=\"https:\/\/khublei-indienhilfe.de\/en\/projekte\/existenzsicherung\/\">\u2191 \u00dcbersicht<\/a><\/div>\n\n\n\n<div class=\"wp-block-button is-style-outline is-style-outline--3\"><a class=\"wp-block-button__link wp-element-button\" href=\"https:\/\/khublei-indienhilfe.de\/en\/projekte\/existenzsicherung\/bienenkorb\/\">N\u00e4chstes \u2192<\/a><\/div>\n<\/div>","protected":false},"excerpt":{"rendered":"<p>Die F\u00f6rderung der Schweinefleischproduktion ist der ideale Weg, der steigenden Nachfrage nach Schweinefleisch auf den M\u00e4rkten nachzukommen. Gleichzeitig bietet sie Armen und Marginalisierteneine Existenzgrundlage oder ein Zusatzeinkommen. Die Schweinezucht erfordert wenig Platz und ein relativ geringes Anfangskapital pro St\u00fcck Vieh. Die leichte Verf\u00fcgbarkeit von Ferkeln, Tierfutter und Medikamenten auf dem Markt macht sie zu einer [&hellip;]<\/p>\n","protected":false},"author":2,"featured_media":0,"parent":1388,"menu_order":11,"comment_status":"closed","ping_status":"closed","template":"templates\/template-full-width.php","meta":{"footnotes":""},"class_list":["post-1453","page","type-page","status-publish","hentry"],"_links":{"self":[{"href":"https:\/\/khublei-indienhilfe.de\/en\/wp-json\/wp\/v2\/pages\/1453","targetHints":{"allow":["GET"]}}],"collection":[{"href":"https:\/\/khublei-indienhilfe.de\/en\/wp-json\/wp\/v2\/pages"}],"about":[{"href":"https:\/\/khublei-indienhilfe.de\/en\/wp-json\/wp\/v2\/types\/page"}],"author":[{"embeddable":true,"href":"https:\/\/khublei-indienhilfe.de\/en\/wp-json\/wp\/v2\/users\/2"}],"replies":[{"embeddable":true,"href":"https:\/\/khublei-indienhilfe.de\/en\/wp-json\/wp\/v2\/comments?post=1453"}],"version-history":[{"count":5,"href":"https:\/\/khublei-indienhilfe.de\/en\/wp-json\/wp\/v2\/pages\/1453\/revisions"}],"predecessor-version":[{"id":1676,"href":"https:\/\/khublei-indienhilfe.de\/en\/wp-json\/wp\/v2\/pages\/1453\/revisions\/1676"}],"up":[{"embeddable":true,"href":"https:\/\/khublei-indienhilfe.de\/en\/wp-json\/wp\/v2\/pages\/1388"}],"wp:attachment":[{"href":"https:\/\/khublei-indienhilfe.de\/en\/wp-json\/wp\/v2\/media?parent=1453"}],"curies":[{"name":"wp","href":"https:\/\/api.w.org\/{rel}","templated":true}]}}