{"id":1459,"date":"2023-02-24T15:21:48","date_gmt":"2023-02-24T14:21:48","guid":{"rendered":"https:\/\/khublei-indienhilfe.de\/?page_id=1459"},"modified":"2026-01-06T12:29:14","modified_gmt":"2026-01-06T11:29:14","slug":"agrarprodukte-verarbeitung","status":"publish","type":"page","link":"https:\/\/khublei-indienhilfe.de\/en\/projekte\/existenzsicherung\/agrarprodukte-verarbeitung\/","title":{"rendered":"Agrarprodukte-Verarbeitung"},"content":{"rendered":"<div class=\"wp-block-columns is-layout-flex wp-container-core-columns-is-layout-9d6595d7 wp-block-columns-is-layout-flex\">\n<div class=\"wp-block-column is-layout-flow wp-block-column-is-layout-flow\" style=\"flex-basis:66.66%\">\n<p><\/p>\n\n\n\n<p>Wegen des Mangels an Verarbeitungsger\u00e4ten besteht eine hohe Nachfrage nach Agrarprodukten. Die Verarbeitung von Agrarnahrungsmitteln wie Ingwer, Kurkuma, Tomaten, Fr\u00fcchten usw. und deren Verkauf wird nicht nur das Einkommen der Bauern erh\u00f6hen, sondern auch neue Besch\u00e4ftigungsm\u00f6glichkeiten schaffen.<\/p>\n\n\n\n<figure class=\"wp-block-table custom-project-table\"><table><tbody><tr><td><strong>Ziel<\/strong><\/td><td>&#8211; Einweisung in die Ger\u00e4te<br>&#8211; Beschaffung der erforderlichen Ger\u00e4te wie M\u00fchlen, Siebe, Mahlwerke, etc.<br>&#8211; Marktzugang aufbauen<\/td><\/tr><tr><td><strong>Kosten<\/strong><\/td><td>570 EUR\/Selbsthilfegruppe (10 bis 15 Frauen)<\/td><\/tr><\/tbody><\/table><\/figure>\n<\/div>\n\n\n\n<div class=\"wp-block-column is-layout-flow wp-block-column-is-layout-flow\" style=\"flex-basis:33.33%\"><div class=\"wp-block-image\">\n<figure class=\"aligncenter size-large\"><img loading=\"lazy\" decoding=\"async\" width=\"1024\" height=\"768\" src=\"https:\/\/khublei-indienhilfe.de\/wp-content\/uploads\/Agrarprodukte-Verarbeitung-2-1024x768.jpg\" alt=\"\" class=\"wp-image-1480\" srcset=\"https:\/\/khublei-indienhilfe.de\/wp-content\/uploads\/Agrarprodukte-Verarbeitung-2-1024x768.jpg 1024w, https:\/\/khublei-indienhilfe.de\/wp-content\/uploads\/Agrarprodukte-Verarbeitung-2-300x225.jpg 300w, https:\/\/khublei-indienhilfe.de\/wp-content\/uploads\/Agrarprodukte-Verarbeitung-2-768x576.jpg 768w, https:\/\/khublei-indienhilfe.de\/wp-content\/uploads\/Agrarprodukte-Verarbeitung-2-1536x1152.jpg 1536w, https:\/\/khublei-indienhilfe.de\/wp-content\/uploads\/Agrarprodukte-Verarbeitung-2-2048x1536.jpg 2048w, https:\/\/khublei-indienhilfe.de\/wp-content\/uploads\/Agrarprodukte-Verarbeitung-2-1200x900.jpg 1200w, https:\/\/khublei-indienhilfe.de\/wp-content\/uploads\/Agrarprodukte-Verarbeitung-2-1980x1485.jpg 1980w\" sizes=\"auto, (max-width: 1024px) 100vw, 1024px\" \/><\/figure>\n<\/div><\/div>\n<\/div>\n\n\n\n<div class=\"wp-block-buttons has-custom-font-size is-horizontal is-content-justification-center is-layout-flex wp-container-core-buttons-is-layout-937ffba9 wp-block-buttons-is-layout-flex\" style=\"font-size:16px\">\n<div class=\"wp-block-button is-style-outline is-style-outline--1\"><a class=\"wp-block-button__link wp-element-button\" href=\"https:\/\/khublei-indienhilfe.de\/en\/projekte\/existenzsicherung\/pilzanbau\/\">\u2190 Vorheriges<\/a><\/div>\n\n\n\n<div class=\"wp-block-button is-style-outline is-style-outline--2\"><a class=\"wp-block-button__link wp-element-button\" href=\"https:\/\/khublei-indienhilfe.de\/en\/projekte\/existenzsicherung\/\">\u2191 \u00dcbersicht<\/a><\/div>\n\n\n\n<div class=\"wp-block-button is-style-outline is-style-outline--3\"><a class=\"wp-block-button__link has-secondary-color has-text-color wp-element-button\">N\u00e4chstes \u2192<\/a><\/div>\n<\/div>","protected":false},"excerpt":{"rendered":"<p>Wegen des Mangels an Verarbeitungsger\u00e4ten besteht eine hohe Nachfrage nach Agrarprodukten. Die Verarbeitung von Agrarnahrungsmitteln wie Ingwer, Kurkuma, Tomaten, Fr\u00fcchten usw. und deren Verkauf wird nicht nur das Einkommen der Bauern erh\u00f6hen, sondern auch neue Besch\u00e4ftigungsm\u00f6glichkeiten schaffen. Ziel &#8211; Einweisung in die Ger\u00e4te&#8211; Beschaffung der erforderlichen Ger\u00e4te wie M\u00fchlen, Siebe, Mahlwerke, etc.&#8211; Marktzugang aufbauen Kosten [&hellip;]<\/p>\n","protected":false},"author":2,"featured_media":0,"parent":1388,"menu_order":15,"comment_status":"closed","ping_status":"closed","template":"templates\/template-full-width.php","meta":{"footnotes":""},"class_list":["post-1459","page","type-page","status-publish","hentry"],"_links":{"self":[{"href":"https:\/\/khublei-indienhilfe.de\/en\/wp-json\/wp\/v2\/pages\/1459","targetHints":{"allow":["GET"]}}],"collection":[{"href":"https:\/\/khublei-indienhilfe.de\/en\/wp-json\/wp\/v2\/pages"}],"about":[{"href":"https:\/\/khublei-indienhilfe.de\/en\/wp-json\/wp\/v2\/types\/page"}],"author":[{"embeddable":true,"href":"https:\/\/khublei-indienhilfe.de\/en\/wp-json\/wp\/v2\/users\/2"}],"replies":[{"embeddable":true,"href":"https:\/\/khublei-indienhilfe.de\/en\/wp-json\/wp\/v2\/comments?post=1459"}],"version-history":[{"count":6,"href":"https:\/\/khublei-indienhilfe.de\/en\/wp-json\/wp\/v2\/pages\/1459\/revisions"}],"predecessor-version":[{"id":2834,"href":"https:\/\/khublei-indienhilfe.de\/en\/wp-json\/wp\/v2\/pages\/1459\/revisions\/2834"}],"up":[{"embeddable":true,"href":"https:\/\/khublei-indienhilfe.de\/en\/wp-json\/wp\/v2\/pages\/1388"}],"wp:attachment":[{"href":"https:\/\/khublei-indienhilfe.de\/en\/wp-json\/wp\/v2\/media?parent=1459"}],"curies":[{"name":"wp","href":"https:\/\/api.w.org\/{rel}","templated":true}]}}