{"id":15,"date":"2021-08-30T10:18:58","date_gmt":"2021-08-30T08:18:58","guid":{"rendered":"http:\/\/khublei-indienhilfe-test.de\/?page_id=15"},"modified":"2023-03-02T19:57:59","modified_gmt":"2023-03-02T18:57:59","slug":"jetzt-helfen","status":"publish","type":"page","link":"https:\/\/khublei-indienhilfe.de\/en\/jetzt-helfen\/","title":{"rendered":"Jetzt helfen"},"content":{"rendered":"<h3 class=\"wp-block-heading\">Werden Sie Pate<\/h3>\n\n\n\n<p>Werden Sie Pate\/Patin f\u00fcr ein pers\u00f6nliches Kind, das dringend Ihre Hilfe braucht. Helfen Sie dadurch einem bed\u00fcrftigen Kind in Nordost-Indien durch \u00dcbernahme der Kosten f\u00fcr Lernmaterial, Schuluniform, Schulgeb\u00fchren\u2026<\/p>\n\n\n\n<p class=\"has-text-align-right\">\u279c <a rel=\"noreferrer noopener\" href=\"https:\/\/khublei-indienhilfe.de\/wp-content\/uploads\/Formular_Pate-Spender-Mitglied.pdf\" data-type=\"attachment\" data-id=\"1436\" target=\"_blank\">Formular Pate-Spender-Mitglied<\/a><\/p>\n\n\n\n<h3 class=\"wp-block-heading\">Spenden Sie<\/h3>\n\n\n\n<p>Helfen Sie durch Ihre einmalige oder regelm\u00e4\u00dfige Spende zugunsten von Bed\u00fcrftigen sowie (Schul-) Geb\u00e4uden und deren Einrichtungen. Laden Sie sich die f\u00fcr Sie passenden Formulare herunter.<\/p>\n\n\n\n<p class=\"has-text-align-right\">\u279c <a href=\"https:\/\/khublei-indienhilfe.de\/en\/impressum\/\" data-type=\"page\" data-id=\"548\">Bankverbindung f\u00fcr \u00dcberweisung<\/a><br>\u279c <a rel=\"noreferrer noopener\" href=\"https:\/\/khublei-indienhilfe.de\/wp-content\/uploads\/Formular_Pate-Spender-Mitglied.pdf\" data-type=\"attachment\" data-id=\"1436\" target=\"_blank\">Formular Pate-Spender-Mitglied<\/a><\/p>\n\n\n\n<h3 class=\"wp-block-heading\">Werden Sie Mitglied<\/h3>\n\n\n\n<p>Werden Sie Mitglied in unserem Verein und sichern uns mit Ihrem Beitrag die Basis f\u00fcr unsere Vereinsaktivit\u00e4ten.<\/p>\n\n\n\n<p class=\"has-text-align-right\">\u279c <a href=\"https:\/\/khublei-indienhilfe.de\/wp-content\/uploads\/Formular_Pate-Spender-Mitglied.pdf\" data-type=\"attachment\" data-id=\"1436\" target=\"_blank\" rel=\"noreferrer noopener\">Formular Pate-Spender-Mitglied<\/a><\/p>\n\n\n\n<h3 class=\"wp-block-heading\">Sofortspende mit PayPal<\/h3>\n\n\n\n<p>Mit einer Sofortspende per PayPal helfen Sie sofort da, wo es am N\u00f6tigsten ist.<\/p>\n\n\n\n<p class=\"has-text-align-right\">\u279c <a href=\"https:\/\/khublei-indienhilfe.de\/en\/spende-via-paypal\/\" data-type=\"page\" data-id=\"604\">Spende via PayPal<\/a><\/p>","protected":false},"excerpt":{"rendered":"<p>Werden Sie Pate Werden Sie Pate\/Patin f\u00fcr ein pers\u00f6nliches Kind, das dringend Ihre Hilfe braucht. Helfen Sie dadurch einem bed\u00fcrftigen Kind in Nordost-Indien durch \u00dcbernahme der Kosten f\u00fcr Lernmaterial, Schuluniform, Schulgeb\u00fchren\u2026 \u279c Formular Pate-Spender-Mitglied Spenden Sie Helfen Sie durch Ihre einmalige oder regelm\u00e4\u00dfige Spende zugunsten von Bed\u00fcrftigen sowie (Schul-) Geb\u00e4uden und deren Einrichtungen. Laden Sie [&hellip;]<\/p>\n","protected":false},"author":2,"featured_media":0,"parent":0,"menu_order":6,"comment_status":"closed","ping_status":"closed","template":"","meta":{"footnotes":""},"class_list":["post-15","page","type-page","status-publish","hentry"],"_links":{"self":[{"href":"https:\/\/khublei-indienhilfe.de\/en\/wp-json\/wp\/v2\/pages\/15","targetHints":{"allow":["GET"]}}],"collection":[{"href":"https:\/\/khublei-indienhilfe.de\/en\/wp-json\/wp\/v2\/pages"}],"about":[{"href":"https:\/\/khublei-indienhilfe.de\/en\/wp-json\/wp\/v2\/types\/page"}],"author":[{"embeddable":true,"href":"https:\/\/khublei-indienhilfe.de\/en\/wp-json\/wp\/v2\/users\/2"}],"replies":[{"embeddable":true,"href":"https:\/\/khublei-indienhilfe.de\/en\/wp-json\/wp\/v2\/comments?post=15"}],"version-history":[{"count":14,"href":"https:\/\/khublei-indienhilfe.de\/en\/wp-json\/wp\/v2\/pages\/15\/revisions"}],"predecessor-version":[{"id":1588,"href":"https:\/\/khublei-indienhilfe.de\/en\/wp-json\/wp\/v2\/pages\/15\/revisions\/1588"}],"wp:attachment":[{"href":"https:\/\/khublei-indienhilfe.de\/en\/wp-json\/wp\/v2\/media?parent=15"}],"curies":[{"name":"wp","href":"https:\/\/api.w.org\/{rel}","templated":true}]}}