{"id":2039,"date":"2024-01-15T19:53:23","date_gmt":"2024-01-15T18:53:23","guid":{"rendered":"https:\/\/khublei-indienhilfe.de\/?page_id=2039"},"modified":"2025-09-25T21:16:57","modified_gmt":"2025-09-25T19:16:57","slug":"vereinsleben","status":"publish","type":"page","link":"https:\/\/khublei-indienhilfe.de\/en\/aktuelles\/vereinsleben\/","title":{"rendered":"Vereinsleben"},"content":{"rendered":"<div class=\"wp-block-columns are-vertically-aligned-top is-layout-flex wp-container-core-columns-is-layout-9d6595d7 wp-block-columns-is-layout-flex\">\n<div class=\"wp-block-column is-vertically-aligned-top is-layout-flow wp-block-column-is-layout-flow\"><\/div>\n\n\n\n<div class=\"wp-block-column is-vertically-aligned-top is-layout-flow wp-block-column-is-layout-flow\"><\/div>\n<\/div>\n\n\n<ul class=\"wp-block-latest-posts__list has-dates has-author wp-block-latest-posts\"><li><a class=\"wp-block-latest-posts__post-title\" href=\"https:\/\/khublei-indienhilfe.de\/en\/2026\/03\/mitgliederversammlung-khublei-ein-abend-voller-guter-nachrichten\/\">Mitgliederversammlung Khublei \u2013 ein Abend voller guter Nachrichten!<\/a><div class=\"wp-block-latest-posts__post-author\">by Ulrike Albert<\/div><time datetime=\"2026-03-16T21:25:28+01:00\" class=\"wp-block-latest-posts__post-date\">16. March 2026<\/time><div class=\"wp-block-latest-posts__post-excerpt\">Der Nebenraum im \u201eNettuno\u201c war bei der Mitgliederversammlung von Khublei am 13. M\u00e4rz 2026 fast bis auf den letzten Platz gef\u00fcllt. Zahlreiche Mitglieder waren vor Ort, weitere nahmen online teil. Die Erwartungen waren\u2026 <a class=\"wp-block-latest-posts__read-more\" href=\"https:\/\/khublei-indienhilfe.de\/en\/2026\/03\/mitgliederversammlung-khublei-ein-abend-voller-guter-nachrichten\/\" rel=\"noopener noreferrer\">Read more<span class=\"screen-reader-text\">: Mitgliederversammlung Khublei \u2013 ein Abend voller guter Nachrichten!<\/span><\/a><\/div><\/li>\n<li><a class=\"wp-block-latest-posts__post-title\" href=\"https:\/\/khublei-indienhilfe.de\/en\/2025\/09\/eine-zeit-voller-freude-und-begegnung-mit-pfarrer-manbha\/\">Eine Zeit voller Freude und Begegnung mit Pfarrer Manbha<\/a><div class=\"wp-block-latest-posts__post-author\">by Ulrike Albert<\/div><time datetime=\"2025-09-25T20:42:39+02:00\" class=\"wp-block-latest-posts__post-date\">25. September 2025<\/time><div class=\"wp-block-latest-posts__post-excerpt\">Bereits zum zweiten Mal folgt Pfr. Manbha aus Meghalaya, Nordost-Indien, der Einladung zu einem Besuch in Deutschland. Zwei Wochen lang pr\u00e4gt er das Leben in der Region mit seiner offenen, herzlichen Art und\u2026 <a class=\"wp-block-latest-posts__read-more\" href=\"https:\/\/khublei-indienhilfe.de\/en\/2025\/09\/eine-zeit-voller-freude-und-begegnung-mit-pfarrer-manbha\/\" rel=\"noopener noreferrer\">Read more<span class=\"screen-reader-text\">: Eine Zeit voller Freude und Begegnung mit Pfarrer Manbha<\/span><\/a><\/div><\/li>\n<li><a class=\"wp-block-latest-posts__post-title\" href=\"https:\/\/khublei-indienhilfe.de\/en\/2025\/07\/khublei-beim-heinrichsfest-ein-sonniger-erfolg-trotz-dunkler-wolken\/\">Khublei beim Heinrichsfest \u2013 Ein sonniger Erfolg trotz dunkler Wolken<\/a><div class=\"wp-block-latest-posts__post-author\">by Ulrike Albert<\/div><time datetime=\"2025-07-15T13:38:39+02:00\" class=\"wp-block-latest-posts__post-date\">15. July 2025<\/time><div class=\"wp-block-latest-posts__post-excerpt\">Am Sonntag, den 13. Juli 2025, war unser Hilfsverein Khublei voller Vorfreude mit einem eigenen Stand beim Heinrichsfest vertreten \u2013 und wurde zun\u00e4chst gleich auf die Probe gestellt: Dicke Regenwolken hingen \u00fcber dem\u2026 <a class=\"wp-block-latest-posts__read-more\" href=\"https:\/\/khublei-indienhilfe.de\/en\/2025\/07\/khublei-beim-heinrichsfest-ein-sonniger-erfolg-trotz-dunkler-wolken\/\" rel=\"noopener noreferrer\">Read more<span class=\"screen-reader-text\">: Khublei beim Heinrichsfest \u2013 Ein sonniger Erfolg trotz dunkler Wolken<\/span><\/a><\/div><\/li>\n<li><a class=\"wp-block-latest-posts__post-title\" href=\"https:\/\/khublei-indienhilfe.de\/en\/2025\/07\/nachbericht-zur-veranstaltung-am-6-juli-2025-im-pfarrheim-stegaurach\/\">Nachbericht zur Veranstaltung am 6. Juli 2025 im Pfarrheim Stegaurach<\/a><div class=\"wp-block-latest-posts__post-author\">by Gerhard Albert<\/div><time datetime=\"2025-07-12T18:38:11+02:00\" class=\"wp-block-latest-posts__post-date\">12. July 2025<\/time><div class=\"wp-block-latest-posts__post-excerpt\">\u201eIndienreise 2025 \u2013 Projekte, Begegnungen, Wirkung \u2013 Meghalaya: Eindr\u00fccke, die nachhallen\u201c Am Sonntag, den 6. Juli 2025, lud der Verein\u00a0Khublei \u2013 Hilfe f\u00fcr Nordost-Indien e.V.\u00a0zu einem Vortragsabend ins Pfarrheim Stegaurach ein. Unter dem\u2026 <a class=\"wp-block-latest-posts__read-more\" href=\"https:\/\/khublei-indienhilfe.de\/en\/2025\/07\/nachbericht-zur-veranstaltung-am-6-juli-2025-im-pfarrheim-stegaurach\/\" rel=\"noopener noreferrer\">Read more<span class=\"screen-reader-text\">: Nachbericht zur Veranstaltung am 6. Juli 2025 im Pfarrheim Stegaurach<\/span><\/a><\/div><\/li>\n<li><a class=\"wp-block-latest-posts__post-title\" href=\"https:\/\/khublei-indienhilfe.de\/en\/2025\/06\/gemeinsam-weitergehen-khublei-blickt-nach-vorn-2\/\">Gemeinsam weitergehen \u2013 Khublei blickt nach vorn<\/a><div class=\"wp-block-latest-posts__post-author\">by Ulrike Albert<\/div><time datetime=\"2025-06-06T13:14:34+02:00\" class=\"wp-block-latest-posts__post-date\">6. June 2025<\/time><div class=\"wp-block-latest-posts__post-excerpt\">Khublei \u2013 5. Mitgliederversammlung am 11. April 2025 Unsere 5. Mitgliederversammlung ist auch in diesem Jahr ein besonderer Moment im Vereinsleben. In hybrider Form \u2013 vor Ort im Restaurant Nettuno in Stegaurach und\u2026 <a class=\"wp-block-latest-posts__read-more\" href=\"https:\/\/khublei-indienhilfe.de\/en\/2025\/06\/gemeinsam-weitergehen-khublei-blickt-nach-vorn-2\/\" rel=\"noopener noreferrer\">Read more<span class=\"screen-reader-text\">: Gemeinsam weitergehen \u2013 Khublei blickt nach vorn<\/span><\/a><\/div><\/li>\n<li><a class=\"wp-block-latest-posts__post-title\" href=\"https:\/\/khublei-indienhilfe.de\/en\/2024\/10\/hoher-besuch-aus-indien\/\">Hoher Besuch aus Indien<\/a><div class=\"wp-block-latest-posts__post-author\">by Gastautor<\/div><time datetime=\"2024-10-21T20:37:08+02:00\" class=\"wp-block-latest-posts__post-date\">21. October 2024<\/time><div class=\"wp-block-latest-posts__post-excerpt\">Ein Beitrag von Georg Sperrle Bischof Ferdinand Dkhar und Pfarrer Manbha Pakem zu Besuch in der Di\u00f6zese W\u00fcrzburg Eine lange Reise liegt hinter ihnen. Knapp 9000 km legten Bischof Ferdinand Dkhar und Pfarrer\u2026 <a class=\"wp-block-latest-posts__read-more\" href=\"https:\/\/khublei-indienhilfe.de\/en\/2024\/10\/hoher-besuch-aus-indien\/\" rel=\"noopener noreferrer\">Read more<span class=\"screen-reader-text\">: Hoher Besuch aus Indien<\/span><\/a><\/div><\/li>\n<li><a class=\"wp-block-latest-posts__post-title\" href=\"https:\/\/khublei-indienhilfe.de\/en\/2024\/08\/heinrichsfest-2024\/\">Heinrichsfest 2024<\/a><div class=\"wp-block-latest-posts__post-author\">by Ulrike Albert<\/div><time datetime=\"2024-08-08T13:06:10+02:00\" class=\"wp-block-latest-posts__post-date\">8. August 2024<\/time><div class=\"wp-block-latest-posts__post-excerpt\">Kaum zu toppen: In diesem Jahr sind Str\u00f6me von Menschen mit guter Laune rund um den Dom unterwegs! Ist es der 1000. Todestag Kaiser Heinrichs vom Vortag, der die Menschen zum Heinrichsfest nach\u2026 <a class=\"wp-block-latest-posts__read-more\" href=\"https:\/\/khublei-indienhilfe.de\/en\/2024\/08\/heinrichsfest-2024\/\" rel=\"noopener noreferrer\">Read more<span class=\"screen-reader-text\">: Heinrichsfest 2024<\/span><\/a><\/div><\/li>\n<li><a class=\"wp-block-latest-posts__post-title\" href=\"https:\/\/khublei-indienhilfe.de\/en\/2024\/07\/grenzen-ueberwinden-herzen-gewinnen\/\">Grenzen \u00fcberwinden \u2013 Herzen gewinnen<\/a><div class=\"wp-block-latest-posts__post-author\">by Ulrike Albert<\/div><time datetime=\"2024-07-08T08:31:07+02:00\" class=\"wp-block-latest-posts__post-date\">8. July 2024<\/time><div class=\"wp-block-latest-posts__post-excerpt\">Unter diesem Titel fand am 30.06.2024 in der Kirche St. Martin in Bamberg eine reich bebilderte Vorstellung der nahezu v\u00f6llig unbekannten Region Nordost-Indien statt: Das Hauptportal steht weit offen, lebendige Musik dringt nach\u2026 <a class=\"wp-block-latest-posts__read-more\" href=\"https:\/\/khublei-indienhilfe.de\/en\/2024\/07\/grenzen-ueberwinden-herzen-gewinnen\/\" rel=\"noopener noreferrer\">Read more<span class=\"screen-reader-text\">: Grenzen \u00fcberwinden \u2013 Herzen gewinnen<\/span><\/a><\/div><\/li>\n<li><a class=\"wp-block-latest-posts__post-title\" href=\"https:\/\/khublei-indienhilfe.de\/en\/2024\/03\/mitgliederversammlung-mit-neuwahlen-am-8-maerz-2024\/\">Mitgliederversammlung mit Neuwahlen am 8. M\u00e4rz 2024<\/a><div class=\"wp-block-latest-posts__post-author\">by Ulrike Albert<\/div><time datetime=\"2024-03-31T12:32:02+02:00\" class=\"wp-block-latest-posts__post-date\">31. March 2024<\/time><div class=\"wp-block-latest-posts__post-excerpt\">Wie in jedem Jahr haben wir auch heuer wieder im M\u00e4rz unsere Mitgliederversammlung durchgef\u00fchrt. Sie findet erneut im Restaurant Nettuno in Stegaurach statt. Dort gibt es eine stabile Internetverbindung, so dass Mitglieder auch\u2026 <a class=\"wp-block-latest-posts__read-more\" href=\"https:\/\/khublei-indienhilfe.de\/en\/2024\/03\/mitgliederversammlung-mit-neuwahlen-am-8-maerz-2024\/\" rel=\"noopener noreferrer\">Read more<span class=\"screen-reader-text\">: Mitgliederversammlung mit Neuwahlen am 8. M\u00e4rz 2024<\/span><\/a><\/div><\/li>\n<li><a class=\"wp-block-latest-posts__post-title\" href=\"https:\/\/khublei-indienhilfe.de\/en\/2024\/03\/zamma-ramma-damma-2024-aufraeumaktion-in-stegaurach\/\">ZAMMA RAMMA DAMMA 2024 &#8211; Aufr\u00e4umaktion in Stegaurach<\/a><div class=\"wp-block-latest-posts__post-author\">by Ulrike Albert<\/div><time datetime=\"2024-03-31T11:41:43+02:00\" class=\"wp-block-latest-posts__post-date\">31. March 2024<\/time><div class=\"wp-block-latest-posts__post-excerpt\">In diesem Jahr sind wir mit unserem Verein zu viert in der Gemeinde Stegaurach unterwegs gewesen &#8211; uns wird das Kreuzweihergebiet bis hoch zu Schule zugewiesen. Hier sammeln wir den M\u00fcll von der\u2026 <a class=\"wp-block-latest-posts__read-more\" href=\"https:\/\/khublei-indienhilfe.de\/en\/2024\/03\/zamma-ramma-damma-2024-aufraeumaktion-in-stegaurach\/\" rel=\"noopener noreferrer\">Read more<span class=\"screen-reader-text\">: ZAMMA RAMMA DAMMA 2024 &#8211; Aufr\u00e4umaktion in Stegaurach<\/span><\/a><\/div><\/li>\n<li><a class=\"wp-block-latest-posts__post-title\" href=\"https:\/\/khublei-indienhilfe.de\/en\/2024\/02\/unser-hausbau-flyer-frisch-aus-der-presse\/\">Unser Hausbau-Flyer: Frisch aus der Presse!<\/a><div class=\"wp-block-latest-posts__post-author\">by Ulrike Albert<\/div><time datetime=\"2024-02-15T20:53:51+01:00\" class=\"wp-block-latest-posts__post-date\">15. February 2024<\/time><div class=\"wp-block-latest-posts__post-excerpt\">In unseren Vortr\u00e4gen stellen wir beim Thema Hausbau die prek\u00e4re Wohnsituation besonders armer Menschen vor. Wir k\u00f6nnen uns kaum vorstellen, wie Menschen in derartigen Verh\u00e4ltnissen \u00fcberhaupt leben k\u00f6nnen. Wer uns mit dem Bau\u2026 <a class=\"wp-block-latest-posts__read-more\" href=\"https:\/\/khublei-indienhilfe.de\/en\/2024\/02\/unser-hausbau-flyer-frisch-aus-der-presse\/\" rel=\"noopener noreferrer\">Read more<span class=\"screen-reader-text\">: Unser Hausbau-Flyer: Frisch aus der Presse!<\/span><\/a><\/div><\/li>\n<li><a class=\"wp-block-latest-posts__post-title\" href=\"https:\/\/khublei-indienhilfe.de\/en\/2023\/08\/reges-treiben-im-forsthaus-in-stegaurach\/\">Reges Treiben im Forsthaus in Stegaurach<\/a><div class=\"wp-block-latest-posts__post-author\">by Ulrike Albert<\/div><time datetime=\"2023-08-26T18:20:37+02:00\" class=\"wp-block-latest-posts__post-date\">26. August 2023<\/time><div class=\"wp-block-latest-posts__post-excerpt\">Ja, was ist denn da los? Am 7. August 2023 hei\u00dft es im alten Forsthaus: \u201eIndien erleben mit allen Sinnen!\u201c Khublei l\u00e4dt zum ersten Mal zum Ferienprogramm in Stegaurach ein. Dieser Einladung folgen\u2026 <a class=\"wp-block-latest-posts__read-more\" href=\"https:\/\/khublei-indienhilfe.de\/en\/2023\/08\/reges-treiben-im-forsthaus-in-stegaurach\/\" rel=\"noopener noreferrer\">Read more<span class=\"screen-reader-text\">: Reges Treiben im Forsthaus in Stegaurach<\/span><\/a><\/div><\/li>\n<li><a class=\"wp-block-latest-posts__post-title\" href=\"https:\/\/khublei-indienhilfe.de\/en\/2023\/07\/besuch-aus-indien-pfr-thomas-manjaly-in-stegaurach\/\">Besuch aus Indien \u2013 Pfr. Thomas Manjaly in Stegaurach<\/a><div class=\"wp-block-latest-posts__post-author\">by Ulrike Albert<\/div><time datetime=\"2023-07-11T11:20:52+02:00\" class=\"wp-block-latest-posts__post-date\">11. July 2023<\/time><div class=\"wp-block-latest-posts__post-excerpt\">T\u00fcren auf: Ein \u201eKellerbesuch\u201c bei Marita auf der Terrasse! Am 10. Juli 2023 treffen sich Freunde und Unterst\u00fctzer von Khublei auf der Terrasse der Familie Helget. Bei fr\u00e4nkischen und indischen Spezialit\u00e4ten wird Pfr.\u2026 <a class=\"wp-block-latest-posts__read-more\" href=\"https:\/\/khublei-indienhilfe.de\/en\/2023\/07\/besuch-aus-indien-pfr-thomas-manjaly-in-stegaurach\/\" rel=\"noopener noreferrer\">Read more<span class=\"screen-reader-text\">: Besuch aus Indien \u2013 Pfr. Thomas Manjaly in Stegaurach<\/span><\/a><\/div><\/li>\n<li><a class=\"wp-block-latest-posts__post-title\" href=\"https:\/\/khublei-indienhilfe.de\/en\/2023\/07\/heinrichsfest-2023\/\">Heinrichsfest 2023 in Bamberg<\/a><div class=\"wp-block-latest-posts__post-author\">by Ulrike Albert<\/div><time datetime=\"2023-07-10T10:54:49+02:00\" class=\"wp-block-latest-posts__post-date\">10. July 2023<\/time><div class=\"wp-block-latest-posts__post-excerpt\">Jedes Jahr gedenkt die Erzdi\u00f6zese Bamberg im Juli ihres Bistumsgr\u00fcnders, dem Heiligen Kaiser Heinrich, mit einem Gottesdienst und anschlie\u00dfender Festveranstaltung rund um den Dom. Auf dem Domplatz stellen Vereine in Pavillons sich und\u2026 <a class=\"wp-block-latest-posts__read-more\" href=\"https:\/\/khublei-indienhilfe.de\/en\/2023\/07\/heinrichsfest-2023\/\" rel=\"noopener noreferrer\">Read more<span class=\"screen-reader-text\">: Heinrichsfest 2023 in Bamberg<\/span><\/a><\/div><\/li>\n<li><a class=\"wp-block-latest-posts__post-title\" href=\"https:\/\/khublei-indienhilfe.de\/en\/2020\/12\/darf-ich-mich-vorstellen-ich-bin-kuno-der-neue-khublei-newsletter\/\">Darf ich mich vorstellen? Ich bin Kuno, der neue Khublei-Newsletter!<\/a><div class=\"wp-block-latest-posts__post-author\">by Gerhard Albert<\/div><time datetime=\"2020-12-06T00:00:41+01:00\" class=\"wp-block-latest-posts__post-date\">6. December 2020<\/time><div class=\"wp-block-latest-posts__post-excerpt\">Es ist&nbsp;soweit. Kurz vor Jahresende wurde ich aus der Taufe gehoben. Meine Aufgabe wird es sein, ab jetzt regelm\u00e4\u00dfig alle Freundinnen und Freunde von Khublei \u00fcber durchgef\u00fchrte Ma\u00dfnahmen, erzielte Erfolge, laufende Projekte und\u2026 <a class=\"wp-block-latest-posts__read-more\" href=\"https:\/\/khublei-indienhilfe.de\/en\/2020\/12\/darf-ich-mich-vorstellen-ich-bin-kuno-der-neue-khublei-newsletter\/\" rel=\"noopener noreferrer\">Read more<span class=\"screen-reader-text\">: Darf ich mich vorstellen? Ich bin Kuno, der neue Khublei-Newsletter!<\/span><\/a><\/div><\/li>\n<li><a class=\"wp-block-latest-posts__post-title\" href=\"https:\/\/khublei-indienhilfe.de\/en\/2020\/09\/frisch-aus-der-druckerei-unsere-flyer-sind-da\/\">Frisch aus der Druckerei: unsere Flyer sind da!<\/a><div class=\"wp-block-latest-posts__post-author\">by Ulrike Albert<\/div><time datetime=\"2020-09-14T00:00:45+02:00\" class=\"wp-block-latest-posts__post-date\">14. September 2020<\/time><div class=\"wp-block-latest-posts__post-excerpt\">Wir freuen uns, dass wir nun das Druckergebnis in den H\u00e4nden halten. Viele Ideen sind eingebracht und mit viel Engagement und Professionalit\u00e4t umgesetzt worden. Vielen Dank ganz besonders nach Weimar.<\/div><\/li>\n<li><a class=\"wp-block-latest-posts__post-title\" href=\"https:\/\/khublei-indienhilfe.de\/en\/2020\/05\/unsere-satzung-steht-zum-download-bereit\/\">Unsere Satzung steht zum Download bereit!<\/a><div class=\"wp-block-latest-posts__post-author\">by Gerhard Albert<\/div><time datetime=\"2020-05-25T00:00:51+02:00\" class=\"wp-block-latest-posts__post-date\">25. May 2020<\/time><div class=\"wp-block-latest-posts__post-excerpt\">Die gesetzliche Basis f\u00fcr unsere Aktivit\u00e4ten, unser Grundverst\u00e4ndnis und unsere Ziele sind in der Satzung nachlesbar.<\/div><\/li>\n<li><a class=\"wp-block-latest-posts__post-title\" href=\"https:\/\/khublei-indienhilfe.de\/en\/2020\/05\/wir-sind-verein\/\">Wir sind Verein!<\/a><div class=\"wp-block-latest-posts__post-author\">by Gerhard Albert<\/div><time datetime=\"2020-05-25T00:00:35+02:00\" class=\"wp-block-latest-posts__post-date\">25. May 2020<\/time><div class=\"wp-block-latest-posts__post-excerpt\">Nach fruchtbaren \u201ebilateralen\u201c Gespr\u00e4chen zwischen Deutschland und Nordost-Indien und unserer Gr\u00fcndungsversammlung sind wir nun ein eingetragener mildt\u00e4tiger Verein, der sich f\u00fcr arme Menschen in Nordost-Indien engagiert.<\/div><\/li>\n<\/ul>\n\n\n<div class=\"wp-block-columns is-layout-flex wp-container-core-columns-is-layout-9d6595d7 wp-block-columns-is-layout-flex\">\n<div class=\"wp-block-column is-layout-flow wp-block-column-is-layout-flow\"><\/div>\n\n\n\n<div class=\"wp-block-column is-layout-flow wp-block-column-is-layout-flow\"><\/div>\n<\/div>","protected":false},"excerpt":{"rendered":"","protected":false},"author":2,"featured_media":0,"parent":16,"menu_order":4,"comment_status":"closed","ping_status":"closed","template":"","meta":{"footnotes":""},"class_list":["post-2039","page","type-page","status-publish","hentry"],"_links":{"self":[{"href":"https:\/\/khublei-indienhilfe.de\/en\/wp-json\/wp\/v2\/pages\/2039","targetHints":{"allow":["GET"]}}],"collection":[{"href":"https:\/\/khublei-indienhilfe.de\/en\/wp-json\/wp\/v2\/pages"}],"about":[{"href":"https:\/\/khublei-indienhilfe.de\/en\/wp-json\/wp\/v2\/types\/page"}],"author":[{"embeddable":true,"href":"https:\/\/khublei-indienhilfe.de\/en\/wp-json\/wp\/v2\/users\/2"}],"replies":[{"embeddable":true,"href":"https:\/\/khublei-indienhilfe.de\/en\/wp-json\/wp\/v2\/comments?post=2039"}],"version-history":[{"count":12,"href":"https:\/\/khublei-indienhilfe.de\/en\/wp-json\/wp\/v2\/pages\/2039\/revisions"}],"predecessor-version":[{"id":2742,"href":"https:\/\/khublei-indienhilfe.de\/en\/wp-json\/wp\/v2\/pages\/2039\/revisions\/2742"}],"up":[{"embeddable":true,"href":"https:\/\/khublei-indienhilfe.de\/en\/wp-json\/wp\/v2\/pages\/16"}],"wp:attachment":[{"href":"https:\/\/khublei-indienhilfe.de\/en\/wp-json\/wp\/v2\/media?parent=2039"}],"curies":[{"name":"wp","href":"https:\/\/api.w.org\/{rel}","templated":true}]}}