{"id":253,"date":"2021-12-03T17:58:09","date_gmt":"2021-12-03T16:58:09","guid":{"rendered":"http:\/\/khublei-indienhilfe-test.de\/?page_id=253"},"modified":"2024-02-15T10:21:52","modified_gmt":"2024-02-15T09:21:52","slug":"patenschaften","status":"publish","type":"page","link":"https:\/\/khublei-indienhilfe.de\/en\/projekte\/patenschaften\/","title":{"rendered":"Patenschaften"},"content":{"rendered":"<div class=\"wp-block-columns alignwide is-layout-flex wp-container-core-columns-is-layout-9d6595d7 wp-block-columns-is-layout-flex\">\n<div class=\"wp-block-column is-layout-flow wp-block-column-is-layout-flow\" style=\"flex-basis:66.66%\">\n<blockquote class=\"wp-block-quote is-layout-flow wp-block-quote-is-layout-flow\">\n<p><em>Teilangrius wohnt mit seinen Eltern und 6 Geschwistern in Khahnar, einem kleinen Dorf in einer Bergregion. Er freute sich sehr, endlich zur Schule gehen zu d\u00fcrfen. Er war froh, lesen, schreiben und rechnen zu lernen, denn dies war seinen Eltern als Kindern nicht m\u00f6glich gewesen. Doch schon nach kurzer Zeit wurde sein kleines Gl\u00fcck j\u00e4h beendet: Die Eltern konnten sich seinen Schulbesuch nicht mehr leisten und so musste er zuhause bleiben, um bei der Arbeit im Haus und auf dem Feld mitzuhelfen und zum Unterhalt der Familie beizutragen.<\/em><\/p>\n<\/blockquote>\n\n\n\n<p>Auf Basis von mehr als 18 Jahren intensiver Projektarbeit in Indien haben wir viel Erfahrung in der Durchf\u00fchrung von erforderlichen Hilfsma\u00dfnahmen gesammelt. In den Gespr\u00e4chen mit unseren Partnern vor Ort wurde schnell deutlich, in welchem Bereich dringend Hilfe ben\u00f6tigt wird: Es sind die Kinder, die Familien, die unterst\u00fctzt werden m\u00fcssen.<\/p>\n\n\n\n<h2 class=\"wp-block-heading\">Schulabbruch<\/h2>\n\n\n\n<p>Schulabbruch ist hier keine Seltenheit. Aber nicht, wie man vermuten k\u00f6nnte, aus Unlust oder Verweigerung. Es ist die wirtschaftliche Situation der Familie, die es nicht erlaubt, das Schulgeld zu bezahlen.<\/p>\n\n\n\n<h2 class=\"wp-block-heading\">Schulwege<\/h2>\n\n\n\n<p>Auch liegen die Schulen oft weit vom Heimatort entfernt. Das erschwert den Schulbesuch noch mehr. Denn die Sch\u00fcler ben\u00f6tigen \u2013 zusammen mit anderen Sch\u00fclern &#8211; eine Unterkunft oder sind auf Zimmer in einem Hostel angewiesen. Diese finanzielle Herausforderung k\u00f6nnen die einfachen Familien nicht stemmen. Die Armutsschraube dreht sich immer weiter!<\/p>\n\n\n\n<h2 class=\"wp-block-heading\">Unsere Aktivit\u00e4t<\/h2>\n\n\n\n<p>Unser Hauptziel ist es, den Kindern mit einer Patenschaft eine Schulbildung zu erm\u00f6glichen und damit die Familien aus der Armutsfalle herauszuholen. Die Kinder sollen aus eigener und famili\u00e4rer Kraft ein selbstbestimmtes und unabh\u00e4ngiges Leben erlangen.<\/p>\n\n\n\n<h2 class=\"wp-block-heading\">Ihre Patenschaft<\/h2>\n\n\n\n<p>Mit einer Patenschaft helfen Sie der Familie, indem Sie die Kosten f\u00fcr ein pers\u00f6nliches Patenkind \u00fcbernehmen f\u00fcr:<br>&nbsp;&nbsp;&nbsp; \u2022 Lernmaterial<br>&nbsp;&nbsp;&nbsp; \u2022 Schuluniform<br>&nbsp;&nbsp;&nbsp; \u2022 Schulgeb\u00fchren<br>&nbsp;&nbsp;&nbsp; \u2022 Unterkunft im Hostel oder in einer Gemeinschaftswohnung<\/p>\n\n\n\n<p>Mit dieser Hilfe kann es Kindern wie Teilangrius erm\u00f6glicht werden, eine Schule zu besuchen, lernen zu k\u00f6nnen, um sp\u00e4ter ihren eigenen Familien ein besseres Leben zu erm\u00f6glichen.<\/p>\n\n\n\n<p class=\"has-text-color\" style=\"color:#8d1753\"><strong>Werden Sie Pate f\u00fcr ein pers\u00f6nliches Kind, das Ihre Unterst\u00fctzung braucht!<\/strong><\/p>\n<\/div>\n\n\n\n<div class=\"wp-block-column is-layout-flow wp-block-column-is-layout-flow\" style=\"flex-basis:33.33%\"><div class=\"wp-block-image\">\n<figure class=\"aligncenter size-medium\"><img loading=\"lazy\" decoding=\"async\" width=\"300\" height=\"200\" src=\"http:\/\/khublei-indienhilfe-test.de\/wp-content\/uploads\/2021\/12\/big_patenkind1-300x200.jpg\" alt=\"\" class=\"wp-image-254\" srcset=\"https:\/\/khublei-indienhilfe.de\/wp-content\/uploads\/2021\/12\/big_patenkind1-300x200.jpg 300w, https:\/\/khublei-indienhilfe.de\/wp-content\/uploads\/2021\/12\/big_patenkind1.jpg 500w\" sizes=\"auto, (max-width: 300px) 100vw, 300px\" \/><\/figure>\n<\/div>\n\n<div class=\"wp-block-image\">\n<figure class=\"aligncenter size-medium\"><img loading=\"lazy\" decoding=\"async\" width=\"300\" height=\"200\" src=\"http:\/\/khublei-indienhilfe-test.de\/wp-content\/uploads\/2021\/12\/big_patenkind2-300x200.jpg\" alt=\"\" class=\"wp-image-255\" srcset=\"https:\/\/khublei-indienhilfe.de\/wp-content\/uploads\/2021\/12\/big_patenkind2-300x200.jpg 300w, https:\/\/khublei-indienhilfe.de\/wp-content\/uploads\/2021\/12\/big_patenkind2.jpg 500w\" sizes=\"auto, (max-width: 300px) 100vw, 300px\" \/><\/figure>\n<\/div>\n\n<div class=\"wp-block-image\">\n<figure class=\"aligncenter size-medium\"><img loading=\"lazy\" decoding=\"async\" width=\"300\" height=\"200\" src=\"http:\/\/khublei-indienhilfe-test.de\/wp-content\/uploads\/2021\/12\/big_patenkind3-300x200.jpg\" alt=\"\" class=\"wp-image-256\" srcset=\"https:\/\/khublei-indienhilfe.de\/wp-content\/uploads\/2021\/12\/big_patenkind3-300x200.jpg 300w, https:\/\/khublei-indienhilfe.de\/wp-content\/uploads\/2021\/12\/big_patenkind3.jpg 500w\" sizes=\"auto, (max-width: 300px) 100vw, 300px\" \/><\/figure>\n<\/div>\n\n<div class=\"wp-block-image\">\n<figure class=\"aligncenter size-medium\"><img loading=\"lazy\" decoding=\"async\" width=\"300\" height=\"200\" src=\"http:\/\/khublei-indienhilfe-test.de\/wp-content\/uploads\/2021\/12\/big_patenkind6-300x200.jpg\" alt=\"\" class=\"wp-image-257\" srcset=\"https:\/\/khublei-indienhilfe.de\/wp-content\/uploads\/2021\/12\/big_patenkind6-300x200.jpg 300w, https:\/\/khublei-indienhilfe.de\/wp-content\/uploads\/2021\/12\/big_patenkind6.jpg 500w\" sizes=\"auto, (max-width: 300px) 100vw, 300px\" \/><\/figure>\n<\/div>\n\n<div class=\"wp-block-image\">\n<figure class=\"aligncenter size-medium\"><img loading=\"lazy\" decoding=\"async\" width=\"300\" height=\"200\" src=\"http:\/\/khublei-indienhilfe-test.de\/wp-content\/uploads\/2021\/12\/big_patenkind8-300x200.jpg\" alt=\"\" class=\"wp-image-258\" srcset=\"https:\/\/khublei-indienhilfe.de\/wp-content\/uploads\/2021\/12\/big_patenkind8-300x200.jpg 300w, https:\/\/khublei-indienhilfe.de\/wp-content\/uploads\/2021\/12\/big_patenkind8.jpg 500w\" sizes=\"auto, (max-width: 300px) 100vw, 300px\" \/><\/figure>\n<\/div><\/div>\n<\/div>","protected":false},"excerpt":{"rendered":"<p>Teilangrius wohnt mit seinen Eltern und 6 Geschwistern in Khahnar, einem kleinen Dorf in einer Bergregion. Er freute sich sehr, endlich zur Schule gehen zu d\u00fcrfen. Er war froh, lesen, schreiben und rechnen zu lernen, denn dies war seinen Eltern als Kindern nicht m\u00f6glich gewesen. Doch schon nach kurzer Zeit wurde sein kleines Gl\u00fcck j\u00e4h [&hellip;]<\/p>\n","protected":false},"author":1,"featured_media":0,"parent":144,"menu_order":1,"comment_status":"closed","ping_status":"closed","template":"","meta":{"footnotes":""},"class_list":["post-253","page","type-page","status-publish","hentry"],"_links":{"self":[{"href":"https:\/\/khublei-indienhilfe.de\/en\/wp-json\/wp\/v2\/pages\/253","targetHints":{"allow":["GET"]}}],"collection":[{"href":"https:\/\/khublei-indienhilfe.de\/en\/wp-json\/wp\/v2\/pages"}],"about":[{"href":"https:\/\/khublei-indienhilfe.de\/en\/wp-json\/wp\/v2\/types\/page"}],"author":[{"embeddable":true,"href":"https:\/\/khublei-indienhilfe.de\/en\/wp-json\/wp\/v2\/users\/1"}],"replies":[{"embeddable":true,"href":"https:\/\/khublei-indienhilfe.de\/en\/wp-json\/wp\/v2\/comments?post=253"}],"version-history":[{"count":6,"href":"https:\/\/khublei-indienhilfe.de\/en\/wp-json\/wp\/v2\/pages\/253\/revisions"}],"predecessor-version":[{"id":2197,"href":"https:\/\/khublei-indienhilfe.de\/en\/wp-json\/wp\/v2\/pages\/253\/revisions\/2197"}],"up":[{"embeddable":true,"href":"https:\/\/khublei-indienhilfe.de\/en\/wp-json\/wp\/v2\/pages\/144"}],"wp:attachment":[{"href":"https:\/\/khublei-indienhilfe.de\/en\/wp-json\/wp\/v2\/media?parent=253"}],"curies":[{"name":"wp","href":"https:\/\/api.w.org\/{rel}","templated":true}]}}