{"id":260,"date":"2021-12-03T18:03:09","date_gmt":"2021-12-03T17:03:09","guid":{"rendered":"http:\/\/khublei-indienhilfe-test.de\/?page_id=260"},"modified":"2023-02-12T15:12:07","modified_gmt":"2023-02-12T14:12:07","slug":"schulen-gebaeude","status":"publish","type":"page","link":"https:\/\/khublei-indienhilfe.de\/en\/projekte\/schulen-gebaeude\/","title":{"rendered":"Schulen\/Geb\u00e4ude"},"content":{"rendered":"<div class=\"wp-block-columns alignwide is-layout-flex wp-container-core-columns-is-layout-9d6595d7 wp-block-columns-is-layout-flex\">\n<div class=\"wp-block-column is-layout-flow wp-block-column-is-layout-flow\" style=\"flex-basis:66.66%\">\n<h2 class=\"wp-block-heading\">Ist-Zustand Schulen<\/h2>\n\n\n\n<p>Den Schulen fehlt es an den grundlegenden Dingen. Die Geb\u00e4ude sind oft viel zu klein. Manchmal gibt es nur einen Klassenraum, in dem Kinder verschiedener Jahrgangsstufen von einem einzigen Lehrer unterrichtet werden. Notbehelfsm\u00e4\u00dfig findet deshalb der Unterricht im Freien statt, doch dies macht der Monsunregen oft unm\u00f6glich. Deshalb werden an vielen Schulen dringend weitere Schulr\u00e4ume sowie Einrichtungen f\u00fcr Klassenr\u00e4ume ben\u00f6tigt.<\/p>\n\n\n\n<h2 class=\"wp-block-heading\">Unsere Aktivit\u00e4t<\/h2>\n\n\n\n<p>Wir haben direkt mit Lehrern vor Ort gesprochen, um sehr praxisnah die Bed\u00fcrfnisse der Schulen und der Kinder vor Ort zu erfahren. Daraus ist unser Hilfsprojekt Schulen\/Geb\u00e4ude entstanden. Damit wollen wir diese f\u00fcrsorglichen P\u00e4dagogen unterst\u00fctzen und ihnen Hilfestellung leisten.<\/p>\n\n\n\n<p><\/p>\n\n\n\n<div class=\"wp-block-image\"><figure class=\"aligncenter size-medium is-resized\"><img loading=\"lazy\" decoding=\"async\" src=\"http:\/\/khublei-indienhilfe-test.de\/wp-content\/uploads\/Spiralen_orange_RGB-300x84.png\" alt=\"\" class=\"wp-image-635\" width=\"225\" height=\"63\" srcset=\"https:\/\/khublei-indienhilfe.de\/wp-content\/uploads\/Spiralen_orange_RGB-300x84.png 300w, https:\/\/khublei-indienhilfe.de\/wp-content\/uploads\/Spiralen_orange_RGB-768x214.png 768w, https:\/\/khublei-indienhilfe.de\/wp-content\/uploads\/Spiralen_orange_RGB.png 1000w\" sizes=\"auto, (max-width: 225px) 100vw, 225px\" \/><\/figure><\/div>\n<\/div>\n\n\n\n<div class=\"wp-block-column is-layout-flow wp-block-column-is-layout-flow\" style=\"flex-basis:33.33%\">\n<div class=\"wp-block-image\"><figure class=\"aligncenter size-medium\"><img loading=\"lazy\" decoding=\"async\" width=\"300\" height=\"125\" src=\"http:\/\/khublei-indienhilfe-test.de\/wp-content\/uploads\/2021\/12\/schule_aussen-300x125.jpg\" alt=\"\" class=\"wp-image-261\" srcset=\"https:\/\/khublei-indienhilfe.de\/wp-content\/uploads\/2021\/12\/schule_aussen-300x125.jpg 300w, https:\/\/khublei-indienhilfe.de\/wp-content\/uploads\/2021\/12\/schule_aussen-768x321.jpg 768w, https:\/\/khublei-indienhilfe.de\/wp-content\/uploads\/2021\/12\/schule_aussen.jpg 1000w\" sizes=\"auto, (max-width: 300px) 100vw, 300px\" \/><\/figure><\/div>\n\n\n\n<div class=\"wp-block-image\"><figure class=\"aligncenter size-medium\"><img loading=\"lazy\" decoding=\"async\" width=\"300\" height=\"149\" src=\"http:\/\/khublei-indienhilfe-test.de\/wp-content\/uploads\/2021\/12\/schule_aussen_1-300x149.jpg\" alt=\"\" class=\"wp-image-262\" srcset=\"https:\/\/khublei-indienhilfe.de\/wp-content\/uploads\/2021\/12\/schule_aussen_1-300x149.jpg 300w, https:\/\/khublei-indienhilfe.de\/wp-content\/uploads\/2021\/12\/schule_aussen_1-768x381.jpg 768w, https:\/\/khublei-indienhilfe.de\/wp-content\/uploads\/2021\/12\/schule_aussen_1.jpg 1000w\" sizes=\"auto, (max-width: 300px) 100vw, 300px\" \/><\/figure><\/div>\n\n\n\n<div class=\"wp-block-image\"><figure class=\"aligncenter size-medium\"><img loading=\"lazy\" decoding=\"async\" width=\"300\" height=\"181\" src=\"http:\/\/khublei-indienhilfe-test.de\/wp-content\/uploads\/2021\/12\/schule_innen-300x181.jpg\" alt=\"\" class=\"wp-image-263\" srcset=\"https:\/\/khublei-indienhilfe.de\/wp-content\/uploads\/2021\/12\/schule_innen-300x181.jpg 300w, https:\/\/khublei-indienhilfe.de\/wp-content\/uploads\/2021\/12\/schule_innen-768x463.jpg 768w, https:\/\/khublei-indienhilfe.de\/wp-content\/uploads\/2021\/12\/schule_innen.jpg 1000w\" sizes=\"auto, (max-width: 300px) 100vw, 300px\" \/><\/figure><\/div>\n<\/div>\n<\/div>","protected":false},"excerpt":{"rendered":"<p>Ist-Zustand Schulen Den Schulen fehlt es an den grundlegenden Dingen. Die Geb\u00e4ude sind oft viel zu klein. Manchmal gibt es nur einen Klassenraum, in dem Kinder verschiedener Jahrgangsstufen von einem einzigen Lehrer unterrichtet werden. Notbehelfsm\u00e4\u00dfig findet deshalb der Unterricht im Freien statt, doch dies macht der Monsunregen oft unm\u00f6glich. Deshalb werden an vielen Schulen dringend [&hellip;]<\/p>\n","protected":false},"author":2,"featured_media":0,"parent":144,"menu_order":5,"comment_status":"closed","ping_status":"closed","template":"","meta":{"footnotes":""},"class_list":["post-260","page","type-page","status-publish","hentry"],"_links":{"self":[{"href":"https:\/\/khublei-indienhilfe.de\/en\/wp-json\/wp\/v2\/pages\/260","targetHints":{"allow":["GET"]}}],"collection":[{"href":"https:\/\/khublei-indienhilfe.de\/en\/wp-json\/wp\/v2\/pages"}],"about":[{"href":"https:\/\/khublei-indienhilfe.de\/en\/wp-json\/wp\/v2\/types\/page"}],"author":[{"embeddable":true,"href":"https:\/\/khublei-indienhilfe.de\/en\/wp-json\/wp\/v2\/users\/2"}],"replies":[{"embeddable":true,"href":"https:\/\/khublei-indienhilfe.de\/en\/wp-json\/wp\/v2\/comments?post=260"}],"version-history":[{"count":8,"href":"https:\/\/khublei-indienhilfe.de\/en\/wp-json\/wp\/v2\/pages\/260\/revisions"}],"predecessor-version":[{"id":672,"href":"https:\/\/khublei-indienhilfe.de\/en\/wp-json\/wp\/v2\/pages\/260\/revisions\/672"}],"up":[{"embeddable":true,"href":"https:\/\/khublei-indienhilfe.de\/en\/wp-json\/wp\/v2\/pages\/144"}],"wp:attachment":[{"href":"https:\/\/khublei-indienhilfe.de\/en\/wp-json\/wp\/v2\/media?parent=260"}],"curies":[{"name":"wp","href":"https:\/\/api.w.org\/{rel}","templated":true}]}}