{"id":266,"date":"2021-12-03T18:07:34","date_gmt":"2021-12-03T17:07:34","guid":{"rendered":"http:\/\/khublei-indienhilfe-test.de\/?page_id=266"},"modified":"2023-02-12T15:12:07","modified_gmt":"2023-02-12T14:12:07","slug":"hilfsbeduerftige-menschen","status":"publish","type":"page","link":"https:\/\/khublei-indienhilfe.de\/en\/projekte\/hilfsbeduerftige-menschen\/","title":{"rendered":"Hilfsbed\u00fcrftige Menschen"},"content":{"rendered":"<div class=\"wp-block-columns alignwide is-layout-flex wp-container-core-columns-is-layout-9d6595d7 wp-block-columns-is-layout-flex\">\n<div class=\"wp-block-column is-layout-flow wp-block-column-is-layout-flow\" style=\"flex-basis:66.66%\">\n<h2 class=\"wp-block-heading\">Waisenkinder &#8211; aktuelles Beispiel<\/h2>\n\n\n\n<blockquote class=\"wp-block-quote is-layout-flow wp-block-quote-is-layout-flow\"><p><em>Wir erfuhren von drei Waisenkindern: Zwei junge Frauen, Arda Thubru, 21 Jahre, ihre Schwester Arka, 18 Jahre, und deren Bruder Wandame, 12 Jahre. Ihr Vater hatte die Familie verlassen und die Mutter konnte die Familie allein nicht ern\u00e4hren. Deshalb haben die beiden M\u00e4dchen die Schule nach der zweiten Klasse verlassen. Arda und Arka arbeiteten in einem gro\u00dfen Haus als Haush\u00e4lterinnen. Aufgrund der Coronakrise verloren sie diese Arbeit, und sie kehrten in ihr Dorf zur\u00fcck. Wandame konnte die Schule bis zur 6. Klasse besuchen. Aber dann reichte das Geld nicht mehr. Er musste zuhause helfen und zum Lebensunterhalt der Familie beitragen. Das Haus, in dem sie wohnen, ist in einem schlimmen Zustand. Die Mutter hatte mit Bauma\u00dfnahmen begonnen, verstarb aber nach l\u00e4ngerer Krankheit. Jetzt wohnen die drei Geschwister unter extrem d\u00fcrftigen und unhygienischen Verh\u00e4ltnissen in diesem Haus und wissen nicht weiter.<\/em><\/p><\/blockquote>\n\n\n\n<p>Wir wollen Menschen helfen, die durch welches Ungl\u00fcck auch immer, in eine prek\u00e4re Situation geraten sind. Sei es durch den Tod eines Angeh\u00f6rigen, durch Krankheit oder was immer auch im Leben passieren kann. Wenn unsere Partner vor Ort ein Hilfeersuchen bekommen oder eine Familie antreffen, die nicht mehr weiter wei\u00df und auf Unterst\u00fctzung angewiesen ist, dann m\u00f6chten wir einspringen und versuchen, die Not zu lindern.<\/p>\n\n\n\n<h2 class=\"wp-block-heading\">Unsere Aktivit\u00e4t<\/h2>\n\n\n\n<p>Wandame erh\u00e4lt \u00fcber eine Patenschaft bei uns die M\u00f6glichkeit, jetzt wieder zur Schule zu gehen. Die n\u00e4chste Ma\u00dfnahme, die wir unterst\u00fctzen wollen, ist, das Haus f\u00fcr die drei Waisen in einen bewohnbaren Zustand zu bringen.<br>Und unsere Partner vor Ort setzen sich daf\u00fcr ein, f\u00fcr die beiden jungen Frauen eine neue Anstellung zu finden.<\/p>\n<\/div>\n\n\n\n<div class=\"wp-block-column is-layout-flow wp-block-column-is-layout-flow\" style=\"flex-basis:33.33%\">\n<div class=\"wp-block-image\"><figure class=\"aligncenter size-large\"><img loading=\"lazy\" decoding=\"async\" width=\"768\" height=\"1024\" src=\"http:\/\/khublei-indienhilfe-test.de\/wp-content\/uploads\/2021\/12\/wandame-768x1024.jpg\" alt=\"\" class=\"wp-image-267\" srcset=\"https:\/\/khublei-indienhilfe.de\/wp-content\/uploads\/2021\/12\/wandame-768x1024.jpg 768w, https:\/\/khublei-indienhilfe.de\/wp-content\/uploads\/2021\/12\/wandame-225x300.jpg 225w, https:\/\/khublei-indienhilfe.de\/wp-content\/uploads\/2021\/12\/wandame.jpg 780w\" sizes=\"auto, (max-width: 768px) 100vw, 768px\" \/><\/figure><\/div>\n\n\n\n<div class=\"wp-block-image\"><figure class=\"aligncenter size-full is-resized\"><img loading=\"lazy\" decoding=\"async\" src=\"http:\/\/khublei-indienhilfe-test.de\/wp-content\/uploads\/Spiralen_orange_RGB.png\" alt=\"\" class=\"wp-image-635\" width=\"250\" height=\"70\" srcset=\"https:\/\/khublei-indienhilfe.de\/wp-content\/uploads\/Spiralen_orange_RGB.png 1000w, https:\/\/khublei-indienhilfe.de\/wp-content\/uploads\/Spiralen_orange_RGB-300x84.png 300w, https:\/\/khublei-indienhilfe.de\/wp-content\/uploads\/Spiralen_orange_RGB-768x214.png 768w\" sizes=\"auto, (max-width: 250px) 100vw, 250px\" \/><\/figure><\/div>\n<\/div>\n<\/div>","protected":false},"excerpt":{"rendered":"<p>Waisenkinder &#8211; aktuelles Beispiel Wir erfuhren von drei Waisenkindern: Zwei junge Frauen, Arda Thubru, 21 Jahre, ihre Schwester Arka, 18 Jahre, und deren Bruder Wandame, 12 Jahre. Ihr Vater hatte die Familie verlassen und die Mutter konnte die Familie allein nicht ern\u00e4hren. Deshalb haben die beiden M\u00e4dchen die Schule nach der zweiten Klasse verlassen. Arda [&hellip;]<\/p>\n","protected":false},"author":1,"featured_media":0,"parent":144,"menu_order":6,"comment_status":"closed","ping_status":"closed","template":"","meta":{"footnotes":""},"class_list":["post-266","page","type-page","status-publish","hentry"],"_links":{"self":[{"href":"https:\/\/khublei-indienhilfe.de\/en\/wp-json\/wp\/v2\/pages\/266","targetHints":{"allow":["GET"]}}],"collection":[{"href":"https:\/\/khublei-indienhilfe.de\/en\/wp-json\/wp\/v2\/pages"}],"about":[{"href":"https:\/\/khublei-indienhilfe.de\/en\/wp-json\/wp\/v2\/types\/page"}],"author":[{"embeddable":true,"href":"https:\/\/khublei-indienhilfe.de\/en\/wp-json\/wp\/v2\/users\/1"}],"replies":[{"embeddable":true,"href":"https:\/\/khublei-indienhilfe.de\/en\/wp-json\/wp\/v2\/comments?post=266"}],"version-history":[{"count":12,"href":"https:\/\/khublei-indienhilfe.de\/en\/wp-json\/wp\/v2\/pages\/266\/revisions"}],"predecessor-version":[{"id":1849,"href":"https:\/\/khublei-indienhilfe.de\/en\/wp-json\/wp\/v2\/pages\/266\/revisions\/1849"}],"up":[{"embeddable":true,"href":"https:\/\/khublei-indienhilfe.de\/en\/wp-json\/wp\/v2\/pages\/144"}],"wp:attachment":[{"href":"https:\/\/khublei-indienhilfe.de\/en\/wp-json\/wp\/v2\/media?parent=266"}],"curies":[{"name":"wp","href":"https:\/\/api.w.org\/{rel}","templated":true}]}}