{"id":344,"date":"2021-12-29T18:12:24","date_gmt":"2021-12-29T17:12:24","guid":{"rendered":"http:\/\/khublei-indienhilfe-test.de\/?page_id=344"},"modified":"2026-03-12T15:44:31","modified_gmt":"2026-03-12T14:44:31","slug":"presse","status":"publish","type":"page","link":"https:\/\/khublei-indienhilfe.de\/en\/medien\/presse\/","title":{"rendered":"Presse"},"content":{"rendered":"<p class=\"has-text-align-center\"><\/p>\n\n\n\n<figure class=\"wp-block-table custom-downloads-table\" data-no-auto-translation=\"\"><table><thead><tr><th>Artikel<\/th><th>Quelle<\/th><th class=\"has-text-align-right\" data-align=\"right\">ver\u00f6ffentlicht<\/th><th class=\"has-text-align-right\" data-align=\"right\">Dateigr\u00f6\u00dfe<\/th><\/tr><\/thead><tbody><tr><td><a href=\"https:\/\/khublei-indienhilfe.de\/wp-content\/uploads\/hb-26-03-15-Seite21-Streetfood-eroeffnet-Frauen-Perspektiven.pdf\" data-type=\"link\" data-id=\"https:\/\/khublei-indienhilfe.de\/wp-content\/uploads\/hb-26-03-15-Seite21-Streetfood-eroeffnet-Frauen-Perspektiven.pdf\">Streetfood er\u00f6ffnet Frauen Perspektiven<\/a><\/td><td>Heinrichsblatt<\/td><td class=\"has-text-align-right\" data-align=\"right\">15.03.26<\/td><td class=\"has-text-align-right\" data-align=\"right\">1.708 kB<\/td><\/tr><tr><td><a href=\"https:\/\/khublei-indienhilfe.de\/wp-content\/uploads\/ft-25-12-03-Seite8-Khublei-Erlau-unterstuetzt-Khublei_Spenden-von-der-Erlauer-Krewa_beschnitten.pdf\" data-type=\"link\" data-id=\"https:\/\/khublei-indienhilfe.de\/wp-content\/uploads\/ft-25-12-03-Seite8-Khublei-Erlau-unterstuetzt-Khublei_Spenden-von-der-Erlauer-Krewa_beschnitten.pdf\">Erlau unterst\u00fctzt Khublei<\/a><\/td><td>Fr\u00e4nkischer Tag<\/td><td class=\"has-text-align-right\" data-align=\"right\">03.12.25<\/td><td class=\"has-text-align-right\" data-align=\"right\">979 kB<\/td><\/tr><tr><td><a href=\"https:\/\/khublei-indienhilfe.de\/wp-content\/uploads\/hb-25-10-12-Seite21-Eine-Zeit-voller-Freude-und-Begegnung-Indischer-Pfarrer-auf-Deutschlandbesuch.pdf\" data-type=\"link\" data-id=\"https:\/\/khublei-indienhilfe.de\/wp-content\/uploads\/hb-25-10-12-Seite21-Eine-Zeit-voller-Freude-und-Begegnung-Indischer-Pfarrer-auf-Deutschlandbesuch.pdf\">Eine Zeit voller Freude und Begegnung<\/a><\/td><td>Heinrichsblatt<\/td><td class=\"has-text-align-right\" data-align=\"right\">12.10.25<\/td><td class=\"has-text-align-right\" data-align=\"right\">561 kB<\/td><\/tr><tr><td><a href=\"https:\/\/khublei-indienhilfe.de\/wp-content\/uploads\/ft-25-10-10-Seite8-Khublei-Pfarrer-Manbha-aus-Nordost-Indien-zu-Gast-in-Stegaurach_beschnitten.pdf\">Pfarrer Manbha aus Nordost-Indien zu Gast in Stegaurach<\/a><\/td><td>Fr\u00e4nkischer Tag<\/td><td class=\"has-text-align-right\" data-align=\"right\">10.10.25<\/td><td class=\"has-text-align-right\" data-align=\"right\">387 kB<\/td><\/tr><tr><td><a href=\"https:\/\/khublei-indienhilfe.de\/wp-content\/uploads\/ft-25-07-16-Seite6-Hilfe-fuer-Kinder-in-Indien-Vortragsabend-beschnitten.pdf\" data-type=\"link\" data-id=\"https:\/\/khublei-indienhilfe.de\/wp-content\/uploads\/ft-25-07-16-Seite6-Hilfe-fuer-Kinder-in-Indien-Vortragsabend-beschnitten.pdf\">Hilfe f\u00fcr Kinder in Indien<\/a><\/td><td>Fr\u00e4nkischer Tag<\/td><td class=\"has-text-align-right\" data-align=\"right\">16.07.25<\/td><td class=\"has-text-align-right\" data-align=\"right\">233 kB<\/td><\/tr><tr><td><a href=\"https:\/\/khublei-indienhilfe.de\/wp-content\/uploads\/pb-25-07-28-Seite-20-Khublei-Sommer-2025.pdf\" data-type=\"link\" data-id=\"https:\/\/khublei-indienhilfe.de\/wp-content\/uploads\/pb-25-07-28-Seite-20-Khublei-Sommer-2025.pdf\">&#8222;Khublei&#8220; aus Meghalaya &#8211; unsere Reise voller Begegnungen, Fortschritt und Freude<\/a><\/td><td>Pfarrbrief Stegaurach<\/td><td class=\"has-text-align-right\" data-align=\"right\">05.07.25<\/td><td class=\"has-text-align-right\" data-align=\"right\">3.016 kB<\/td><\/tr><tr><td><a href=\"https:\/\/khublei-indienhilfe.de\/wp-content\/uploads\/ft-25-06-27-Seite8-Wie-Projekte-in-Indien-Perpsektiven-schaffen-beschnitten.pdf\" data-type=\"link\" data-id=\"https:\/\/khublei-indienhilfe.de\/wp-content\/uploads\/ft-25-06-27-Seite8-Wie-Projekte-in-Indien-Perpsektiven-schaffen-beschnitten.pdf\">Wie Projekte in Indien Perspektiven schaffen<\/a><\/td><td>Fr\u00e4nkischer Tag<\/td><td class=\"has-text-align-right\" data-align=\"right\">27.06.25<\/td><td class=\"has-text-align-right\" data-align=\"right\">1.070 kB<\/td><\/tr><tr><td><a href=\"https:\/\/khublei-indienhilfe.de\/wp-content\/uploads\/hb-25-03-16-Seite27-Unterstuetzung-fuer-die-Aermsten-der-Armen-Drei-Projekte-profitieren-von-Kollekte-von-Fronleichnam-und-beim-Heinrichsfest-2024.pdf\" data-type=\"link\" data-id=\"https:\/\/khublei-indienhilfe.de\/wp-content\/uploads\/hb-25-03-16-Seite27-Unterstuetzung-fuer-die-Aermsten-der-Armen-Drei-Projekte-profitieren-von-Kollekte-von-Fronleichnam-und-beim-Heinrichsfest-2024.pdf\">Unterst\u00fctzung f\u00fcr die \u00c4rmsten der Armen<\/a><\/td><td>Heinrichsblatt<\/td><td class=\"has-text-align-right\" data-align=\"right\">16.03.25<\/td><td class=\"has-text-align-right\" data-align=\"right\">2.228 kB<\/td><\/tr><tr><td><a href=\"https:\/\/khublei-indienhilfe.de\/wp-content\/uploads\/hb-24-10-06-Seite21-Auf-den-Spuren-von-Otto-Hopfenmueller.pdf\" data-type=\"link\" data-id=\"https:\/\/khublei-indienhilfe.de\/wp-content\/uploads\/hb-24-10-06-Seite21-Auf-den-Spuren-von-Otto-Hopfenmueller.pdf\">Auf den Spuren von Otto Hopfenm\u00fcller<\/a><\/td><td>Heinrichsblatt<\/td><td class=\"has-text-align-right\" data-align=\"right\">06.10.24<\/td><td class=\"has-text-align-right\" data-align=\"right\">2.105 kB<\/td><\/tr><tr><td><a href=\"https:\/\/khublei-indienhilfe.de\/wp-content\/uploads\/ft-24-10-01-Seite7-Khublei-Projektpartner-aus-Nordost-Indien-besuchen-Franken-beschnitten.pdf\">Khublei-Projektpartner aus Nordost-Indien besuchen Franken<\/a><\/td><td>Fr\u00e4nkischer Tag<\/td><td class=\"has-text-align-right\" data-align=\"right\">01.10.24<\/td><td class=\"has-text-align-right\" data-align=\"right\">233 kB<\/td><\/tr><tr><td><a href=\"https:\/\/khublei-indienhilfe.de\/wp-content\/uploads\/hb-24-09-22-Seite12-Mit-wenig-Geld-grosse-Hilfe-leisten-II.pdf\" data-type=\"link\" data-id=\"https:\/\/khublei-indienhilfe.de\/wp-content\/uploads\/hb-24-09-22-Seite12-Mit-wenig-Geld-grosse-Hilfe-leisten-II.pdf\">Mit wenig Geld gro\u00dfe Hilfe leisten<\/a><\/td><td>Heinrichsblatt<\/td><td class=\"has-text-align-right\" data-align=\"right\">22.09.24<\/td><td class=\"has-text-align-right\" data-align=\"right\">1.532 kB<\/td><\/tr><tr><td><a href=\"https:\/\/khublei-indienhilfe.de\/wp-content\/uploads\/Shillong-Times-24-08-02-Seite3-Hauseinweihung-fuer-Lubiang-Sana-beschnitten.pdf\" data-type=\"link\" data-id=\"https:\/\/khublei-indienhilfe.de\/wp-content\/uploads\/Shillong-Times-24-08-02-Seite3-Hauseinweihung-fuer-Lubiang-Sana-beschnitten.pdf\">Hauseinweihung in Jowai (Englisch)<\/a><\/td><td>Shillong Times<\/td><td class=\"has-text-align-right\" data-align=\"right\">02.08.24<\/td><td class=\"has-text-align-right\" data-align=\"right\">1.587 kB<\/td><\/tr><tr><td><a href=\"https:\/\/khublei-indienhilfe.de\/wp-content\/uploads\/hb-24-07-28-Seite22-Grenzen-ueberwinden-Herzen-gewinnen-Vortrag-in-St-Martin-Bamberg-24-06-30-beschnitten-1.pdf\" data-type=\"link\" data-id=\"https:\/\/khublei-indienhilfe.de\/wp-content\/uploads\/hb-24-07-28-Seite22-Grenzen-ueberwinden-Herzen-gewinnen-Vortrag-in-St-Martin-Bamberg-24-06-30-beschnitten-1.pdf\">Grenzen \u00fcberwinden &#8211; Herzen gewinnen<\/a><\/td><td>Heinrichsblatt<\/td><td class=\"has-text-align-right\" data-align=\"right\">28.07.24<\/td><td class=\"has-text-align-right\" data-align=\"right\">871 kB<\/td><\/tr><tr><td><a href=\"https:\/\/khublei-indienhilfe.de\/wp-content\/uploads\/ft-24-07-11-Seite4-Saale-Spendenlauf-Wenn-jede-Runde-zaehlt-beschnitten.pdf\" data-type=\"link\" data-id=\"https:\/\/khublei-indienhilfe.de\/wp-content\/uploads\/ft-24-07-11-Seite4-Saale-Spendenlauf-Wenn-jede-Runde-zaehlt-beschnitten.pdf\">Spendenlauf: Wenn jede Runde z\u00e4hlt<\/a><\/td><td>Fr\u00e4nkischer Tag &#8211; Bad Kissingen<\/td><td class=\"has-text-align-right\" data-align=\"right\">11.07.24<\/td><td class=\"has-text-align-right\" data-align=\"right\">1.021 kB<\/td><\/tr><tr><td><a href=\"https:\/\/khublei-indienhilfe.de\/wp-content\/uploads\/Mitteilungsblatt-24-07-Seite3-Indische-Bischoefe-unterzeichnen-im-Goldenen-Buch-Erzbischof-Victor-Lyngdoh-Bischof-Wilbert-Marwein-Bgm-Thilo-Wagner-beschnitten.pdf\" data-type=\"link\" data-id=\"https:\/\/khublei-indienhilfe.de\/wp-content\/uploads\/Mitteilungsblatt-24-07-Seite3-Indische-Bischoefe-unterzeichnen-im-Goldenen-Buch-Erzbischof-Victor-Lyngdoh-Bischof-Wilbert-Marwein-Bgm-Thilo-Wagner-beschnitten.pdf\">Indische Bisch\u00f6fe unterzeichnen im Goldenen Buch<\/a><\/td><td>Mitteilungsblatt Stegaurach<\/td><td class=\"has-text-align-right\" data-align=\"right\">01.07.24<\/td><td class=\"has-text-align-right\" data-align=\"right\">210 kB<\/td><\/tr><tr><td><a href=\"https:\/\/khublei-indienhilfe.de\/wp-content\/uploads\/hb-24-06-16-Seite1819-Khublei-Leben-retten-und-Bildungschancen-erhoehen-Kindern-eine-Zukunft-schenken-beschnitten.pdf\">Leben retten und Bildungschancen erh\u00f6hen<\/a><\/td><td>Heinrichsblatt<\/td><td class=\"has-text-align-right\" data-align=\"right\">16.06.24<\/td><td class=\"has-text-align-right\" data-align=\"right\">288 kB<\/td><\/tr><tr><td><a href=\"https:\/\/khublei-indienhilfe.de\/wp-content\/uploads\/ft-24-05-18-Seite11-Hilfe-fuer-die-Aermsten-der-Armen-beschnitten.pdf\">Hilfe f\u00fcr die \u00c4rmsten der Armen<\/a><\/td><td>Fr\u00e4nkischer Tag<\/td><td class=\"has-text-align-right\" data-align=\"right\">18.05.24<\/td><td class=\"has-text-align-right\" data-align=\"right\">666 kB<\/td><\/tr><tr><td><a href=\"https:\/\/khublei-indienhilfe.de\/wp-content\/uploads\/ft-24-03-16-Seite8-Indienhilfe-Direkte-Einblicke-gewonnen-beschnitten.pdf\">Direkte Einblicke gewonnen<\/a><\/td><td>Fr\u00e4nkischer Tag<\/td><td class=\"has-text-align-right\" data-align=\"right\">16.03.24<\/td><td class=\"has-text-align-right\" data-align=\"right\">708 kB<\/td><\/tr><tr><td><a href=\"https:\/\/khublei-indienhilfe.de\/wp-content\/uploads\/ft-24-01-18-Seite9-Hilfe-fuer-Indien-Verein_Ausschnitt-aus-FT-18.1.2024.png\">Hilfe f\u00fcr Indien<\/a><\/td><td>Fr\u00e4nkischer Tag<\/td><td class=\"has-text-align-right\" data-align=\"right\">18.01.24<\/td><td class=\"has-text-align-right\" data-align=\"right\">106 kB<\/td><\/tr><tr><td><a href=\"https:\/\/khublei-indienhilfe.de\/wp-content\/uploads\/ft-23-11-20-Seite7-Vortrag-Khublei-weiht-in-Indien-zwei-Haeuser-fuer-Familien-in-Not-ein-beschnitten.pdf\">Hilfsverein Khublei weiht in Indien zwei H\u00e4user f\u00fcr Familien in Not ein<\/a><\/td><td>Fr\u00e4nkischer Tag<\/td><td class=\"has-text-align-right\" data-align=\"right\">20.11.23<\/td><td class=\"has-text-align-right\" data-align=\"right\">397 kB<\/td><\/tr><tr><td><a href=\"https:\/\/khublei-indienhilfe.de\/wp-content\/uploads\/ft-23-11-17-Seite10-Bericht-aus-Nordost-Indien-Vortrag-im-Schwimmverein-BA-Bug_23-11-19-beschnitten.pdf\">Bericht aus Nordost-Indien &#8211; Vortrag am 19.11.23<\/a><\/td><td>Fr\u00e4nkischer Tag<\/td><td class=\"has-text-align-right\" data-align=\"right\">17.11.23<\/td><td class=\"has-text-align-right\" data-align=\"right\">560 kB<\/td><\/tr><tr><td><a href=\"https:\/\/khublei-indienhilfe.de\/wp-content\/uploads\/23-07-20-Manbha-Artikel_Niti-Aayog-nennt-Meghalaya-den-aermsten-Staat-nach-Bihar-3-spaltig.pdf\" data-type=\"URL\" data-id=\"https:\/\/khublei-indienhilfe.de\/wp-content\/uploads\/23-07-20-Manbha-Artikel_Niti-Aayog-nennt-Meghalaya-den-aermsten-Staat-nach-Bihar-3-spaltig.pdf\">Niti Aayog nennt Meghalaya den \u00e4rmsten Staat nach Bihar <\/a><\/td><td>indische Presse<\/td><td class=\"has-text-align-right\" data-align=\"right\">20.07.23<\/td><td class=\"has-text-align-right\" data-align=\"right\">76 kB<\/td><\/tr><tr><td><a href=\"https:\/\/khublei-indienhilfe.de\/wp-content\/uploads\/ft-23-07-12-Seite7-Damit-das-Kinderlachen-zurueckkehrt-patenschaften-Bildung-und-Hilfe-fuer-Nordost-Indien-beschnitten.pdf\">Damit das Kinderlachen zur\u00fcckkehrt<\/a><\/td><td>Fr\u00e4nkischer Tag<\/td><td class=\"has-text-align-right\" data-align=\"right\">12.07.23<\/td><td class=\"has-text-align-right\" data-align=\"right\">517 kB<\/td><\/tr><tr><td><a href=\"https:\/\/khublei-indienhilfe.de\/wp-content\/uploads\/hb-23-06-04-Seite22-Wie-ein-Verein-den-Aermsten-eine-Zukunft-gibt-Khublei-hilfe-fuer-Nordost-Indien-von-Stegaurach-aus-gesamt.pdf\" data-type=\"URL\" data-id=\"https:\/\/khublei-indienhilfe.de\/wp-content\/uploads\/hb-23-06-04-Seite22-Wie-ein-Verein-den-Aermsten-eine-Zukunft-gibt-Khublei-hilfe-fuer-Nordost-Indien-von-Stegaurach-aus-gesamt.pdf\">Wie ein Verein den \u00c4rmsten eine Zukunft gibt<\/a><\/td><td>Heinrichsblatt<\/td><td class=\"has-text-align-right\" data-align=\"right\">04.06.23<\/td><td class=\"has-text-align-right\" data-align=\"right\">2,8 MB<\/td><\/tr><tr><td><a href=\"https:\/\/khublei-indienhilfe.de\/wp-content\/uploads\/omt-05.04.23-006-beschnitten.pdf\">1000 Euro f\u00fcr bed\u00fcrftige Menschen in Indien<\/a><\/td><td>Obermain-Tagblatt<\/td><td class=\"has-text-align-right\" data-align=\"right\">06.04.23<\/td><td class=\"has-text-align-right\" data-align=\"right\">5 MB<\/td><\/tr><tr><td><a href=\"https:\/\/khublei-indienhilfe.de\/wp-content\/uploads\/presse_ft_22-06-22_selbsthilfegruppe.pdf\" data-type=\"attachment\" data-id=\"1344\" target=\"_blank\" rel=\"noreferrer noopener\">Khublei hilft Menschen in Indien \u2013 Selbsthilfegruppe<\/a><\/td><td>Fr\u00e4nkischer Tag<\/td><td class=\"has-text-align-right\" data-align=\"right\">22.06.22<\/td><td class=\"has-text-align-right\" data-align=\"right\">283 kB<\/td><\/tr><tr><td><a href=\"https:\/\/khublei-indienhilfe.de\/wp-content\/uploads\/presse_hb_22-04-10-khahnar.pdf\" data-type=\"attachment\" data-id=\"1337\" target=\"_blank\" rel=\"noreferrer noopener\">Ein Gru\u00df, der die Herzen der Menschen \u00f6ffnet_Khahnar<\/a><\/td><td>Heinrichsblatt<\/td><td class=\"has-text-align-right\" data-align=\"right\">10.04.22<\/td><td class=\"has-text-align-right\" data-align=\"right\">1,6 MB<\/td><\/tr><tr><td><a href=\"https:\/\/khublei-indienhilfe.de\/wp-content\/uploads\/Obermain-LIF-21-11-22-Seite4-Hilfe-zur-Selbsthilfe-Spende-fuer-Projekt-in-Nordost-Indien-beschnitten.pdf\">Hilfe zur Selbsthilfe<\/a><br><\/td><td>Obermain-Tagblatt<\/td><td class=\"has-text-align-right\" data-align=\"right\">22.11.21<\/td><td class=\"has-text-align-right\" data-align=\"right\">223 kB<\/td><\/tr><tr><td><a href=\"https:\/\/khublei-indienhilfe.de\/wp-content\/uploads\/StadtLand-21-11-20-Seite-24-Khublei-Hilfe-in-der-Not-beschnitten.pdf\">Hilfe in der Not<\/a><\/td><td>Stadt &amp; Land<\/td><td class=\"has-text-align-right\" data-align=\"right\">20.11.21<\/td><td class=\"has-text-align-right\" data-align=\"right\">145 kB<\/td><\/tr><tr><td><a href=\"https:\/\/khublei-indienhilfe.de\/wp-content\/uploads\/hb-21-10-10-Seite1819-Nordost-Indien-zu-Gast-in-Stegaurach-Internationale-Woche-im-Landkreis-Bamberg-Gewuerzqiz-mit-Vortrag-final.pdf\">Nordost-Indien zu Gast in Stegaurach<\/a><\/td><td>Heinrichsblatt<\/td><td class=\"has-text-align-right\" data-align=\"right\">10.10.21<\/td><td class=\"has-text-align-right\" data-align=\"right\">8,3 MB<\/td><\/tr><tr><td><a href=\"https:\/\/khublei-indienhilfe.de\/wp-content\/uploads\/Mitteilungsblatt-21-11-Seite21-Indisch-Kochen-mit-Magie.pdf\">Indisch kochen mit Magie<\/a><\/td><td>Mitteilungsblatt Stegaurach<\/td><td class=\"has-text-align-right\" data-align=\"right\">25.09.21<\/td><td class=\"has-text-align-right\" data-align=\"right\">1,8 MB<\/td><\/tr><tr><td><a href=\"https:\/\/khublei-indienhilfe.de\/wp-content\/uploads\/Mitteilungsblatt-21-11-Seite21-Die-Gewuerze-Indiens-kennengelernt.pdf\">Die Gew\u00fcrze Indiens kennenglernt<\/a><\/td><td>Mitteilungsblatt Stegaurach<\/td><td class=\"has-text-align-right\" data-align=\"right\">24.09.21<\/td><td class=\"has-text-align-right\" data-align=\"right\">1,8 MB<br><\/td><\/tr><tr><td><a href=\"https:\/\/khublei-indienhilfe.de\/wp-content\/uploads\/hb-21-06-20-Seite19-Kinder-stehen-im-Mittelpunkt-Neuer-Verein-Khublei-hilft-in-Nordost-Indien-Dr.-Gertrud-Pechmann.pdf\">Kinder stehen im Mittelpunkt<\/a><\/td><td>Heinrichsblatt<\/td><td class=\"has-text-align-right\" data-align=\"right\">20.06.21<\/td><td class=\"has-text-align-right\" data-align=\"right\">2,4 MB<\/td><\/tr><\/tbody><\/table><\/figure>\n\n\n\n<p><\/p>","protected":false},"excerpt":{"rendered":"<p>Artikel Quelle ver\u00f6ffentlicht Dateigr\u00f6\u00dfe Streetfood er\u00f6ffnet Frauen Perspektiven Heinrichsblatt 15.03.26 1.708 kB Erlau unterst\u00fctzt Khublei Fr\u00e4nkischer Tag 03.12.25 979 kB Eine Zeit voller Freude und Begegnung Heinrichsblatt 12.10.25 561 kB Pfarrer Manbha aus Nordost-Indien zu Gast in Stegaurach Fr\u00e4nkischer Tag 10.10.25 387 kB Hilfe f\u00fcr Kinder in Indien Fr\u00e4nkischer Tag 16.07.25 233 kB &#8222;Khublei&#8220; aus [&hellip;]<\/p>\n","protected":false},"author":2,"featured_media":0,"parent":120,"menu_order":3,"comment_status":"closed","ping_status":"closed","template":"","meta":{"footnotes":""},"class_list":["post-344","page","type-page","status-publish","hentry"],"_links":{"self":[{"href":"https:\/\/khublei-indienhilfe.de\/en\/wp-json\/wp\/v2\/pages\/344","targetHints":{"allow":["GET"]}}],"collection":[{"href":"https:\/\/khublei-indienhilfe.de\/en\/wp-json\/wp\/v2\/pages"}],"about":[{"href":"https:\/\/khublei-indienhilfe.de\/en\/wp-json\/wp\/v2\/types\/page"}],"author":[{"embeddable":true,"href":"https:\/\/khublei-indienhilfe.de\/en\/wp-json\/wp\/v2\/users\/2"}],"replies":[{"embeddable":true,"href":"https:\/\/khublei-indienhilfe.de\/en\/wp-json\/wp\/v2\/comments?post=344"}],"version-history":[{"count":66,"href":"https:\/\/khublei-indienhilfe.de\/en\/wp-json\/wp\/v2\/pages\/344\/revisions"}],"predecessor-version":[{"id":2914,"href":"https:\/\/khublei-indienhilfe.de\/en\/wp-json\/wp\/v2\/pages\/344\/revisions\/2914"}],"up":[{"embeddable":true,"href":"https:\/\/khublei-indienhilfe.de\/en\/wp-json\/wp\/v2\/pages\/120"}],"wp:attachment":[{"href":"https:\/\/khublei-indienhilfe.de\/en\/wp-json\/wp\/v2\/media?parent=344"}],"curies":[{"name":"wp","href":"https:\/\/api.w.org\/{rel}","templated":true}]}}