{"id":558,"date":"2022-03-08T21:10:14","date_gmt":"2022-03-08T20:10:14","guid":{"rendered":"http:\/\/khublei-indienhilfe-test.de\/?page_id=558"},"modified":"2022-03-22T20:10:58","modified_gmt":"2022-03-22T19:10:58","slug":"hinweise","status":"publish","type":"page","link":"https:\/\/khublei-indienhilfe.de\/en\/hinweise\/","title":{"rendered":"Hinweise"},"content":{"rendered":"<h3 class=\"wp-block-heading\">DSGVO &#8211; DatenSchutzGrundVerordnung<\/h3>\n\n\n\n<p>Sofern innerhalb unseres Angebots pers\u00f6nliche Daten abgefragt werden, geschieht dies seitens der Nutzer ausdr\u00fccklich auf freiwilliger Basis. Diese Daten werden wir nur insoweit nutzen, wie dies im Sinne unserer Nutzer unbedingt erforderlich erscheint. Wir garantieren die Vertraulichkeit ihrer Daten. Wir setzen im Browser unserer Nutzer keine Cookies und verfolgen auch nicht ihre Aktivit\u00e4ten. Mindestens die in Europa geltenden Datenschutzgesetze (DSGVO) werden wir einhalten.<\/p>\n\n\n\n<p>Welche personenbezogenen Daten wir im Detail erheben und zu welchem Zweck, finden Sie direkt hier in unserer Datenschutzerkl\u00e4rung.<\/p>\n\n\n\n<div class=\"wp-block-buttons is-content-justification-right is-layout-flex wp-container-core-buttons-is-layout-765c4724 wp-block-buttons-is-layout-flex\">\n<div class=\"wp-block-button is-style-outline is-style-outline--1\"><a class=\"wp-block-button__link\" href=\"https:\/\/khublei-indienhilfe.de\/en\/datenschutzerklaerung\/\">Datenschutzerkl\u00e4rung \u279c<\/a><\/div>\n<\/div>\n\n\n\n<h3 class=\"wp-block-heading\">Urheberrecht<\/h3>\n\n\n\n<p>Die auf diesen Seiten ver\u00f6ffentlichten Inhalte, Werke und bereitgestellten Informationen unterliegen dem deutschen Urheberrecht und Leistungschutzrecht und sind ausschlie\u00dflich f\u00fcr private Nutzung und Information vorgesehen. Jede Art der Vervielf\u00e4ltigung, Bearbeitung, Verbreitung, Einbau in fremde Webseiten, Einspeicherung, andere Weiterverwendung im Internet und sonstigen Medien und jeder Art der Verwertung au\u00dferhalb der Grenzen des Urheberrechts ist strafbewehrt untersagt &#8211; es sei denn mit ausdr\u00fccklicher schriftlicher Genehmigung seitens des Vereins. Das unerlaubte Kopieren\/Speichern der bereitgestellten Informationen auf diesen Webseiten ist nicht gestattet und strafbar. Daten, die auf einer ggf. sp\u00e4ter hinzukommenden Presse-Seite angeboten werden, unterliegen nicht unserem Copyright und d\u00fcrfen ebenfalls nur mit Zustimmung der jeweiligen Urheberrechtsinhaber verwendet werden.<\/p>\n\n\n\n<h3 class=\"wp-block-heading\">Haftungsbeschr\u00e4nkung<\/h3>\n\n\n\n<p>Die Inhalte unseres Internetauftritts haben wir mit gr\u00f6\u00dftm\u00f6glicher Sorgfalt und nach bestem Gewissen erstellt. Dennoch \u00fcbernehmen wir keine Gew\u00e4hr f\u00fcr die Aktualit\u00e4t, Vollst\u00e4ndigkeit und Richtigkeit der bereitgestellten Seiten und Inhalte. Als Diensteanbieter sind wir gem\u00e4\u00df \u00a7 7 Abs. 1 TMG f\u00fcr eigene Inhalte und bereitgestellte Informationen auf diesen Seiten nach den allgemeinen Gesetzten verantwortlich; nach den \u00a7\u00a7 8 bis 10 TMG jedoch nicht verpflichtet, die \u00fcbermittelten oder gespeicherten fremden Informationen zu \u00fcberwachen. Eine Entfernung oder Sperrung dieser Inhalte erfolgt umgehend ab dem Zeitpunkt der Kenntnis einer konkreten Rechtsverletzung. Eine Haftung ist erst ab dem Zeitpunkt der Kenntniserlangungi m\u00f6glich.<\/p>\n\n\n\n<h3 class=\"wp-block-heading\">Benutzung unserer Links<\/h3>\n\n\n\n<p>Unsere Webseite enth\u00e4lt sog. &#8222;externe Links&#8220; (Verlinkungen) zu anderen Webseiten, auf deren Inhalt wir keinen Einfluss haben. Aus diesem Grund k\u00f6nnen wir f\u00fcr diese Inhalte auch keine Gew\u00e4hr \u00fcbernehmen. F\u00fcr die Inhalte und Richtigkeit der bereitgestellten Informationen ist der jeweilige Anbieter der verlinkten Webseite verantwortlich. Zum Zeitpunkt der Verlinkung waren keine Rechtsverst\u00f6\u00dfe erkennbar. Bei Bekanntwerden einer solchen Rechtsverletzung werden wir den Link umgehend entfernen.<\/p>\n\n\n\n<h3 class=\"wp-block-heading\">Copyright<\/h3>\n\n\n\n<p>Alle Fotos und Artikel sind urheberrechtlich gesch\u00fctzt, sofern dies nicht explizit anders angegeben ist.<\/p>","protected":false},"excerpt":{"rendered":"<p>DSGVO &#8211; DatenSchutzGrundVerordnung Sofern innerhalb unseres Angebots pers\u00f6nliche Daten abgefragt werden, geschieht dies seitens der Nutzer ausdr\u00fccklich auf freiwilliger Basis. Diese Daten werden wir nur insoweit nutzen, wie dies im Sinne unserer Nutzer unbedingt erforderlich erscheint. Wir garantieren die Vertraulichkeit ihrer Daten. Wir setzen im Browser unserer Nutzer keine Cookies und verfolgen auch nicht ihre [&hellip;]<\/p>\n","protected":false},"author":2,"featured_media":0,"parent":0,"menu_order":8,"comment_status":"closed","ping_status":"closed","template":"templates\/template-full-width.php","meta":{"footnotes":""},"class_list":["post-558","page","type-page","status-publish","hentry"],"_links":{"self":[{"href":"https:\/\/khublei-indienhilfe.de\/en\/wp-json\/wp\/v2\/pages\/558","targetHints":{"allow":["GET"]}}],"collection":[{"href":"https:\/\/khublei-indienhilfe.de\/en\/wp-json\/wp\/v2\/pages"}],"about":[{"href":"https:\/\/khublei-indienhilfe.de\/en\/wp-json\/wp\/v2\/types\/page"}],"author":[{"embeddable":true,"href":"https:\/\/khublei-indienhilfe.de\/en\/wp-json\/wp\/v2\/users\/2"}],"replies":[{"embeddable":true,"href":"https:\/\/khublei-indienhilfe.de\/en\/wp-json\/wp\/v2\/comments?post=558"}],"version-history":[{"count":4,"href":"https:\/\/khublei-indienhilfe.de\/en\/wp-json\/wp\/v2\/pages\/558\/revisions"}],"predecessor-version":[{"id":1013,"href":"https:\/\/khublei-indienhilfe.de\/en\/wp-json\/wp\/v2\/pages\/558\/revisions\/1013"}],"wp:attachment":[{"href":"https:\/\/khublei-indienhilfe.de\/en\/wp-json\/wp\/v2\/media?parent=558"}],"curies":[{"name":"wp","href":"https:\/\/api.w.org\/{rel}","templated":true}]}}