{"id":134,"date":"2021-09-27T16:53:46","date_gmt":"2021-09-27T14:53:46","guid":{"rendered":"http:\/\/khublei-indienhilfe-test.de\/?page_id=134"},"modified":"2022-05-09T08:16:49","modified_gmt":"2022-05-09T06:16:49","slug":"otto-hopfenmueller","status":"publish","type":"page","link":"https:\/\/khublei-indienhilfe.de\/es\/ueber-uns\/otto-hopfenmueller\/","title":{"rendered":"Otto Hopfenm\u00fcller"},"content":{"rendered":"<div class=\"wp-block-columns alignwide is-layout-flex wp-container-core-columns-is-layout-9d6595d7 wp-block-columns-is-layout-flex\">\n<div class=\"wp-block-column is-layout-flow wp-block-column-is-layout-flow\" style=\"flex-basis:66.66%\">\n<h2 class=\"wp-block-heading\">Otto Hopfenm\u00fcller<\/h2>\n\n\n\n<p>El sacerdote y misionero de un pueblo cercano a Bamberg es conocido en toda Meghalaya como el hombre que llev\u00f3 la fe cat\u00f3lica al noreste de la India hace exactamente 130 a\u00f1os.<\/p>\n\n\n\n<h3 class=\"wp-block-heading\">La vida en la di\u00f3cesis de Bamberg<\/h3>\n\n\n\n<p>Lorenz Hopfenm\u00fcller naci\u00f3 en 1844 en Weismain, a unos 50 km de Bamberg, y fue ordenado sacerdote en Bamberg. Se convirti\u00f3 en miembro fundador y editor de la revista &quot;Bamberger Volksblatt&quot;, que era muy cr\u00edtica pol\u00edticamente. Esto le vali\u00f3 varias estancias en prisi\u00f3n.<br><br>Despu\u00e9s de estos cambios, que le afectaron f\u00edsica y emocionalmente, fue nombrado pastor en Reichmannsdorf y Seu\u00dfling, donde luch\u00f3 intensamente por los derechos de los pobres.<\/p>\n\n\n\n<h3 class=\"wp-block-heading\">La vida en Roma<\/h3>\n\n\n\n<p>Tras la muerte de sus padres en 1884 (padre) y 1887 (madre), ingres\u00f3 a la orden de la \u201cSociedad Cat\u00f3lica Instructiva\u201d (posteriormente: \u201cSociedad del Divino Salvador\u201d y desde entonces conocida como \u201cLos Salvatorianos\u201d), cuyos Su sede est\u00e1 en Roma. Siempre fue el deseo de su coraz\u00f3n ir a misiones. Basado en el santo obispo misionero Ot\u00f3n de Bamberg, eligi\u00f3 el nombre religioso Ot\u00f3n.<\/p>\n\n\n\n<h3 class=\"wp-block-heading\">Salida hacia la India<\/h3>\n\n\n\n<p>En 1890 parti\u00f3 hacia Assam (noreste de la India). Las condiciones eran extremadamente malas. Viv\u00eda muy espartano, com\u00eda muy mal y trabajaba muy duro. Las condiciones clim\u00e1ticas tambi\u00e9n fueron muy adversas: noches fr\u00edas, d\u00edas muy calurosos con mucha luz solar. El padre Otto Hopfenm\u00fcller aprendi\u00f3 el idioma popular, el khasi, entr\u00f3 en contacto con la gente y no escatim\u00f3 esfuerzos. Y ah\u00ed fue exactamente su perdici\u00f3n: despu\u00e9s de s\u00f3lo medio a\u00f1o, muri\u00f3 de meningitis a la edad de 46 a\u00f1os.<\/p>\n\n\n\n<h3 class=\"wp-block-heading\">Adoraci\u00f3n hasta el d\u00eda de hoy.<\/h3>\n\n\n\n<p>Hasta el d\u00eda de hoy, el padre Otto Hopfenm\u00fcller es muy venerado en el noreste de la India. El n\u00famero de cat\u00f3licos pas\u00f3 de unos 250 en aquel entonces a m\u00e1s de 2 millones en la actualidad. Sus restos fueron trasladados a la capital, Shillong, en 2001. La tumba est\u00e1 justo al lado de la gran catedral. Su veneraci\u00f3n sigue creciendo hoy.<\/p>\n<\/div>\n\n\n\n<div class=\"wp-block-column is-layout-flow wp-block-column-is-layout-flow\" style=\"flex-basis:33.33%\">\n<div class=\"wp-block-image\"><figure class=\"aligncenter size-medium\"><img loading=\"lazy\" decoding=\"async\" width=\"231\" height=\"300\" src=\"http:\/\/khublei-indienhilfe-test.de\/wp-content\/uploads\/2021\/12\/OH-231x300.jpg\" alt=\"\" class=\"wp-image-209\" srcset=\"https:\/\/khublei-indienhilfe.de\/wp-content\/uploads\/2021\/12\/OH-231x300.jpg 231w, https:\/\/khublei-indienhilfe.de\/wp-content\/uploads\/2021\/12\/OH.jpg 366w\" sizes=\"auto, (max-width: 231px) 100vw, 231px\" \/><figcaption>Otto Hopfenm\u00fcller<\/figcaption><\/figure><\/div>\n<\/div>\n<\/div>","protected":false},"excerpt":{"rendered":"<p>Otto Hopfenm\u00fcller Der Priester und Missionar aus einem Dorf bei Bamberg ist in ganz Meghalaya als der Mann bekannt, der genau vor 130 Jahren den katholischen Glauben nach Nordost-Indien brachte. Leben in der Di\u00f6zese Bamberg Lorenz Hopfenm\u00fcller wurde 1844 in Weismain ca. 50 km entfernt von Bamberg geboren und in Bamberg zum Priester geweiht. Er [&hellip;]<\/p>\n","protected":false},"author":1,"featured_media":0,"parent":14,"menu_order":4,"comment_status":"closed","ping_status":"closed","template":"","meta":{"footnotes":""},"class_list":["post-134","page","type-page","status-publish","hentry"],"_links":{"self":[{"href":"https:\/\/khublei-indienhilfe.de\/es\/wp-json\/wp\/v2\/pages\/134","targetHints":{"allow":["GET"]}}],"collection":[{"href":"https:\/\/khublei-indienhilfe.de\/es\/wp-json\/wp\/v2\/pages"}],"about":[{"href":"https:\/\/khublei-indienhilfe.de\/es\/wp-json\/wp\/v2\/types\/page"}],"author":[{"embeddable":true,"href":"https:\/\/khublei-indienhilfe.de\/es\/wp-json\/wp\/v2\/users\/1"}],"replies":[{"embeddable":true,"href":"https:\/\/khublei-indienhilfe.de\/es\/wp-json\/wp\/v2\/comments?post=134"}],"version-history":[{"count":7,"href":"https:\/\/khublei-indienhilfe.de\/es\/wp-json\/wp\/v2\/pages\/134\/revisions"}],"predecessor-version":[{"id":1147,"href":"https:\/\/khublei-indienhilfe.de\/es\/wp-json\/wp\/v2\/pages\/134\/revisions\/1147"}],"up":[{"embeddable":true,"href":"https:\/\/khublei-indienhilfe.de\/es\/wp-json\/wp\/v2\/pages\/14"}],"wp:attachment":[{"href":"https:\/\/khublei-indienhilfe.de\/es\/wp-json\/wp\/v2\/media?parent=134"}],"curies":[{"name":"wp","href":"https:\/\/api.w.org\/{rel}","templated":true}]}}