{"id":1388,"date":"2023-02-12T14:42:08","date_gmt":"2023-02-12T13:42:08","guid":{"rendered":"https:\/\/khublei-indienhilfe.de\/?page_id=1388"},"modified":"2023-03-02T19:45:59","modified_gmt":"2023-03-02T18:45:59","slug":"existenzsicherung","status":"publish","type":"page","link":"https:\/\/khublei-indienhilfe.de\/es\/projekte\/existenzsicherung\/","title":{"rendered":"Asegurar los medios de vida"},"content":{"rendered":"<p>Ofrecemos varios proyectos que est\u00e1n destinados a permitir que aquellos necesitados se ganen la vida o alivien sus dificultades a trav\u00e9s de sus propios esfuerzos. A trav\u00e9s de las propias acciones se mantiene la dignidad y las familias no dependen de un goteo.<\/p>\n\n\n\n<p><em>Al hacer clic en la imagen se abre la p\u00e1gina del proyecto respectivo con m\u00e1s detalles.<\/em><\/p>\n\n\n\n<h2 class=\"alignwide has-text-align-center wp-block-heading\">Proyectos de formaci\u00f3n para grupos.<\/h2>\n\n\n\n<div class=\"wp-block-columns alignwide is-layout-flex wp-container-core-columns-is-layout-9d6595d7 wp-block-columns-is-layout-flex\">\n<div class=\"wp-block-column is-layout-flow wp-block-column-is-layout-flow\">\n<figure class=\"wp-block-image size-large is-style-default\"><a href=\"https:\/\/khublei-indienhilfe.de\/es\/projekte\/existenzsicherung\/herstellung-von-eingelegtem-gemuese\/\"><img loading=\"lazy\" decoding=\"async\" width=\"1024\" height=\"768\" src=\"https:\/\/khublei-indienhilfe.de\/wp-content\/uploads\/Existenzsicherung-1-1024x768.jpg\" alt=\"\" class=\"wp-image-1389\" srcset=\"https:\/\/khublei-indienhilfe.de\/wp-content\/uploads\/Existenzsicherung-1-1024x768.jpg 1024w, https:\/\/khublei-indienhilfe.de\/wp-content\/uploads\/Existenzsicherung-1-300x225.jpg 300w, https:\/\/khublei-indienhilfe.de\/wp-content\/uploads\/Existenzsicherung-1-768x576.jpg 768w, https:\/\/khublei-indienhilfe.de\/wp-content\/uploads\/Existenzsicherung-1.jpg 1040w\" sizes=\"auto, (max-width: 1024px) 100vw, 1024px\" \/><\/a><figcaption class=\"wp-element-caption\">Preparaci\u00f3n de verduras encurtidas<\/figcaption><\/figure>\n<\/div>\n\n\n\n<div class=\"wp-block-column is-layout-flow wp-block-column-is-layout-flow\">\n<figure class=\"wp-block-image size-large\"><a href=\"https:\/\/khublei-indienhilfe.de\/es\/projekte\/existenzsicherung\/bonbon-herstellung\/\"><img loading=\"lazy\" decoding=\"async\" width=\"2560\" height=\"1920\" src=\"https:\/\/khublei-indienhilfe.de\/wp-content\/uploads\/Existenzsicherung-2-edited-scaled.jpg\" alt=\"\" class=\"wp-image-1399\" srcset=\"https:\/\/khublei-indienhilfe.de\/wp-content\/uploads\/Existenzsicherung-2-edited-scaled.jpg 2560w, https:\/\/khublei-indienhilfe.de\/wp-content\/uploads\/Existenzsicherung-2-edited-300x225.jpg 300w, https:\/\/khublei-indienhilfe.de\/wp-content\/uploads\/Existenzsicherung-2-edited-1024x768.jpg 1024w, https:\/\/khublei-indienhilfe.de\/wp-content\/uploads\/Existenzsicherung-2-edited-768x576.jpg 768w, https:\/\/khublei-indienhilfe.de\/wp-content\/uploads\/Existenzsicherung-2-edited-1536x1152.jpg 1536w, https:\/\/khublei-indienhilfe.de\/wp-content\/uploads\/Existenzsicherung-2-edited-2048x1536.jpg 2048w, https:\/\/khublei-indienhilfe.de\/wp-content\/uploads\/Existenzsicherung-2-edited-1200x900.jpg 1200w, https:\/\/khublei-indienhilfe.de\/wp-content\/uploads\/Existenzsicherung-2-edited-1980x1485.jpg 1980w\" sizes=\"auto, (max-width: 2560px) 100vw, 2560px\" \/><\/a><figcaption class=\"wp-element-caption\">hacer dulces<\/figcaption><\/figure>\n<\/div>\n\n\n\n<div class=\"wp-block-column is-layout-flow wp-block-column-is-layout-flow\">\n<figure class=\"wp-block-image size-large\"><a href=\"https:\/\/khublei-indienhilfe.de\/es\/projekte\/existenzsicherung\/wein-und-fruchtsaft-herstellung\/\"><img loading=\"lazy\" decoding=\"async\" width=\"2560\" height=\"1920\" src=\"https:\/\/khublei-indienhilfe.de\/wp-content\/uploads\/Existenzsicherung-3-edited-scaled.jpg\" alt=\"\" class=\"wp-image-1400\" srcset=\"https:\/\/khublei-indienhilfe.de\/wp-content\/uploads\/Existenzsicherung-3-edited-scaled.jpg 2560w, https:\/\/khublei-indienhilfe.de\/wp-content\/uploads\/Existenzsicherung-3-edited-300x225.jpg 300w, https:\/\/khublei-indienhilfe.de\/wp-content\/uploads\/Existenzsicherung-3-edited-1024x768.jpg 1024w, https:\/\/khublei-indienhilfe.de\/wp-content\/uploads\/Existenzsicherung-3-edited-768x576.jpg 768w, https:\/\/khublei-indienhilfe.de\/wp-content\/uploads\/Existenzsicherung-3-edited-1536x1152.jpg 1536w, https:\/\/khublei-indienhilfe.de\/wp-content\/uploads\/Existenzsicherung-3-edited-2048x1536.jpg 2048w, https:\/\/khublei-indienhilfe.de\/wp-content\/uploads\/Existenzsicherung-3-edited-1200x900.jpg 1200w, https:\/\/khublei-indienhilfe.de\/wp-content\/uploads\/Existenzsicherung-3-edited-1980x1485.jpg 1980w\" sizes=\"auto, (max-width: 2560px) 100vw, 2560px\" \/><\/a><figcaption class=\"wp-element-caption\">Producci\u00f3n de vino y zumos de frutas.<\/figcaption><\/figure>\n<\/div>\n<\/div>\n\n\n\n<div class=\"wp-block-columns alignwide is-layout-flex wp-container-core-columns-is-layout-9d6595d7 wp-block-columns-is-layout-flex\">\n<div class=\"wp-block-column is-layout-flow wp-block-column-is-layout-flow\">\n<figure class=\"wp-block-image size-large\"><a href=\"https:\/\/khublei-indienhilfe.de\/es\/projekte\/existenzsicherung\/baeckereiprodukte-herstellung\/\"><img loading=\"lazy\" decoding=\"async\" width=\"2560\" height=\"1920\" src=\"https:\/\/khublei-indienhilfe.de\/wp-content\/uploads\/Existenzsicherung-4-edited-1-scaled.jpg\" alt=\"\" class=\"wp-image-1402\" srcset=\"https:\/\/khublei-indienhilfe.de\/wp-content\/uploads\/Existenzsicherung-4-edited-1-scaled.jpg 2560w, https:\/\/khublei-indienhilfe.de\/wp-content\/uploads\/Existenzsicherung-4-edited-1-300x225.jpg 300w, https:\/\/khublei-indienhilfe.de\/wp-content\/uploads\/Existenzsicherung-4-edited-1-1024x768.jpg 1024w, https:\/\/khublei-indienhilfe.de\/wp-content\/uploads\/Existenzsicherung-4-edited-1-768x576.jpg 768w, https:\/\/khublei-indienhilfe.de\/wp-content\/uploads\/Existenzsicherung-4-edited-1-1536x1152.jpg 1536w, https:\/\/khublei-indienhilfe.de\/wp-content\/uploads\/Existenzsicherung-4-edited-1-2048x1536.jpg 2048w, https:\/\/khublei-indienhilfe.de\/wp-content\/uploads\/Existenzsicherung-4-edited-1-1200x900.jpg 1200w, https:\/\/khublei-indienhilfe.de\/wp-content\/uploads\/Existenzsicherung-4-edited-1-1980x1485.jpg 1980w\" sizes=\"auto, (max-width: 2560px) 100vw, 2560px\" \/><\/a><figcaption class=\"wp-element-caption\">producci\u00f3n de productos de panader\u00eda<\/figcaption><\/figure>\n<\/div>\n\n\n\n<div class=\"wp-block-column is-layout-flow wp-block-column-is-layout-flow\">\n<figure class=\"wp-block-image size-large\"><a href=\"https:\/\/khublei-indienhilfe.de\/es\/projekte\/existenzsicherung\/kompost-duengemittelherstellung\/\"><img loading=\"lazy\" decoding=\"async\" width=\"1024\" height=\"768\" src=\"https:\/\/khublei-indienhilfe.de\/wp-content\/uploads\/Existenzsicherung-5-1024x768.jpg\" alt=\"\" class=\"wp-image-1393\" srcset=\"https:\/\/khublei-indienhilfe.de\/wp-content\/uploads\/Existenzsicherung-5-1024x768.jpg 1024w, https:\/\/khublei-indienhilfe.de\/wp-content\/uploads\/Existenzsicherung-5-300x225.jpg 300w, https:\/\/khublei-indienhilfe.de\/wp-content\/uploads\/Existenzsicherung-5-768x576.jpg 768w, https:\/\/khublei-indienhilfe.de\/wp-content\/uploads\/Existenzsicherung-5-1536x1152.jpg 1536w, https:\/\/khublei-indienhilfe.de\/wp-content\/uploads\/Existenzsicherung-5-2048x1536.jpg 2048w, https:\/\/khublei-indienhilfe.de\/wp-content\/uploads\/Existenzsicherung-5-1200x900.jpg 1200w, https:\/\/khublei-indienhilfe.de\/wp-content\/uploads\/Existenzsicherung-5-1980x1485.jpg 1980w\" sizes=\"auto, (max-width: 1024px) 100vw, 1024px\" \/><\/a><figcaption class=\"wp-element-caption\">Producci\u00f3n de abono org\u00e1nico y fertilizantes.<\/figcaption><\/figure>\n<\/div>\n\n\n\n<div class=\"wp-block-column is-layout-flow wp-block-column-is-layout-flow\">\n<figure class=\"wp-block-image size-large\"><a href=\"https:\/\/khublei-indienhilfe.de\/es\/projekte\/existenzsicherung\/anbau-von-blumenkulturen\/\"><img loading=\"lazy\" decoding=\"async\" width=\"1024\" height=\"768\" src=\"https:\/\/khublei-indienhilfe.de\/wp-content\/uploads\/Existenzsicherung-6-1024x768.jpeg\" alt=\"\" class=\"wp-image-1394\" srcset=\"https:\/\/khublei-indienhilfe.de\/wp-content\/uploads\/Existenzsicherung-6-1024x768.jpeg 1024w, https:\/\/khublei-indienhilfe.de\/wp-content\/uploads\/Existenzsicherung-6-300x225.jpeg 300w, https:\/\/khublei-indienhilfe.de\/wp-content\/uploads\/Existenzsicherung-6-768x576.jpeg 768w, https:\/\/khublei-indienhilfe.de\/wp-content\/uploads\/Existenzsicherung-6.jpeg 1040w\" sizes=\"auto, (max-width: 1024px) 100vw, 1024px\" \/><\/a><figcaption class=\"wp-element-caption\">Cultivo de cultivos de flores.<\/figcaption><\/figure>\n<\/div>\n<\/div>\n\n\n\n<div class=\"wp-block-columns alignwide is-layout-flex wp-container-core-columns-is-layout-9d6595d7 wp-block-columns-is-layout-flex\">\n<div class=\"wp-block-column is-layout-flow wp-block-column-is-layout-flow\">\n<figure class=\"wp-block-image size-large\"><a href=\"https:\/\/khublei-indienhilfe.de\/es\/projekte\/existenzsicherung\/gartenbau-management\/\"><img loading=\"lazy\" decoding=\"async\" width=\"802\" height=\"601\" src=\"https:\/\/khublei-indienhilfe.de\/wp-content\/uploads\/Existenzsicherung-7-edited.jpeg\" alt=\"\" class=\"wp-image-1403\" srcset=\"https:\/\/khublei-indienhilfe.de\/wp-content\/uploads\/Existenzsicherung-7-edited.jpeg 802w, https:\/\/khublei-indienhilfe.de\/wp-content\/uploads\/Existenzsicherung-7-edited-300x225.jpeg 300w, https:\/\/khublei-indienhilfe.de\/wp-content\/uploads\/Existenzsicherung-7-edited-768x576.jpeg 768w\" sizes=\"auto, (max-width: 802px) 100vw, 802px\" \/><\/a><figcaption class=\"wp-element-caption\">Gesti\u00f3n de la horticultura<\/figcaption><\/figure>\n<\/div>\n\n\n\n<div class=\"wp-block-column is-layout-flow wp-block-column-is-layout-flow\">\n<figure class=\"wp-block-image size-large\"><a href=\"https:\/\/khublei-indienhilfe.de\/es\/projekte\/existenzsicherung\/reisanbau-fischzucht\/\"><img loading=\"lazy\" decoding=\"async\" width=\"1024\" height=\"768\" src=\"https:\/\/khublei-indienhilfe.de\/wp-content\/uploads\/Existenzsicherung-8-1024x768.jpg\" alt=\"\" class=\"wp-image-1397\" srcset=\"https:\/\/khublei-indienhilfe.de\/wp-content\/uploads\/Existenzsicherung-8-1024x768.jpg 1024w, https:\/\/khublei-indienhilfe.de\/wp-content\/uploads\/Existenzsicherung-8-300x225.jpg 300w, https:\/\/khublei-indienhilfe.de\/wp-content\/uploads\/Existenzsicherung-8-768x576.jpg 768w, https:\/\/khublei-indienhilfe.de\/wp-content\/uploads\/Existenzsicherung-8-1200x900.jpg 1200w, https:\/\/khublei-indienhilfe.de\/wp-content\/uploads\/Existenzsicherung-8.jpg 1280w\" sizes=\"auto, (max-width: 1024px) 100vw, 1024px\" \/><\/a><figcaption class=\"wp-element-caption\">Cultivo de arroz y piscicultura<\/figcaption><\/figure>\n<\/div>\n\n\n\n<div class=\"wp-block-column is-layout-flow wp-block-column-is-layout-flow\">\n<figure class=\"wp-block-image size-large\"><a href=\"https:\/\/khublei-indienhilfe.de\/es\/projekte\/existenzsicherung\/indigenes-schnellrestaurant\/\"><img loading=\"lazy\" decoding=\"async\" width=\"2560\" height=\"1920\" src=\"https:\/\/khublei-indienhilfe.de\/wp-content\/uploads\/Existenzsicherung-9-3-edited-scaled.jpg\" alt=\"\" class=\"wp-image-1490\" srcset=\"https:\/\/khublei-indienhilfe.de\/wp-content\/uploads\/Existenzsicherung-9-3-edited-scaled.jpg 2560w, https:\/\/khublei-indienhilfe.de\/wp-content\/uploads\/Existenzsicherung-9-3-edited-300x225.jpg 300w, https:\/\/khublei-indienhilfe.de\/wp-content\/uploads\/Existenzsicherung-9-3-edited-1024x768.jpg 1024w, https:\/\/khublei-indienhilfe.de\/wp-content\/uploads\/Existenzsicherung-9-3-edited-768x576.jpg 768w, https:\/\/khublei-indienhilfe.de\/wp-content\/uploads\/Existenzsicherung-9-3-edited-1536x1152.jpg 1536w, https:\/\/khublei-indienhilfe.de\/wp-content\/uploads\/Existenzsicherung-9-3-edited-2048x1536.jpg 2048w, https:\/\/khublei-indienhilfe.de\/wp-content\/uploads\/Existenzsicherung-9-3-edited-1200x900.jpg 1200w, https:\/\/khublei-indienhilfe.de\/wp-content\/uploads\/Existenzsicherung-9-3-edited-1980x1485.jpg 1980w\" sizes=\"auto, (max-width: 2560px) 100vw, 2560px\" \/><\/a><figcaption class=\"wp-element-caption\">Dirigir un restaurante de comida r\u00e1pida ind\u00edgena.<\/figcaption><\/figure>\n<\/div>\n<\/div>\n\n\n\n<h2 class=\"alignwide has-text-align-center wp-block-heading\">Proyectos para particulares y familias.<\/h2>\n\n\n\n<div class=\"wp-block-columns alignwide is-layout-flex wp-container-core-columns-is-layout-9d6595d7 wp-block-columns-is-layout-flex\">\n<div class=\"wp-block-column is-layout-flow wp-block-column-is-layout-flow\">\n<figure class=\"wp-block-image size-large\"><a href=\"https:\/\/khublei-indienhilfe.de\/es\/projekte\/existenzsicherung\/gefluegelaufzucht\/\"><img loading=\"lazy\" decoding=\"async\" width=\"1024\" height=\"768\" src=\"https:\/\/khublei-indienhilfe.de\/wp-content\/uploads\/Gefluegelaufzucht-4-1024x768.jpg\" alt=\"\" class=\"wp-image-1462\" srcset=\"https:\/\/khublei-indienhilfe.de\/wp-content\/uploads\/Gefluegelaufzucht-4-1024x768.jpg 1024w, https:\/\/khublei-indienhilfe.de\/wp-content\/uploads\/Gefluegelaufzucht-4-300x225.jpg 300w, https:\/\/khublei-indienhilfe.de\/wp-content\/uploads\/Gefluegelaufzucht-4-768x576.jpg 768w, https:\/\/khublei-indienhilfe.de\/wp-content\/uploads\/Gefluegelaufzucht-4-1200x900.jpg 1200w, https:\/\/khublei-indienhilfe.de\/wp-content\/uploads\/Gefluegelaufzucht-4.jpg 1280w\" sizes=\"auto, (max-width: 1024px) 100vw, 1024px\" \/><\/a><figcaption class=\"wp-element-caption\">cr\u00eda de aves de corral<\/figcaption><\/figure>\n<\/div>\n\n\n\n<div class=\"wp-block-column is-layout-flow wp-block-column-is-layout-flow\">\n<figure class=\"wp-block-image size-large\"><a href=\"https:\/\/khublei-indienhilfe.de\/es\/projekte\/existenzsicherung\/schweineaufzucht\/\"><img loading=\"lazy\" decoding=\"async\" width=\"1334\" height=\"1000\" src=\"https:\/\/khublei-indienhilfe.de\/wp-content\/uploads\/Schweineaufzucht-5-edited.jpg\" alt=\"\" class=\"wp-image-1494\" srcset=\"https:\/\/khublei-indienhilfe.de\/wp-content\/uploads\/Schweineaufzucht-5-edited.jpg 1334w, https:\/\/khublei-indienhilfe.de\/wp-content\/uploads\/Schweineaufzucht-5-edited-300x225.jpg 300w, https:\/\/khublei-indienhilfe.de\/wp-content\/uploads\/Schweineaufzucht-5-edited-1024x768.jpg 1024w, https:\/\/khublei-indienhilfe.de\/wp-content\/uploads\/Schweineaufzucht-5-edited-768x576.jpg 768w, https:\/\/khublei-indienhilfe.de\/wp-content\/uploads\/Schweineaufzucht-5-edited-1200x900.jpg 1200w\" sizes=\"auto, (max-width: 1334px) 100vw, 1334px\" \/><\/a><figcaption class=\"wp-element-caption\">cr\u00eda de cerdos<\/figcaption><\/figure>\n<\/div>\n\n\n\n<div class=\"wp-block-column is-layout-flow wp-block-column-is-layout-flow\">\n<figure class=\"wp-block-image size-large\"><a href=\"https:\/\/khublei-indienhilfe.de\/es\/projekte\/existenzsicherung\/bienenkorb\/\"><img loading=\"lazy\" decoding=\"async\" width=\"1334\" height=\"1000\" src=\"https:\/\/khublei-indienhilfe.de\/wp-content\/uploads\/Bienenkorb-4-edited.jpg\" alt=\"\" class=\"wp-image-1495\" srcset=\"https:\/\/khublei-indienhilfe.de\/wp-content\/uploads\/Bienenkorb-4-edited.jpg 1334w, https:\/\/khublei-indienhilfe.de\/wp-content\/uploads\/Bienenkorb-4-edited-300x225.jpg 300w, https:\/\/khublei-indienhilfe.de\/wp-content\/uploads\/Bienenkorb-4-edited-1024x768.jpg 1024w, https:\/\/khublei-indienhilfe.de\/wp-content\/uploads\/Bienenkorb-4-edited-768x576.jpg 768w, https:\/\/khublei-indienhilfe.de\/wp-content\/uploads\/Bienenkorb-4-edited-1200x900.jpg 1200w\" sizes=\"auto, (max-width: 1334px) 100vw, 1334px\" \/><\/a><figcaption class=\"wp-element-caption\">Colmena<\/figcaption><\/figure>\n<\/div>\n<\/div>\n\n\n\n<div class=\"wp-block-columns alignwide is-layout-flex wp-container-core-columns-is-layout-9d6595d7 wp-block-columns-is-layout-flex\">\n<div class=\"wp-block-column is-layout-flow wp-block-column-is-layout-flow\">\n<figure class=\"wp-block-image size-large\"><a href=\"https:\/\/khublei-indienhilfe.de\/es\/projekte\/existenzsicherung\/pilzanbau\/\"><img loading=\"lazy\" decoding=\"async\" width=\"1024\" height=\"768\" src=\"https:\/\/khublei-indienhilfe.de\/wp-content\/uploads\/Pilzanbau-5-1024x768.jpg\" alt=\"\" class=\"wp-image-1482\" srcset=\"https:\/\/khublei-indienhilfe.de\/wp-content\/uploads\/Pilzanbau-5-1024x768.jpg 1024w, https:\/\/khublei-indienhilfe.de\/wp-content\/uploads\/Pilzanbau-5-300x225.jpg 300w, https:\/\/khublei-indienhilfe.de\/wp-content\/uploads\/Pilzanbau-5-768x576.jpg 768w, https:\/\/khublei-indienhilfe.de\/wp-content\/uploads\/Pilzanbau-5-1536x1152.jpg 1536w, https:\/\/khublei-indienhilfe.de\/wp-content\/uploads\/Pilzanbau-5-2048x1536.jpg 2048w, https:\/\/khublei-indienhilfe.de\/wp-content\/uploads\/Pilzanbau-5-1200x900.jpg 1200w, https:\/\/khublei-indienhilfe.de\/wp-content\/uploads\/Pilzanbau-5-1980x1485.jpg 1980w\" sizes=\"auto, (max-width: 1024px) 100vw, 1024px\" \/><\/a><figcaption class=\"wp-element-caption\">cultivo de hongos<\/figcaption><\/figure>\n<\/div>\n\n\n\n<div class=\"wp-block-column is-layout-flow wp-block-column-is-layout-flow\"><\/div>\n\n\n\n<div class=\"wp-block-column is-layout-flow wp-block-column-is-layout-flow\">\n<figure class=\"wp-block-image size-large\"><a href=\"https:\/\/khublei-indienhilfe.de\/es\/projekte\/existenzsicherung\/agrarprodukte-verarbeitung\/\"><img loading=\"lazy\" decoding=\"async\" width=\"1024\" height=\"768\" src=\"https:\/\/khublei-indienhilfe.de\/wp-content\/uploads\/Agrarprodukte-Verarbeitung-2-1024x768.jpg\" alt=\"\" class=\"wp-image-1480\" srcset=\"https:\/\/khublei-indienhilfe.de\/wp-content\/uploads\/Agrarprodukte-Verarbeitung-2-1024x768.jpg 1024w, https:\/\/khublei-indienhilfe.de\/wp-content\/uploads\/Agrarprodukte-Verarbeitung-2-300x225.jpg 300w, https:\/\/khublei-indienhilfe.de\/wp-content\/uploads\/Agrarprodukte-Verarbeitung-2-768x576.jpg 768w, https:\/\/khublei-indienhilfe.de\/wp-content\/uploads\/Agrarprodukte-Verarbeitung-2-1536x1152.jpg 1536w, https:\/\/khublei-indienhilfe.de\/wp-content\/uploads\/Agrarprodukte-Verarbeitung-2-2048x1536.jpg 2048w, https:\/\/khublei-indienhilfe.de\/wp-content\/uploads\/Agrarprodukte-Verarbeitung-2-1200x900.jpg 1200w, https:\/\/khublei-indienhilfe.de\/wp-content\/uploads\/Agrarprodukte-Verarbeitung-2-1980x1485.jpg 1980w\" sizes=\"auto, (max-width: 1024px) 100vw, 1024px\" \/><\/a><figcaption class=\"wp-element-caption\">Procesamiento de productos agr\u00edcolas<\/figcaption><\/figure>\n<\/div>\n<\/div>","protected":false},"excerpt":{"rendered":"<p>Wir bieten verschiedene Projekte an, die es Bed\u00fcrftigen erm\u00f6glichen sollen, durch eigenes Tun den Lebensunterhalt zu bestreiten bzw. die Not zu lindern. Durch das eigene Tun wird die W\u00fcrde erhalten und die Familien h\u00e4ngen nicht am Tropf. Ein Klick auf das Bild \u00f6ffnet die jeweilige Projektseite mit weiteren Details. Schulungsprojekte f\u00fcr Gruppen Projekte f\u00fcr Einzelpersonen [&hellip;]<\/p>\n","protected":false},"author":2,"featured_media":0,"parent":144,"menu_order":2,"comment_status":"closed","ping_status":"closed","template":"templates\/template-full-width.php","meta":{"footnotes":""},"class_list":["post-1388","page","type-page","status-publish","hentry"],"_links":{"self":[{"href":"https:\/\/khublei-indienhilfe.de\/es\/wp-json\/wp\/v2\/pages\/1388","targetHints":{"allow":["GET"]}}],"collection":[{"href":"https:\/\/khublei-indienhilfe.de\/es\/wp-json\/wp\/v2\/pages"}],"about":[{"href":"https:\/\/khublei-indienhilfe.de\/es\/wp-json\/wp\/v2\/types\/page"}],"author":[{"embeddable":true,"href":"https:\/\/khublei-indienhilfe.de\/es\/wp-json\/wp\/v2\/users\/2"}],"replies":[{"embeddable":true,"href":"https:\/\/khublei-indienhilfe.de\/es\/wp-json\/wp\/v2\/comments?post=1388"}],"version-history":[{"count":10,"href":"https:\/\/khublei-indienhilfe.de\/es\/wp-json\/wp\/v2\/pages\/1388\/revisions"}],"predecessor-version":[{"id":1606,"href":"https:\/\/khublei-indienhilfe.de\/es\/wp-json\/wp\/v2\/pages\/1388\/revisions\/1606"}],"up":[{"embeddable":true,"href":"https:\/\/khublei-indienhilfe.de\/es\/wp-json\/wp\/v2\/pages\/144"}],"wp:attachment":[{"href":"https:\/\/khublei-indienhilfe.de\/es\/wp-json\/wp\/v2\/media?parent=1388"}],"curies":[{"name":"wp","href":"https:\/\/api.w.org\/{rel}","templated":true}]}}