{"id":1425,"date":"2023-02-12T15:18:04","date_gmt":"2023-02-12T14:18:04","guid":{"rendered":"https:\/\/khublei-indienhilfe.de\/?page_id=1425"},"modified":"2023-03-02T19:58:54","modified_gmt":"2023-03-02T18:58:54","slug":"kompost-duengemittelherstellung","status":"publish","type":"page","link":"https:\/\/khublei-indienhilfe.de\/es\/projekte\/existenzsicherung\/kompost-duengemittelherstellung\/","title":{"rendered":"Producci\u00f3n de abono org\u00e1nico y fertilizantes."},"content":{"rendered":"<div class=\"wp-block-columns is-layout-flex wp-container-core-columns-is-layout-9d6595d7 wp-block-columns-is-layout-flex\">\n<div class=\"wp-block-column is-layout-flow wp-block-column-is-layout-flow\" style=\"flex-basis:66.66%\">\n<p><\/p>\n\n\n\n<p>La promoci\u00f3n de biofertilizantes se ha convertido en una preocupaci\u00f3n importante en estos d\u00edas debido a preocupaciones ambientales y de salud. El fertilizante org\u00e1nico generalmente se elabora a partir de desechos vegetales o animales, esti\u00e9rcol o compost. Tambi\u00e9n pueden ser productos a base de compost o esti\u00e9rcol. Gracias a las sustancias org\u00e1nicas contenidas en los fertilizantes org\u00e1nicos, se mejora la estructura del suelo, aumentando la capacidad del suelo para retener agua y nutrientes. La creciente preferencia de los consumidores por los alimentos org\u00e1nicos, la mejora de la fertilidad del suelo y la promoci\u00f3n gubernamental de los fertilizantes org\u00e1nicos han impulsado el crecimiento del mercado de fertilizantes org\u00e1nicos en el distrito.<\/p>\n\n\n\n<p><strong>Meta:<\/strong> Promover la agricultura org\u00e1nica y crear oportunidades de ingresos para los agricultores: ayudarlos a ayudarse a s\u00ed mismos<br><strong>Per\u00edodo de tiempo<\/strong>: 2 d\u00edas<br><strong>Grupo objetivo:<\/strong> Mujer<br><strong>Part\u00edcipe<\/strong>: 20 personas<br><strong>Costo: <\/strong>450 euros (formaci\u00f3n para 20 personas en las instalaciones de JHDS en Jowai, incluidos gastos de viaje, alojamiento y comida para los participantes, materiales b\u00e1sicos, material de formaci\u00f3n necesario, equipo de formaci\u00f3n, formadores; costes por participante: 22,50 euros)<\/p>\n<\/div>\n\n\n\n<div class=\"wp-block-column is-layout-flow wp-block-column-is-layout-flow\" style=\"flex-basis:33.33%\"><div class=\"wp-block-image\">\n<figure class=\"aligncenter size-large\"><img loading=\"lazy\" decoding=\"async\" width=\"1024\" height=\"768\" src=\"https:\/\/khublei-indienhilfe.de\/wp-content\/uploads\/Existenzsicherung-5-1024x768.jpg\" alt=\"\" class=\"wp-image-1393\" srcset=\"https:\/\/khublei-indienhilfe.de\/wp-content\/uploads\/Existenzsicherung-5-1024x768.jpg 1024w, https:\/\/khublei-indienhilfe.de\/wp-content\/uploads\/Existenzsicherung-5-300x225.jpg 300w, https:\/\/khublei-indienhilfe.de\/wp-content\/uploads\/Existenzsicherung-5-768x576.jpg 768w, https:\/\/khublei-indienhilfe.de\/wp-content\/uploads\/Existenzsicherung-5-1536x1152.jpg 1536w, https:\/\/khublei-indienhilfe.de\/wp-content\/uploads\/Existenzsicherung-5-2048x1536.jpg 2048w, https:\/\/khublei-indienhilfe.de\/wp-content\/uploads\/Existenzsicherung-5-1200x900.jpg 1200w, https:\/\/khublei-indienhilfe.de\/wp-content\/uploads\/Existenzsicherung-5-1980x1485.jpg 1980w\" sizes=\"auto, (max-width: 1024px) 100vw, 1024px\" \/><\/figure>\n<\/div><\/div>\n<\/div>\n\n\n\n<div class=\"wp-block-buttons has-custom-font-size is-horizontal is-content-justification-center is-layout-flex wp-container-core-buttons-is-layout-937ffba9 wp-block-buttons-is-layout-flex\" style=\"font-size:16px\">\n<div class=\"wp-block-button is-style-outline is-style-outline--1\"><a class=\"wp-block-button__link wp-element-button\" href=\"https:\/\/khublei-indienhilfe.de\/es\/projekte\/existenzsicherung\/baeckereiprodukte-herstellung\/\">\u2190 Anterior<\/a><\/div>\n\n\n\n<div class=\"wp-block-button is-style-outline is-style-outline--2\"><a class=\"wp-block-button__link wp-element-button\" href=\"https:\/\/khublei-indienhilfe.de\/es\/projekte\/existenzsicherung\/\">\u2191 Descripci\u00f3n general<\/a><\/div>\n\n\n\n<div class=\"wp-block-button is-style-outline is-style-outline--3\"><a class=\"wp-block-button__link wp-element-button\" href=\"https:\/\/khublei-indienhilfe.de\/es\/projekte\/existenzsicherung\/anbau-von-blumenkulturen\/\">Siguiente \u2192<\/a><\/div>\n<\/div>","protected":false},"excerpt":{"rendered":"<p>Die F\u00f6rderung von Biod\u00fcnger ist heutzutage aufgrund von Umwelt- und Gesundheitsaspekten zu einem Hauptanliegen geworden. Organischer D\u00fcnger wird in der Regel aus pflanzlichen oder tierischen Abf\u00e4llen, Mist oder Kompost hergestellt. Es kann sich auch um Produkte auf Kompost- oder G\u00fcllebasis handeln. Aufgrund der im organischen D\u00fcnger enthaltenen organischen Substanzen wird die Bodenstruktur verbessert, wodurch die [&hellip;]<\/p>\n","protected":false},"author":2,"featured_media":0,"parent":1388,"menu_order":5,"comment_status":"closed","ping_status":"closed","template":"templates\/template-full-width.php","meta":{"footnotes":""},"class_list":["post-1425","page","type-page","status-publish","hentry"],"_links":{"self":[{"href":"https:\/\/khublei-indienhilfe.de\/es\/wp-json\/wp\/v2\/pages\/1425","targetHints":{"allow":["GET"]}}],"collection":[{"href":"https:\/\/khublei-indienhilfe.de\/es\/wp-json\/wp\/v2\/pages"}],"about":[{"href":"https:\/\/khublei-indienhilfe.de\/es\/wp-json\/wp\/v2\/types\/page"}],"author":[{"embeddable":true,"href":"https:\/\/khublei-indienhilfe.de\/es\/wp-json\/wp\/v2\/users\/2"}],"replies":[{"embeddable":true,"href":"https:\/\/khublei-indienhilfe.de\/es\/wp-json\/wp\/v2\/comments?post=1425"}],"version-history":[{"count":4,"href":"https:\/\/khublei-indienhilfe.de\/es\/wp-json\/wp\/v2\/pages\/1425\/revisions"}],"predecessor-version":[{"id":1604,"href":"https:\/\/khublei-indienhilfe.de\/es\/wp-json\/wp\/v2\/pages\/1425\/revisions\/1604"}],"up":[{"embeddable":true,"href":"https:\/\/khublei-indienhilfe.de\/es\/wp-json\/wp\/v2\/pages\/1388"}],"wp:attachment":[{"href":"https:\/\/khublei-indienhilfe.de\/es\/wp-json\/wp\/v2\/media?parent=1425"}],"curies":[{"name":"wp","href":"https:\/\/api.w.org\/{rel}","templated":true}]}}