{"id":1427,"date":"2023-02-12T15:18:36","date_gmt":"2023-02-12T14:18:36","guid":{"rendered":"https:\/\/khublei-indienhilfe.de\/?page_id=1427"},"modified":"2023-03-02T19:47:10","modified_gmt":"2023-03-02T18:47:10","slug":"anbau-von-blumenkulturen","status":"publish","type":"page","link":"https:\/\/khublei-indienhilfe.de\/es\/projekte\/existenzsicherung\/anbau-von-blumenkulturen\/","title":{"rendered":"Cultivo de cultivos de flores."},"content":{"rendered":"<div class=\"wp-block-columns is-layout-flex wp-container-core-columns-is-layout-9d6595d7 wp-block-columns-is-layout-flex\">\n<div class=\"wp-block-column is-layout-flow wp-block-column-is-layout-flow\" style=\"flex-basis:66.66%\">\n<p><\/p>\n\n\n\n<p>La diversidad agroclim\u00e1tica del distrito, con sus elevadas precipitaciones repartidas en un monz\u00f3n de cuatro meses y un invierno razonablemente templado, permite el cultivo de una amplia variedad de cultivos florales. Flores como el jazm\u00edn, la rosa, el nardo, la cal\u00e9ndula, el girasol, etc. son las principales plantas ornamentales comerciales que se cultivan en esta zona. Sin embargo, la productividad de la mayor\u00eda de las plantas ornamentales en el distrito es bastante baja en comparaci\u00f3n con el promedio de todos los estados del noreste, as\u00ed como con algunos estados agr\u00edcolas importantes de la India. Por lo tanto, promover esta actividad mejorar\u00e1 las oportunidades de empleo y las oportunidades de generaci\u00f3n de ingresos, especialmente para las mujeres del distrito. Adem\u00e1s, las flores son ahora un mercado popular, especialmente en las zonas urbanas.<\/p>\n\n\n\n<p><strong>Meta:<\/strong> Creaci\u00f3n de empleos y oportunidades de subsistencia para 20 mujeres solteras: ayud\u00e1ndolas a ayudarse a s\u00ed mismas<br><strong>Per\u00edodo de tiempo<\/strong>: 2 d\u00edas<br><strong>Grupo objetivo:<\/strong> Mujer<br><strong>Part\u00edcipe<\/strong>: 20 personas<br><strong>Costo: <\/strong>360 euros (formaci\u00f3n para 20 personas en las instalaciones de JHDS en Jowai, incluidos gastos de viaje, alojamiento y comidas para los participantes, materiales b\u00e1sicos, materiales de formaci\u00f3n necesarios, equipo de formaci\u00f3n, formadores; costes por participante: 17 euros)<\/p>\n<\/div>\n\n\n\n<div class=\"wp-block-column is-layout-flow wp-block-column-is-layout-flow\" style=\"flex-basis:33.33%\"><div class=\"wp-block-image\">\n<figure class=\"aligncenter size-large\"><img loading=\"lazy\" decoding=\"async\" width=\"1024\" height=\"768\" src=\"https:\/\/khublei-indienhilfe.de\/wp-content\/uploads\/Existenzsicherung-6-1024x768.jpeg\" alt=\"\" class=\"wp-image-1394\" srcset=\"https:\/\/khublei-indienhilfe.de\/wp-content\/uploads\/Existenzsicherung-6-1024x768.jpeg 1024w, https:\/\/khublei-indienhilfe.de\/wp-content\/uploads\/Existenzsicherung-6-300x225.jpeg 300w, https:\/\/khublei-indienhilfe.de\/wp-content\/uploads\/Existenzsicherung-6-768x576.jpeg 768w, https:\/\/khublei-indienhilfe.de\/wp-content\/uploads\/Existenzsicherung-6.jpeg 1040w\" sizes=\"auto, (max-width: 1024px) 100vw, 1024px\" \/><\/figure>\n<\/div><\/div>\n<\/div>\n\n\n\n<div class=\"wp-block-buttons has-custom-font-size is-horizontal is-content-justification-center is-layout-flex wp-container-core-buttons-is-layout-937ffba9 wp-block-buttons-is-layout-flex\" style=\"font-size:16px\">\n<div class=\"wp-block-button is-style-outline is-style-outline--1\"><a class=\"wp-block-button__link wp-element-button\" href=\"https:\/\/khublei-indienhilfe.de\/es\/projekte\/existenzsicherung\/kompost-duengemittelherstellung\/\">\u2190 Anterior<\/a><\/div>\n\n\n\n<div class=\"wp-block-button is-style-outline is-style-outline--2\"><a class=\"wp-block-button__link wp-element-button\" href=\"https:\/\/khublei-indienhilfe.de\/es\/projekte\/existenzsicherung\/\">\u2191 Descripci\u00f3n general<\/a><\/div>\n\n\n\n<div class=\"wp-block-button is-style-outline is-style-outline--3\"><a class=\"wp-block-button__link wp-element-button\" href=\"https:\/\/khublei-indienhilfe.de\/es\/projekte\/existenzsicherung\/gartenbau-management\/\">Siguiente \u2192<\/a><\/div>\n<\/div>","protected":false},"excerpt":{"rendered":"<p>Die agroklimatische Vielfalt des Distrikts mit seinen hohen Niederschlagsmengen, die sich auf einen viermonatigen Monsun und einen einigerma\u00dfen gem\u00e4\u00dfigten Winter verteilen, erm\u00f6glicht den Anbau einer Vielzahl von Blumenkulturen. Blumen wie Jasmin, Rose, Tuberose, Ringelblume, Sonnenblume usw. sind die wichtigsten kommerziellen Zierpflanzen, die in diesem Gebiet angebaut werden. Die Produktivit\u00e4t der meisten Zierpflanzen im Distrikt ist [&hellip;]<\/p>\n","protected":false},"author":2,"featured_media":0,"parent":1388,"menu_order":6,"comment_status":"closed","ping_status":"closed","template":"templates\/template-full-width.php","meta":{"footnotes":""},"class_list":["post-1427","page","type-page","status-publish","hentry"],"_links":{"self":[{"href":"https:\/\/khublei-indienhilfe.de\/es\/wp-json\/wp\/v2\/pages\/1427","targetHints":{"allow":["GET"]}}],"collection":[{"href":"https:\/\/khublei-indienhilfe.de\/es\/wp-json\/wp\/v2\/pages"}],"about":[{"href":"https:\/\/khublei-indienhilfe.de\/es\/wp-json\/wp\/v2\/types\/page"}],"author":[{"embeddable":true,"href":"https:\/\/khublei-indienhilfe.de\/es\/wp-json\/wp\/v2\/users\/2"}],"replies":[{"embeddable":true,"href":"https:\/\/khublei-indienhilfe.de\/es\/wp-json\/wp\/v2\/comments?post=1427"}],"version-history":[{"count":5,"href":"https:\/\/khublei-indienhilfe.de\/es\/wp-json\/wp\/v2\/pages\/1427\/revisions"}],"predecessor-version":[{"id":1608,"href":"https:\/\/khublei-indienhilfe.de\/es\/wp-json\/wp\/v2\/pages\/1427\/revisions\/1608"}],"up":[{"embeddable":true,"href":"https:\/\/khublei-indienhilfe.de\/es\/wp-json\/wp\/v2\/pages\/1388"}],"wp:attachment":[{"href":"https:\/\/khublei-indienhilfe.de\/es\/wp-json\/wp\/v2\/media?parent=1427"}],"curies":[{"name":"wp","href":"https:\/\/api.w.org\/{rel}","templated":true}]}}