{"id":1429,"date":"2023-02-12T15:19:06","date_gmt":"2023-02-12T14:19:06","guid":{"rendered":"https:\/\/khublei-indienhilfe.de\/?page_id=1429"},"modified":"2023-03-02T19:47:58","modified_gmt":"2023-03-02T18:47:58","slug":"gartenbau-management","status":"publish","type":"page","link":"https:\/\/khublei-indienhilfe.de\/es\/projekte\/existenzsicherung\/gartenbau-management\/","title":{"rendered":"Gesti\u00f3n de la horticultura"},"content":{"rendered":"<div class=\"wp-block-columns is-layout-flex wp-container-core-columns-is-layout-9d6595d7 wp-block-columns-is-layout-flex\">\n<div class=\"wp-block-column is-layout-flow wp-block-column-is-layout-flow\" style=\"flex-basis:66.66%\">\n<p><\/p>\n\n\n\n<p>La demanda de cultivos hort\u00edcolas, especialmente aquellos que dan frutas y flores, est\u00e1 aumentando tanto en las zonas urbanas como en las rurales de Meghalaya. Durante la temporada festiva se observa una fuerte demanda de plantas ornamentales y con flores. Por ello se han establecido viveros en gran escala en la mayor\u00eda de los estados del noreste. Existe una necesidad urgente de promover viveros de \u00e1rboles en el distrito para garantizar la seguridad de la ecolog\u00eda y el medio ambiente. Debido a la demanda, la comercializaci\u00f3n de plantas de vivero est\u00e1 cobrando cada vez m\u00e1s importancia en todo el pa\u00eds. La facilidad de adquisici\u00f3n, el bajo mantenimiento y la rentabilidad permiten que el mercado siga creciendo. Adem\u00e1s, aumentar la conciencia entre la poblaci\u00f3n impulsar\u00e1 a\u00fan m\u00e1s el crecimiento del mercado.<\/p>\n\n\n\n<p><strong>Meta:<\/strong> Creaci\u00f3n de oportunidades de empleo para los agricultores \u2013 ayud\u00e1ndolos a ayudarse a s\u00ed mismos<br><strong>Per\u00edodo de tiempo<\/strong>: 2 d\u00edas<br><strong>Grupo objetivo:<\/strong> agricultores<br><strong>Part\u00edcipe<\/strong>: 20 personas<br><strong>Costo: <\/strong>360 euros (formaci\u00f3n para 20 personas en las instalaciones de JHDS en Jowai, incluidos gastos de viaje, alojamiento y comidas para los participantes, materiales b\u00e1sicos, materiales de formaci\u00f3n necesarios, equipo de formaci\u00f3n, formadores; costes por participante: 17 euros)<\/p>\n<\/div>\n\n\n\n<div class=\"wp-block-column is-layout-flow wp-block-column-is-layout-flow\" style=\"flex-basis:33.33%\"><div class=\"wp-block-image\">\n<figure class=\"aligncenter size-full\"><img loading=\"lazy\" decoding=\"async\" width=\"802\" height=\"601\" src=\"https:\/\/khublei-indienhilfe.de\/wp-content\/uploads\/Existenzsicherung-7-edited.jpeg\" alt=\"\" class=\"wp-image-1403\" srcset=\"https:\/\/khublei-indienhilfe.de\/wp-content\/uploads\/Existenzsicherung-7-edited.jpeg 802w, https:\/\/khublei-indienhilfe.de\/wp-content\/uploads\/Existenzsicherung-7-edited-300x225.jpeg 300w, https:\/\/khublei-indienhilfe.de\/wp-content\/uploads\/Existenzsicherung-7-edited-768x576.jpeg 768w\" sizes=\"auto, (max-width: 802px) 100vw, 802px\" \/><\/figure>\n<\/div><\/div>\n<\/div>\n\n\n\n<div class=\"wp-block-buttons has-custom-font-size is-horizontal is-content-justification-center is-layout-flex wp-container-core-buttons-is-layout-937ffba9 wp-block-buttons-is-layout-flex\" style=\"font-size:16px\">\n<div class=\"wp-block-button is-style-outline is-style-outline--1\"><a class=\"wp-block-button__link wp-element-button\" href=\"https:\/\/khublei-indienhilfe.de\/es\/projekte\/existenzsicherung\/anbau-von-blumenkulturen\/\">\u2190 Anterior<\/a><\/div>\n\n\n\n<div class=\"wp-block-button is-style-outline is-style-outline--2\"><a class=\"wp-block-button__link wp-element-button\" href=\"https:\/\/khublei-indienhilfe.de\/es\/projekte\/existenzsicherung\/\">\u2191 Descripci\u00f3n general<\/a><\/div>\n\n\n\n<div class=\"wp-block-button is-style-outline is-style-outline--3\"><a class=\"wp-block-button__link wp-element-button\" href=\"https:\/\/khublei-indienhilfe.de\/es\/projekte\/existenzsicherung\/reisanbau-fischzucht\/\">Siguiente \u2192<\/a><\/div>\n<\/div>","protected":false},"excerpt":{"rendered":"<p>Die Nachfrage nach Gartenbaupflanzen, insbesondere nach solchen, die Fr\u00fcchte und Bl\u00fcten tragen, steigt sowohl in st\u00e4dtischen als auch in l\u00e4ndlichen Gebieten Meghalayas. Eine starke Nachfrage nach Zier- und Bl\u00fctenpflanzen ist w\u00e4hrend der Festtage zu beobachten. In den meisten nord\u00f6stlichen Bundesstaaten haben sich daher Baumschulen in gro\u00dfem Umfang etabliert. Es besteht die dringende Notwendigkeit, Baumschulen im [&hellip;]<\/p>\n","protected":false},"author":3,"featured_media":0,"parent":1388,"menu_order":7,"comment_status":"closed","ping_status":"closed","template":"templates\/template-full-width.php","meta":{"footnotes":""},"class_list":["post-1429","page","type-page","status-publish","hentry"],"_links":{"self":[{"href":"https:\/\/khublei-indienhilfe.de\/es\/wp-json\/wp\/v2\/pages\/1429","targetHints":{"allow":["GET"]}}],"collection":[{"href":"https:\/\/khublei-indienhilfe.de\/es\/wp-json\/wp\/v2\/pages"}],"about":[{"href":"https:\/\/khublei-indienhilfe.de\/es\/wp-json\/wp\/v2\/types\/page"}],"author":[{"embeddable":true,"href":"https:\/\/khublei-indienhilfe.de\/es\/wp-json\/wp\/v2\/users\/3"}],"replies":[{"embeddable":true,"href":"https:\/\/khublei-indienhilfe.de\/es\/wp-json\/wp\/v2\/comments?post=1429"}],"version-history":[{"count":4,"href":"https:\/\/khublei-indienhilfe.de\/es\/wp-json\/wp\/v2\/pages\/1429\/revisions"}],"predecessor-version":[{"id":1610,"href":"https:\/\/khublei-indienhilfe.de\/es\/wp-json\/wp\/v2\/pages\/1429\/revisions\/1610"}],"up":[{"embeddable":true,"href":"https:\/\/khublei-indienhilfe.de\/es\/wp-json\/wp\/v2\/pages\/1388"}],"wp:attachment":[{"href":"https:\/\/khublei-indienhilfe.de\/es\/wp-json\/wp\/v2\/media?parent=1429"}],"curies":[{"name":"wp","href":"https:\/\/api.w.org\/{rel}","templated":true}]}}