{"id":1433,"date":"2023-02-12T15:20:07","date_gmt":"2023-02-12T14:20:07","guid":{"rendered":"https:\/\/khublei-indienhilfe.de\/?page_id=1433"},"modified":"2023-03-03T09:44:49","modified_gmt":"2023-03-03T08:44:49","slug":"indigenes-schnellrestaurant","status":"publish","type":"page","link":"https:\/\/khublei-indienhilfe.de\/es\/projekte\/existenzsicherung\/indigenes-schnellrestaurant\/","title":{"rendered":"Dirigir un restaurante de comida r\u00e1pida ind\u00edgena."},"content":{"rendered":"<div class=\"wp-block-columns is-layout-flex wp-container-core-columns-is-layout-9d6595d7 wp-block-columns-is-layout-flex\">\n<div class=\"wp-block-column is-layout-flow wp-block-column-is-layout-flow\" style=\"flex-basis:66.66%\">\n<p><\/p>\n\n\n\n<p>Hoy en d\u00eda, la \u201ccomida r\u00e1pida\u201d se considera una de las \u00e1reas de negocio m\u00e1s populares y con inmensas oportunidades. El restaurante de servicio r\u00e1pido que sirve comida local representa un servicio conveniente y una inversi\u00f3n rentable que es muy popular entre el p\u00fablico en general. Es una oferta f\u00e1cil de preparar y r\u00e1pida de servir y que genera altas ganancias, especialmente en ciudades y centros tur\u00edsticos. Debido a su buen sabor y su inversi\u00f3n relativamente baja, la comida r\u00e1pida casera se ha convertido en un segmento importante de la industria alimentaria debido a la creciente demanda de la gente. Al ser un negocio rentable, el importe invertido se amortiza en muy poco tiempo. As\u00ed, promover esta actividad crear\u00e1 oportunidades de empleo para los adultos j\u00f3venes, especialmente aquellos que cuentan con poco apoyo econ\u00f3mico.<\/p>\n\n\n\n<p><strong>Meta:<\/strong> Apoyar a los necesitados para que se vuelvan autosuficientes (autoayuda) y crear oportunidades de empleo para los j\u00f3venes del distrito.<br><strong>Per\u00edodo de tiempo<\/strong>: 2 d\u00edas<br><strong>Grupo objetivo:<\/strong> adolescentes<br><strong>Part\u00edcipe<\/strong>: 20 personas<br><strong>Costo: <\/strong>360 euros (formaci\u00f3n para 20 personas en las instalaciones de JHDS en Jowai, incluidos gastos de viaje, alojamiento y comidas para los participantes, materiales b\u00e1sicos, materiales de formaci\u00f3n necesarios, equipo de formaci\u00f3n, formadores; costes por participante: 17 euros)<\/p>\n<\/div>\n\n\n\n<div class=\"wp-block-column is-layout-flow wp-block-column-is-layout-flow\" style=\"flex-basis:33.33%\"><div class=\"wp-block-image\">\n<figure class=\"aligncenter size-large\"><img loading=\"lazy\" decoding=\"async\" width=\"1024\" height=\"768\" src=\"https:\/\/khublei-indienhilfe.de\/wp-content\/uploads\/Existenzsicherung-9-3-edited-1024x768.jpg\" alt=\"\" class=\"wp-image-1490\" srcset=\"https:\/\/khublei-indienhilfe.de\/wp-content\/uploads\/Existenzsicherung-9-3-edited-1024x768.jpg 1024w, https:\/\/khublei-indienhilfe.de\/wp-content\/uploads\/Existenzsicherung-9-3-edited-300x225.jpg 300w, https:\/\/khublei-indienhilfe.de\/wp-content\/uploads\/Existenzsicherung-9-3-edited-768x576.jpg 768w, https:\/\/khublei-indienhilfe.de\/wp-content\/uploads\/Existenzsicherung-9-3-edited-1536x1152.jpg 1536w, https:\/\/khublei-indienhilfe.de\/wp-content\/uploads\/Existenzsicherung-9-3-edited-2048x1536.jpg 2048w, https:\/\/khublei-indienhilfe.de\/wp-content\/uploads\/Existenzsicherung-9-3-edited-1200x900.jpg 1200w, https:\/\/khublei-indienhilfe.de\/wp-content\/uploads\/Existenzsicherung-9-3-edited-1980x1485.jpg 1980w\" sizes=\"auto, (max-width: 1024px) 100vw, 1024px\" \/><\/figure>\n<\/div><\/div>\n<\/div>\n\n\n\n<div class=\"wp-block-buttons has-custom-font-size is-horizontal is-content-justification-center is-layout-flex wp-container-core-buttons-is-layout-937ffba9 wp-block-buttons-is-layout-flex\" style=\"font-size:16px\">\n<div class=\"wp-block-button is-style-outline is-style-outline--1\"><a class=\"wp-block-button__link wp-element-button\" href=\"https:\/\/khublei-indienhilfe.de\/es\/projekte\/existenzsicherung\/reisanbau-fischzucht\/\">\u2190 Anterior<\/a><\/div>\n\n\n\n<div class=\"wp-block-button is-style-outline is-style-outline--2\"><a class=\"wp-block-button__link wp-element-button\" href=\"https:\/\/khublei-indienhilfe.de\/es\/projekte\/existenzsicherung\/\">\u2191 Descripci\u00f3n general<\/a><\/div>\n\n\n\n<div class=\"wp-block-button is-style-outline is-style-outline--3\"><a class=\"wp-block-button__link wp-element-button\" href=\"https:\/\/khublei-indienhilfe.de\/es\/projekte\/existenzsicherung\/gefluegelaufzucht\/\">Siguiente \u2192<\/a><\/div>\n<\/div>","protected":false},"excerpt":{"rendered":"<p>In der heutigen Zeit gilt \u201cFast-Food\u201d als eines der beliebtesten Gesch\u00e4ftsfelder mit immensen M\u00f6glichkeiten. Das Schnellrestaurant mit einheimischem Essen bildet einen bequemen Service und eine kosteng\u00fcnstige Investition, die bei der breiten \u00d6ffentlichkeit sehr beliebt ist. Es handelt sich um ein Angebot, das leicht zubereitet und schnell serviert werden kann und vor allem in St\u00e4dten und [&hellip;]<\/p>\n","protected":false},"author":2,"featured_media":0,"parent":1388,"menu_order":9,"comment_status":"closed","ping_status":"closed","template":"templates\/template-full-width.php","meta":{"footnotes":""},"class_list":["post-1433","page","type-page","status-publish","hentry"],"_links":{"self":[{"href":"https:\/\/khublei-indienhilfe.de\/es\/wp-json\/wp\/v2\/pages\/1433","targetHints":{"allow":["GET"]}}],"collection":[{"href":"https:\/\/khublei-indienhilfe.de\/es\/wp-json\/wp\/v2\/pages"}],"about":[{"href":"https:\/\/khublei-indienhilfe.de\/es\/wp-json\/wp\/v2\/types\/page"}],"author":[{"embeddable":true,"href":"https:\/\/khublei-indienhilfe.de\/es\/wp-json\/wp\/v2\/users\/2"}],"replies":[{"embeddable":true,"href":"https:\/\/khublei-indienhilfe.de\/es\/wp-json\/wp\/v2\/comments?post=1433"}],"version-history":[{"count":6,"href":"https:\/\/khublei-indienhilfe.de\/es\/wp-json\/wp\/v2\/pages\/1433\/revisions"}],"predecessor-version":[{"id":1673,"href":"https:\/\/khublei-indienhilfe.de\/es\/wp-json\/wp\/v2\/pages\/1433\/revisions\/1673"}],"up":[{"embeddable":true,"href":"https:\/\/khublei-indienhilfe.de\/es\/wp-json\/wp\/v2\/pages\/1388"}],"wp:attachment":[{"href":"https:\/\/khublei-indienhilfe.de\/es\/wp-json\/wp\/v2\/media?parent=1433"}],"curies":[{"name":"wp","href":"https:\/\/api.w.org\/{rel}","templated":true}]}}