{"id":144,"date":"2021-09-27T17:07:15","date_gmt":"2021-09-27T15:07:15","guid":{"rendered":"http:\/\/khublei-indienhilfe-test.de\/?page_id=144"},"modified":"2023-05-03T14:33:23","modified_gmt":"2023-05-03T12:33:23","slug":"projekte","status":"publish","type":"page","link":"https:\/\/khublei-indienhilfe.de\/es\/projekte\/","title":{"rendered":"Proyectos"},"content":{"rendered":"<div class=\"wp-block-columns alignwide is-layout-flex wp-container-core-columns-is-layout-9d6595d7 wp-block-columns-is-layout-flex\">\n<div class=\"wp-block-column is-layout-flow wp-block-column-is-layout-flow\" style=\"flex-basis:66.66%\">\n<p><strong>Nuestra asociaci\u00f3n se compromete a ayudar a las personas necesitadas en el noreste de la India sobre la base de la caridad y la solidaridad y ayuda a quienes lo necesitan, independientemente de su origen, edad, g\u00e9nero y religi\u00f3n. Con su apoyo financiamos proyectos y patrocinios locales y brindamos ayuda para la autoayuda.<\/strong><\/p>\n\n\n\n<h2 class=\"wp-block-heading\">\u00bfQu\u00e9 puedes hacer?<\/h2>\n\n\n\n<p>Con un&nbsp;<a href=\"https:\/\/khublei-indienhilfe.de\/es\/projekte\/patenschaften\/\">Patrocinio<\/a>&nbsp;permitir que los ni\u00f1os vayan a la escuela. S\u00f3lo un apadrinamiento les permite recibir escolarizaci\u00f3n continua desde el grado 1 al 12<\/p>\n\n\n\n<p><br>Nuestro <a href=\"https:\/\/khublei-indienhilfe.de\/es\/projekte\/existenzsicherung\/\" data-type=\"URL\" data-id=\"https:\/\/khublei-indienhilfe.de\/projekte\/existenzsicherung\/\">Proyectos para asegurar los medios de vida <\/a>tienen como objetivo ayudar a personas muy necesitadas a aceptar un trabajo independiente y as\u00ed crear su propia fuente de ingresos. Esto significa que pueden valerse por s\u00ed mismos y ya no dependen necesariamente de otros para su nutrici\u00f3n y otras necesidades b\u00e1sicas.<\/p>\n\n\n\n<p><br>\u00danico o regular\u00a0<a href=\"https:\/\/khublei-indienhilfe.de\/es\/jetzt-helfen\/\" data-type=\"URL\" data-id=\"https:\/\/khublei-indienhilfe.de\/jetzt-helfen\/\">Donar<\/a>\u00a0Adem\u00e1s de los patrocinios, podemos apoyar a personas y grupos en su desarrollo social y contribuir a la construcci\u00f3n y mantenimiento de edificios (escolares).<\/p>\n\n\n\n<p><br>Con su&nbsp;<a href=\"https:\/\/khublei-indienhilfe.de\/wp-content\/uploads\/Formular_Pate-Spender-Mitglied.pdf\" data-type=\"URL\" data-id=\"https:\/\/khublei-indienhilfe.de\/wp-content\/uploads\/Formular_Pate-Spender-Mitglied.pdf\">afiliaci\u00f3n<\/a>&nbsp;ap\u00f3yanos regularmente. Las cuotas de membres\u00eda constituyen la base de las actividades de nuestro club.<\/p>\n<\/div>\n\n\n\n<div class=\"wp-block-column is-vertically-aligned-top is-layout-flow wp-block-column-is-layout-flow\" style=\"flex-basis:33.33%\">\n<figure class=\"wp-block-image is-resized\"><img loading=\"lazy\" decoding=\"async\" src=\"http:\/\/khublei-indienhilfe-test.de\/wp-content\/uploads\/Clip_Projekte_und_Patenschaften.png\" alt=\"\" class=\"wp-image-455\" width=\"281\" height=\"593\" srcset=\"https:\/\/khublei-indienhilfe.de\/wp-content\/uploads\/Clip_Projekte_und_Patenschaften.png 374w, https:\/\/khublei-indienhilfe.de\/wp-content\/uploads\/Clip_Projekte_und_Patenschaften-142x300.png 142w\" sizes=\"auto, (max-width: 281px) 100vw, 281px\" \/><figcaption class=\"wp-element-caption\"><a href=\"https:\/\/khublei-indienhilfe.de\/wp-content\/uploads\/2021\/12\/Khublei_Flyer-1.pdf\" target=\"_blank\" rel=\"noreferrer noopener\">Proyectos de folletos y patrocinios<br>Descargar (pdf, 3 MB)<\/a><\/figcaption><\/figure>\n<\/div>\n<\/div>\n\n\n\n<p><\/p>","protected":false},"excerpt":{"rendered":"<p>Unser Verein engagiert sich f\u00fcr notleidende Menschen in Nordost-Indien auf Basis der N\u00e4chstenliebe und Solidarit\u00e4t und hilft Bed\u00fcrftigen, unabh\u00e4ngig von Herkunft, Alter, Geschlecht und Religion. Mit Ihrer Unterst\u00fctzung finanzieren wir Projekte und Patenschaften vor Ort und geben Hilfe zur Selbsthilfe. Was k\u00f6nnen Sie tun? Mit einer&nbsp;Patenschaft&nbsp;erm\u00f6glichen Sie Kindern die Schulbildung. Nur eine Patenschaft erlaubt ihnen [&hellip;]<\/p>\n","protected":false},"author":1,"featured_media":0,"parent":0,"menu_order":2,"comment_status":"closed","ping_status":"closed","template":"","meta":{"footnotes":""},"class_list":["post-144","page","type-page","status-publish","hentry"],"_links":{"self":[{"href":"https:\/\/khublei-indienhilfe.de\/es\/wp-json\/wp\/v2\/pages\/144","targetHints":{"allow":["GET"]}}],"collection":[{"href":"https:\/\/khublei-indienhilfe.de\/es\/wp-json\/wp\/v2\/pages"}],"about":[{"href":"https:\/\/khublei-indienhilfe.de\/es\/wp-json\/wp\/v2\/types\/page"}],"author":[{"embeddable":true,"href":"https:\/\/khublei-indienhilfe.de\/es\/wp-json\/wp\/v2\/users\/1"}],"replies":[{"embeddable":true,"href":"https:\/\/khublei-indienhilfe.de\/es\/wp-json\/wp\/v2\/comments?post=144"}],"version-history":[{"count":13,"href":"https:\/\/khublei-indienhilfe.de\/es\/wp-json\/wp\/v2\/pages\/144\/revisions"}],"predecessor-version":[{"id":1720,"href":"https:\/\/khublei-indienhilfe.de\/es\/wp-json\/wp\/v2\/pages\/144\/revisions\/1720"}],"wp:attachment":[{"href":"https:\/\/khublei-indienhilfe.de\/es\/wp-json\/wp\/v2\/media?parent=144"}],"curies":[{"name":"wp","href":"https:\/\/api.w.org\/{rel}","templated":true}]}}