{"id":1451,"date":"2023-02-24T15:19:39","date_gmt":"2023-02-24T14:19:39","guid":{"rendered":"https:\/\/khublei-indienhilfe.de\/?page_id=1451"},"modified":"2023-03-03T09:45:28","modified_gmt":"2023-03-03T08:45:28","slug":"gefluegelaufzucht","status":"publish","type":"page","link":"https:\/\/khublei-indienhilfe.de\/es\/projekte\/existenzsicherung\/gefluegelaufzucht\/","title":{"rendered":"cr\u00eda de aves de corral"},"content":{"rendered":"<div class=\"wp-block-columns is-layout-flex wp-container-core-columns-is-layout-9d6595d7 wp-block-columns-is-layout-flex\">\n<div class=\"wp-block-column is-layout-flow wp-block-column-is-layout-flow\" style=\"flex-basis:66.66%\">\n<p><\/p>\n\n\n\n<p>Esta actividad requiere relativamente poco capital inicial en comparaci\u00f3n con la cr\u00eda de otro tipo de ganado. Esto significa que los peque\u00f1os agricultores e incluso los trabajadores agr\u00edcolas pueden empezar a cultivar a peque\u00f1a escala. Si bien las gallinas comienzan a poner huevos en 8 a 10 semanas, pueden venderse despu\u00e9s de 6 semanas, cuando hayan alcanzado un peso de 1,25 kg. La inversi\u00f3n se amortiza r\u00e1pidamente. La brecha entre generaciones es muy peque\u00f1a, por lo que la producci\u00f3n se puede incrementar en un corto per\u00edodo de tiempo.<\/p>\n\n\n\n<figure class=\"wp-block-table custom-project-table\"><table><tbody><tr><td><strong>Meta<\/strong><\/td><td>\u2013 Capacitaci\u00f3n en cr\u00eda de aves y gesti\u00f3n de peque\u00f1as empresas.<br>\u2013 Construcci\u00f3n de un gallinero<br>\u2013 Adquisici\u00f3n de piensos<br>\u2013 Adquisici\u00f3n de 100 pollitos<\/td><\/tr><tr><td><strong>Costo<\/strong><\/td><td>170 euros\/familia<\/td><\/tr><\/tbody><\/table><\/figure>\n<\/div>\n\n\n\n<div class=\"wp-block-column is-layout-flow wp-block-column-is-layout-flow\" style=\"flex-basis:33.33%\"><div class=\"wp-block-image\">\n<figure class=\"aligncenter size-large\"><img loading=\"lazy\" decoding=\"async\" width=\"1024\" height=\"768\" src=\"https:\/\/khublei-indienhilfe.de\/wp-content\/uploads\/Gefluegelaufzucht-4-1024x768.jpg\" alt=\"\" class=\"wp-image-1462\" srcset=\"https:\/\/khublei-indienhilfe.de\/wp-content\/uploads\/Gefluegelaufzucht-4-1024x768.jpg 1024w, https:\/\/khublei-indienhilfe.de\/wp-content\/uploads\/Gefluegelaufzucht-4-300x225.jpg 300w, https:\/\/khublei-indienhilfe.de\/wp-content\/uploads\/Gefluegelaufzucht-4-768x576.jpg 768w, https:\/\/khublei-indienhilfe.de\/wp-content\/uploads\/Gefluegelaufzucht-4-1200x900.jpg 1200w, https:\/\/khublei-indienhilfe.de\/wp-content\/uploads\/Gefluegelaufzucht-4.jpg 1280w\" sizes=\"auto, (max-width: 1024px) 100vw, 1024px\" \/><\/figure>\n<\/div><\/div>\n<\/div>\n\n\n\n<div class=\"wp-block-buttons has-custom-font-size is-horizontal is-content-justification-center is-layout-flex wp-container-core-buttons-is-layout-937ffba9 wp-block-buttons-is-layout-flex\" style=\"font-size:16px\">\n<div class=\"wp-block-button is-style-outline is-style-outline--1\"><a class=\"wp-block-button__link wp-element-button\" href=\"https:\/\/khublei-indienhilfe.de\/es\/projekte\/existenzsicherung\/indigenes-schnellrestaurant\/\">\u2190 Anterior<\/a><\/div>\n\n\n\n<div class=\"wp-block-button is-style-outline is-style-outline--2\"><a class=\"wp-block-button__link wp-element-button\" href=\"https:\/\/khublei-indienhilfe.de\/es\/projekte\/existenzsicherung\/\">\u2191 Descripci\u00f3n general<\/a><\/div>\n\n\n\n<div class=\"wp-block-button is-style-outline is-style-outline--3\"><a class=\"wp-block-button__link wp-element-button\" href=\"https:\/\/khublei-indienhilfe.de\/es\/projekte\/existenzsicherung\/schweineaufzucht\/\">Siguiente \u2192<\/a><\/div>\n<\/div>","protected":false},"excerpt":{"rendered":"<p>Diese T\u00e4tigkeit erfordert relativ wenig Startkapital im Vergleich zur Aufzucht von anderem Vieh. Das bedeutet, dass Kleinbauern und sogar Landarbeiter im Kleinen mit der Farmarbeit beginnen k\u00f6nnen. W\u00e4hrend die H\u00fchner in 8 bis 10 Wochen beginnen, Eier zu legen, k\u00f6nnen sie nach 6 Wochen verkauft werden, wenn sie auf ein Gewicht von 1,25 kg angewachsen [&hellip;]<\/p>\n","protected":false},"author":2,"featured_media":0,"parent":1388,"menu_order":10,"comment_status":"closed","ping_status":"closed","template":"templates\/template-full-width.php","meta":{"footnotes":""},"class_list":["post-1451","page","type-page","status-publish","hentry"],"_links":{"self":[{"href":"https:\/\/khublei-indienhilfe.de\/es\/wp-json\/wp\/v2\/pages\/1451","targetHints":{"allow":["GET"]}}],"collection":[{"href":"https:\/\/khublei-indienhilfe.de\/es\/wp-json\/wp\/v2\/pages"}],"about":[{"href":"https:\/\/khublei-indienhilfe.de\/es\/wp-json\/wp\/v2\/types\/page"}],"author":[{"embeddable":true,"href":"https:\/\/khublei-indienhilfe.de\/es\/wp-json\/wp\/v2\/users\/2"}],"replies":[{"embeddable":true,"href":"https:\/\/khublei-indienhilfe.de\/es\/wp-json\/wp\/v2\/comments?post=1451"}],"version-history":[{"count":12,"href":"https:\/\/khublei-indienhilfe.de\/es\/wp-json\/wp\/v2\/pages\/1451\/revisions"}],"predecessor-version":[{"id":1674,"href":"https:\/\/khublei-indienhilfe.de\/es\/wp-json\/wp\/v2\/pages\/1451\/revisions\/1674"}],"up":[{"embeddable":true,"href":"https:\/\/khublei-indienhilfe.de\/es\/wp-json\/wp\/v2\/pages\/1388"}],"wp:attachment":[{"href":"https:\/\/khublei-indienhilfe.de\/es\/wp-json\/wp\/v2\/media?parent=1451"}],"curies":[{"name":"wp","href":"https:\/\/api.w.org\/{rel}","templated":true}]}}