{"id":1455,"date":"2023-02-24T15:21:12","date_gmt":"2023-02-24T14:21:12","guid":{"rendered":"https:\/\/khublei-indienhilfe.de\/?page_id=1455"},"modified":"2023-03-02T19:35:55","modified_gmt":"2023-03-02T18:35:55","slug":"bienenkorb","status":"publish","type":"page","link":"https:\/\/khublei-indienhilfe.de\/es\/projekte\/existenzsicherung\/bienenkorb\/","title":{"rendered":"Colmena"},"content":{"rendered":"<div class=\"wp-block-columns is-layout-flex wp-container-core-columns-is-layout-9d6595d7 wp-block-columns-is-layout-flex\">\n<div class=\"wp-block-column is-layout-flow wp-block-column-is-layout-flow\" style=\"flex-basis:66.66%\">\n<p><\/p>\n\n\n\n<p>En el primer paso, la miel casera asegura inmediatamente la nutrici\u00f3n del grupo y en el siguiente paso ofrece una fuente de ingresos para poder comprar otros alimentos b\u00e1sicos.<\/p>\n\n\n\n<figure class=\"wp-block-table custom-project-table\"><table><tbody><tr><td><strong>Meta<\/strong><\/td><td>\u2013 Formaci\u00f3n en apicultura<br>\u2013 Adquisici\u00f3n de colmenas<br>\u2013 Adquisici\u00f3n de colonias de abejas<br>\u2013 Establecer acceso al mercado<\/td><\/tr><tr><td><strong>Costo<\/strong><\/td><td>100 EUR\/grupo de autoayuda<\/td><\/tr><\/tbody><\/table><\/figure>\n<\/div>\n\n\n\n<div class=\"wp-block-column is-layout-flow wp-block-column-is-layout-flow\" style=\"flex-basis:33.33%\"><div class=\"wp-block-image\">\n<figure class=\"aligncenter size-large\"><img loading=\"lazy\" decoding=\"async\" width=\"1024\" height=\"683\" src=\"https:\/\/khublei-indienhilfe.de\/wp-content\/uploads\/Bienenkorb-4-1024x683.jpg\" alt=\"\" class=\"wp-image-1485\" srcset=\"https:\/\/khublei-indienhilfe.de\/wp-content\/uploads\/Bienenkorb-4-1024x683.jpg 1024w, https:\/\/khublei-indienhilfe.de\/wp-content\/uploads\/Bienenkorb-4-300x200.jpg 300w, https:\/\/khublei-indienhilfe.de\/wp-content\/uploads\/Bienenkorb-4-768x512.jpg 768w, https:\/\/khublei-indienhilfe.de\/wp-content\/uploads\/Bienenkorb-4-1200x800.jpg 1200w, https:\/\/khublei-indienhilfe.de\/wp-content\/uploads\/Bienenkorb-4.jpg 1500w\" sizes=\"auto, (max-width: 1024px) 100vw, 1024px\" \/><\/figure>\n<\/div><\/div>\n<\/div>\n\n\n\n<div class=\"wp-block-buttons has-custom-font-size is-horizontal is-content-justification-center is-layout-flex wp-container-core-buttons-is-layout-937ffba9 wp-block-buttons-is-layout-flex\" style=\"font-size:16px\">\n<div class=\"wp-block-button is-style-outline is-style-outline--1\"><a class=\"wp-block-button__link wp-element-button\" href=\"https:\/\/khublei-indienhilfe.de\/es\/projekte\/existenzsicherung\/schweineaufzucht\/\">\u2190 Anterior<\/a><\/div>\n\n\n\n<div class=\"wp-block-button is-style-outline is-style-outline--2\"><a class=\"wp-block-button__link wp-element-button\" href=\"https:\/\/khublei-indienhilfe.de\/es\/projekte\/existenzsicherung\/\">\u2191 Descripci\u00f3n general<\/a><\/div>\n\n\n\n<div class=\"wp-block-button is-style-outline is-style-outline--3\"><a class=\"wp-block-button__link wp-element-button\" href=\"https:\/\/khublei-indienhilfe.de\/es\/projekte\/existenzsicherung\/pilzanbau\/\">Siguiente \u2192<\/a><\/div>\n<\/div>","protected":false},"excerpt":{"rendered":"<p>Selbst hergestellter Honig sichert im ersten Schritt unmittelbar die eigene Ern\u00e4hrung der Gruppe und bietet im n\u00e4chsten Schritt eine Einnahmequelle, um andere Grundnahrungsmittel kaufen zu k\u00f6nnen. Ziel &#8211; Schulung im Imkern&#8211; Beschaffung von Bienenst\u00f6cken&#8211; Beschaffung von Bienenv\u00f6lkern&#8211; Marktzugang aufbauen Kosten 100 EUR\/Selbsthilfegruppe<\/p>","protected":false},"author":2,"featured_media":0,"parent":1388,"menu_order":12,"comment_status":"closed","ping_status":"closed","template":"templates\/template-full-width.php","meta":{"footnotes":""},"class_list":["post-1455","page","type-page","status-publish","hentry"],"_links":{"self":[{"href":"https:\/\/khublei-indienhilfe.de\/es\/wp-json\/wp\/v2\/pages\/1455","targetHints":{"allow":["GET"]}}],"collection":[{"href":"https:\/\/khublei-indienhilfe.de\/es\/wp-json\/wp\/v2\/pages"}],"about":[{"href":"https:\/\/khublei-indienhilfe.de\/es\/wp-json\/wp\/v2\/types\/page"}],"author":[{"embeddable":true,"href":"https:\/\/khublei-indienhilfe.de\/es\/wp-json\/wp\/v2\/users\/2"}],"replies":[{"embeddable":true,"href":"https:\/\/khublei-indienhilfe.de\/es\/wp-json\/wp\/v2\/comments?post=1455"}],"version-history":[{"count":5,"href":"https:\/\/khublei-indienhilfe.de\/es\/wp-json\/wp\/v2\/pages\/1455\/revisions"}],"predecessor-version":[{"id":1596,"href":"https:\/\/khublei-indienhilfe.de\/es\/wp-json\/wp\/v2\/pages\/1455\/revisions\/1596"}],"up":[{"embeddable":true,"href":"https:\/\/khublei-indienhilfe.de\/es\/wp-json\/wp\/v2\/pages\/1388"}],"wp:attachment":[{"href":"https:\/\/khublei-indienhilfe.de\/es\/wp-json\/wp\/v2\/media?parent=1455"}],"curies":[{"name":"wp","href":"https:\/\/api.w.org\/{rel}","templated":true}]}}