{"id":1457,"date":"2023-02-24T15:21:27","date_gmt":"2023-02-24T14:21:27","guid":{"rendered":"https:\/\/khublei-indienhilfe.de\/?page_id=1457"},"modified":"2023-03-03T09:47:20","modified_gmt":"2023-03-03T08:47:20","slug":"pilzanbau","status":"publish","type":"page","link":"https:\/\/khublei-indienhilfe.de\/es\/projekte\/existenzsicherung\/pilzanbau\/","title":{"rendered":"cultivo de hongos"},"content":{"rendered":"<div class=\"wp-block-columns is-layout-flex wp-container-core-columns-is-layout-9d6595d7 wp-block-columns-is-layout-flex\">\n<div class=\"wp-block-column is-layout-flow wp-block-column-is-layout-flow\" style=\"flex-basis:66.66%\">\n<p><\/p>\n\n\n\n<p>Los hongos que cultivamos nosotros mismos ayudan a proporcionar alimento a toda la familia. Mediante el trueque o la venta en el mercado, tiene la oportunidad de obtener acceso a alimentos adicionales.<\/p>\n\n\n\n<figure class=\"wp-block-table custom-project-table\"><table><tbody><tr><td><strong>Meta<\/strong><\/td><td>\u2013 Formaci\u00f3n en cultivo de setas.<br>\u2013 Construir un cobertizo<br>\u2013 Adquisici\u00f3n de sustrato y micelio de hongos.<\/td><\/tr><tr><td><strong>Costo<\/strong><\/td><td>100 euros\/familia<\/td><\/tr><\/tbody><\/table><\/figure>\n<\/div>\n\n\n\n<div class=\"wp-block-column is-layout-flow wp-block-column-is-layout-flow\" style=\"flex-basis:33.33%\"><div class=\"wp-block-image\">\n<figure class=\"aligncenter size-large\"><img loading=\"lazy\" decoding=\"async\" width=\"1024\" height=\"768\" src=\"https:\/\/khublei-indienhilfe.de\/wp-content\/uploads\/Pilzanbau-5-1024x768.jpg\" alt=\"\" class=\"wp-image-1482\" srcset=\"https:\/\/khublei-indienhilfe.de\/wp-content\/uploads\/Pilzanbau-5-1024x768.jpg 1024w, https:\/\/khublei-indienhilfe.de\/wp-content\/uploads\/Pilzanbau-5-300x225.jpg 300w, https:\/\/khublei-indienhilfe.de\/wp-content\/uploads\/Pilzanbau-5-768x576.jpg 768w, https:\/\/khublei-indienhilfe.de\/wp-content\/uploads\/Pilzanbau-5-1536x1152.jpg 1536w, https:\/\/khublei-indienhilfe.de\/wp-content\/uploads\/Pilzanbau-5-2048x1536.jpg 2048w, https:\/\/khublei-indienhilfe.de\/wp-content\/uploads\/Pilzanbau-5-1200x900.jpg 1200w, https:\/\/khublei-indienhilfe.de\/wp-content\/uploads\/Pilzanbau-5-1980x1485.jpg 1980w\" sizes=\"auto, (max-width: 1024px) 100vw, 1024px\" \/><\/figure>\n<\/div><\/div>\n<\/div>\n\n\n\n<div class=\"wp-block-buttons has-custom-font-size is-horizontal is-content-justification-center is-layout-flex wp-container-core-buttons-is-layout-937ffba9 wp-block-buttons-is-layout-flex\" style=\"font-size:16px\">\n<div class=\"wp-block-button is-style-outline is-style-outline--1\"><a class=\"wp-block-button__link wp-element-button\" href=\"https:\/\/khublei-indienhilfe.de\/es\/projekte\/existenzsicherung\/bienenkorb\/\">\u2190 Anterior<\/a><\/div>\n\n\n\n<div class=\"wp-block-button is-style-outline is-style-outline--2\"><a class=\"wp-block-button__link wp-element-button\" href=\"https:\/\/khublei-indienhilfe.de\/es\/projekte\/existenzsicherung\/\">\u2191 Descripci\u00f3n general<\/a><\/div>\n\n\n\n<div class=\"wp-block-button is-style-outline is-style-outline--3\"><a class=\"wp-block-button__link wp-element-button\" href=\"https:\/\/khublei-indienhilfe.de\/es\/projekte\/existenzsicherung\/agrarprodukte-verarbeitung\/\">Siguiente \u2192<\/a><\/div>\n<\/div>","protected":false},"excerpt":{"rendered":"<p>Die Pilze aus dem Eigenanbau helfen der gesamten Familie bei der Versorgung mit Nahrung. Durch Tauschgesch\u00e4ft oder durch den Verkauf auf dem Markt er\u00f6ffnet sich ihr die M\u00f6glichkeit zum Zugang zu weiteren Nahrungsmitteln. Ziel &#8211; Schulung im Pilzanbau&#8211; Bau eines Schuppens&#8211; Beschaffung von Substrat und Pilzmyzel Kosten 100 EUR\/Familie<\/p>","protected":false},"author":2,"featured_media":0,"parent":1388,"menu_order":14,"comment_status":"closed","ping_status":"closed","template":"templates\/template-full-width.php","meta":{"footnotes":""},"class_list":["post-1457","page","type-page","status-publish","hentry"],"_links":{"self":[{"href":"https:\/\/khublei-indienhilfe.de\/es\/wp-json\/wp\/v2\/pages\/1457","targetHints":{"allow":["GET"]}}],"collection":[{"href":"https:\/\/khublei-indienhilfe.de\/es\/wp-json\/wp\/v2\/pages"}],"about":[{"href":"https:\/\/khublei-indienhilfe.de\/es\/wp-json\/wp\/v2\/types\/page"}],"author":[{"embeddable":true,"href":"https:\/\/khublei-indienhilfe.de\/es\/wp-json\/wp\/v2\/users\/2"}],"replies":[{"embeddable":true,"href":"https:\/\/khublei-indienhilfe.de\/es\/wp-json\/wp\/v2\/comments?post=1457"}],"version-history":[{"count":5,"href":"https:\/\/khublei-indienhilfe.de\/es\/wp-json\/wp\/v2\/pages\/1457\/revisions"}],"predecessor-version":[{"id":1677,"href":"https:\/\/khublei-indienhilfe.de\/es\/wp-json\/wp\/v2\/pages\/1457\/revisions\/1677"}],"up":[{"embeddable":true,"href":"https:\/\/khublei-indienhilfe.de\/es\/wp-json\/wp\/v2\/pages\/1388"}],"wp:attachment":[{"href":"https:\/\/khublei-indienhilfe.de\/es\/wp-json\/wp\/v2\/media?parent=1457"}],"curies":[{"name":"wp","href":"https:\/\/api.w.org\/{rel}","templated":true}]}}