{"id":149,"date":"2021-09-27T17:08:29","date_gmt":"2021-09-27T15:08:29","guid":{"rendered":"http:\/\/khublei-indienhilfe-test.de\/?page_id=149"},"modified":"2023-03-03T10:09:47","modified_gmt":"2023-03-03T09:09:47","slug":"corona-hilferuf","status":"publish","type":"page","link":"https:\/\/khublei-indienhilfe.de\/es\/projekte\/corona-hilferuf\/","title":{"rendered":"Corona pide ayuda"},"content":{"rendered":"<div class=\"wp-block-columns alignwide is-layout-flex wp-container-core-columns-is-layout-9d6595d7 wp-block-columns-is-layout-flex\">\n<div class=\"wp-block-column is-layout-flow wp-block-column-is-layout-flow\">\n<figure class=\"wp-block-table is-style-regular\"><table class=\"has-subtle-background-background-color has-background\"><tbody><tr><td><strong>INFORMACI\u00d3N<\/strong><\/td><td class=\"has-text-align-left\" data-align=\"left\">Las medidas de ayuda por el coronavirus continuar\u00e1n con los proyectos para asegurar los medios de vida.<br>\u279c <a href=\"https:\/\/khublei-indienhilfe.de\/es\/projekte\/existenzsicherung\/\" data-type=\"page\" data-id=\"1388\">Asegurar los medios de vida<\/a><\/td><\/tr><\/tbody><\/table><\/figure>\n\n\n\n<h2 class=\"wp-block-heading\">Corona \u2013 Llamado urgente de ayuda desde el noreste de la India<\/h2>\n\n\n\n<p>Un gran n\u00famero de trabajadores migrantes han perdido su empleo debido al cierre de empresas, turismo, hoteles, aeropuertos, etc. Un gran n\u00famero de ellos ahora vuelve a vivir en casa y no tiene trabajo para ganarse la vida. No quieren abandonar su pa\u00eds de origen porque ya no se sienten seguros en otros lugares.&nbsp;<br>Ahora se trata de ayudar a los afectados, entre los que se encuentran especialmente los trabajadores inmigrantes y los pobres, a iniciar sus propios negocios y construir su propia fuente de ingresos. Esto significa que pueden valerse por s\u00ed mismos y no dependen de otros para su nutrici\u00f3n y otras necesidades b\u00e1sicas.<\/p>\n\n\n\n<p>Existe una necesidad urgente de promover su autosuficiencia y poder ahorrar en caso de desastres para que puedan sobrevivir en el futuro sin depender completamente de otros.&nbsp;<\/p>\n\n\n\n<h2 class=\"wp-block-heading\">A. Medida inmediata: carrito de compras para una familia<\/h2>\n\n\n\n<p>\u2013 Costo: 20 EUR\/familia<br>Beneficio: El carrito de la compra para mantener con comida a una familia (6-7 personas) cuesta 20\u20ac al mes. Contiene arroz, verduras, cebollas, lentejas, aceite, especias, az\u00facar y sal.<\/p>\n\n\n\n<h3 class=\"wp-block-heading\">Ayudar a las personas a ayudarse a s\u00ed mismas<\/h3>\n\n\n\n<p>Queremos formar y apoyar a los trabajadores inmigrantes y a los pobres en una formaci\u00f3n espec\u00edfica. La capacitaci\u00f3n est\u00e1 dise\u00f1ada para ayudarlos a construir su propio trabajo y negocio.<\/p>\n\n\n\n<h2 class=\"wp-block-heading\">B. Ofrecemos las siguientes medidas:<\/h2>\n\n\n\n<h3 class=\"wp-block-heading\">1. Cr\u00eda de aves<\/h3>\n\n\n\n<p>\u2013 Costo: 170 EUR\/familia<br>\u2013 Capacitaci\u00f3n en cr\u00eda de aves y gesti\u00f3n de peque\u00f1as empresas.<br>\u2013 Construcci\u00f3n de un gallinero<br>\u2013 Adquisici\u00f3n de piensos<br>\u2013 Adquisici\u00f3n de 100 pollitos<br>Beneficios: Esta actividad requiere relativamente poco capital inicial en comparaci\u00f3n con la cr\u00eda de otro ganado. Esto significa que los peque\u00f1os agricultores e incluso los trabajadores agr\u00edcolas pueden empezar a cultivar a peque\u00f1a escala.<br>Si bien las gallinas comienzan a poner huevos en 8 a 10 semanas, pueden venderse despu\u00e9s de 6 semanas, cuando hayan alcanzado un peso de 1,25 kg. La inversi\u00f3n se amortiza r\u00e1pidamente. La brecha entre generaciones es muy peque\u00f1a, por lo que la producci\u00f3n se puede incrementar en un corto per\u00edodo de tiempo.&nbsp;<\/p>\n\n\n\n<h3 class=\"wp-block-heading\">2. Procesamiento de productos agr\u00edcolas en grupos de autoayuda<\/h3>\n\n\n\n<p>\u2013 Coste: 570 EUR\/grupo de autoayuda (10 a 15 mujeres)<br>\u2013 Instrucci\u00f3n sobre los dispositivos.<br>\u2013 Adquisici\u00f3n del equipamiento necesario como molinos, cribas, trituradoras,...<br>\u2013 Establecer acceso al mercado<br>Beneficios: Debido a la falta de equipos de procesamiento, existe una gran demanda de productos agr\u00edcolas. Procesar y vender agroalimentos como jengibre, c\u00farcuma, tomates, frutas, etc. no s\u00f3lo aumentar\u00e1 los ingresos de los agricultores sino que tambi\u00e9n crear\u00e1 nuevas oportunidades de empleo.&nbsp;<\/p>\n\n\n\n<h3 class=\"wp-block-heading\">3. Cr\u00eda de cerdos<\/h3>\n\n\n\n<p>\u2013 Costo: 136 EUR\/familia&nbsp;<br>\u2013 Formaci\u00f3n en cr\u00eda de cerdos y gesti\u00f3n de peque\u00f1as empresas.<br>\u2013 Construcci\u00f3n de una pocilga<br>\u2013 Adquisici\u00f3n de piensos<br>\u2013 Adquisici\u00f3n de 2 lechones&nbsp;<br>Beneficios: Promover la producci\u00f3n porcina es la forma ideal de satisfacer la creciente demanda de carne de cerdo en los mercados. Al mismo tiempo, ofrece a los pobres y marginados un medio de vida o un ingreso adicional.<br>La cr\u00eda de cerdos requiere poco espacio y un capital inicial relativamente bajo por cabeza de ganado. La f\u00e1cil disponibilidad de lechones, piensos y medicamentos en el mercado la convierte en una actividad econ\u00f3mica viable.&nbsp;<\/p>\n\n\n\n<h3 class=\"wp-block-heading\">4. Fabricaci\u00f3n de velas<\/h3>\n\n\n\n<p>\u2013 Coste: 113 EUR\/grupo de autoayuda&nbsp;<br>\u2013 Formaci\u00f3n en fabricaci\u00f3n de velas.<br>\u2013 Adquisici\u00f3n del equipo<br>\u2013 Adquisici\u00f3n de materias primas<br>\u2013 Establecer acceso al mercado&nbsp;<br>Beneficios: Hacer velas es bastante f\u00e1cil de aprender e implementar en poco tiempo. De esta manera, el grupo de autoayuda puede generar ingresos r\u00e1pidamente vendiendo las velas hechas por ellos mismos, lo que a cambio les permite comprar alimentos y art\u00edculos de uso diario.&nbsp;<\/p>\n\n\n\n<h3 class=\"wp-block-heading\">5. Apicultura<\/h3>\n\n\n\n<p>\u2013 Coste: 100 EUR\/grupo de autoayuda<br>\u2013 Formaci\u00f3n en apicultura<br>\u2013 Adquisici\u00f3n de colmenas<br>\u2013 Adquisici\u00f3n de colonias de abejas<br>\u2013 Establecer acceso al mercado&nbsp;<br>Beneficio: En el primer paso, la miel casera asegura inmediatamente la nutrici\u00f3n del grupo y en el siguiente paso ofrece una fuente de ingresos para poder comprar otros alimentos b\u00e1sicos.&nbsp;<\/p>\n\n\n\n<h3 class=\"wp-block-heading\">6. Cultivo de hongos<\/h3>\n\n\n\n<p>\u2013 Costo: 100 EUR\/familia<br>\u2013 Formaci\u00f3n en cultivo de setas.&nbsp;<br>\u2013 Construir un cobertizo&nbsp;<br>\u2013 Adquisici\u00f3n de sustrato y micelio de hongos.&nbsp;<br>Beneficios: Los hongos que usted mismo cultiva ayudan a proporcionar alimento a toda la familia. Mediante el trueque o la venta en el mercado, tiene la oportunidad de obtener acceso a alimentos adicionales.&nbsp;<\/p>\n\n\n\n<h3 class=\"wp-block-heading\">7. Formaci\u00f3n en habilidades espec\u00edficas<\/h3>\n\n\n\n<p>\u2013 Coste: 1.136 EUR\/30 personas por 3 d\u00edas de formaci\u00f3n<br>\u2013 Formaci\u00f3n en econom\u00eda del hogar: reposter\u00eda de tartas, conservaci\u00f3n de frutas\/verduras, conservaci\u00f3n de mermeladas, etc.<br>\u2013 Suministro de materiales de formaci\u00f3n.&nbsp;<br>\u2013 Alojamiento y comidas de los participantes.&nbsp;<br>Beneficio: Los participantes, algunos de los cuales proceden de pueblos remotos, son alojados y formados centralmente en el lugar de formaci\u00f3n durante varios d\u00edas. Aprenden diferentes habilidades e intercambian ideas entre ellos. No s\u00f3lo trabajan en red entre s\u00ed, sino que tambi\u00e9n llevan las habilidades que han aprendido a sus aldeas, donde capacitan e informan a amigos, vecinos y aldeanos. Un importante y \u00fatil efecto bola de nieve.&nbsp;<\/p>\n\n\n\n<h2 class=\"wp-block-heading\">Por favor\u2026<\/h2>\n\n\n\n<p>... \u00a1Ap\u00f3yanos y ayuda con tu donaci\u00f3n a implementar sin burocracia los cursos y capacitaciones antes mencionados, para que los necesitados puedan mirar al futuro con esperanza y confianza!<\/p>\n\n\n\n<p>Transfiera utilizando la palabra clave \u201cCorona\u201d y el punto de la medida \u201c0.\u201d, \u201c1.\u201d, \u2026 o \u201cgeneral\u201d.<\/p>\n\n\n\n<p>Puede encontrar nuestros datos bancarios en nuestra p\u00e1gina de inicio. <a href=\"https:\/\/khublei-indienhilfe.de\/es\/impressum\/\" data-type=\"page\" data-id=\"548\">imprimir<\/a>&nbsp;o en nuestro folleto o en los dos formularios a continuaci\u00f3n <a href=\"https:\/\/khublei-indienhilfe.de\/es\/download\/\" data-type=\"page\" data-id=\"146\">Descargar<\/a>.<\/p>\n<\/div>\n<\/div>\n\n\n\n<div class=\"wp-block-buttons is-content-justification-right is-layout-flex wp-container-core-buttons-is-layout-765c4724 wp-block-buttons-is-layout-flex\">\n<div class=\"wp-block-button is-style-outline is-style-outline--1\"><a class=\"wp-block-button__link wp-element-button\" href=\"https:\/\/khublei-indienhilfe.de\/es\/jetzt-helfen\/\">Ayuda ahora \u279c<\/a><\/div>\n<\/div>","protected":false},"excerpt":{"rendered":"<p>INFO Die Corona Hilfema\u00dfnahmen werden von den Projekten zur Existenzsicherung fortgef\u00fchrt.\u279c Existenzsicherung Corona &#8211; Dringender Hilferuf aus Nordost-Indien Sehr viele Wanderarbeiter haben ihre Arbeit aufgrund der Schlie\u00dfung von Unternehmen, Tourismus, Hotels, Flugh\u00e4fen usw. verloren. Eine gro\u00dfe Zahl von ihnen lebt nun wieder zu Hause und hat keine Arbeit, um den Lebensunterhalt zu verdienen. Ihr Heimatland [&hellip;]<\/p>\n","protected":false},"author":1,"featured_media":0,"parent":144,"menu_order":2,"comment_status":"closed","ping_status":"closed","template":"templates\/template-full-width.php","meta":{"footnotes":""},"class_list":["post-149","page","type-page","status-publish","hentry"],"_links":{"self":[{"href":"https:\/\/khublei-indienhilfe.de\/es\/wp-json\/wp\/v2\/pages\/149","targetHints":{"allow":["GET"]}}],"collection":[{"href":"https:\/\/khublei-indienhilfe.de\/es\/wp-json\/wp\/v2\/pages"}],"about":[{"href":"https:\/\/khublei-indienhilfe.de\/es\/wp-json\/wp\/v2\/types\/page"}],"author":[{"embeddable":true,"href":"https:\/\/khublei-indienhilfe.de\/es\/wp-json\/wp\/v2\/users\/1"}],"replies":[{"embeddable":true,"href":"https:\/\/khublei-indienhilfe.de\/es\/wp-json\/wp\/v2\/comments?post=149"}],"version-history":[{"count":15,"href":"https:\/\/khublei-indienhilfe.de\/es\/wp-json\/wp\/v2\/pages\/149\/revisions"}],"predecessor-version":[{"id":1680,"href":"https:\/\/khublei-indienhilfe.de\/es\/wp-json\/wp\/v2\/pages\/149\/revisions\/1680"}],"up":[{"embeddable":true,"href":"https:\/\/khublei-indienhilfe.de\/es\/wp-json\/wp\/v2\/pages\/144"}],"wp:attachment":[{"href":"https:\/\/khublei-indienhilfe.de\/es\/wp-json\/wp\/v2\/media?parent=149"}],"curies":[{"name":"wp","href":"https:\/\/api.w.org\/{rel}","templated":true}]}}