{"id":197,"date":"2021-12-03T16:41:57","date_gmt":"2021-12-03T15:41:57","guid":{"rendered":"http:\/\/khublei-indienhilfe-test.de\/?page_id=197"},"modified":"2025-11-25T17:35:11","modified_gmt":"2025-11-25T16:35:11","slug":"organisation","status":"publish","type":"page","link":"https:\/\/khublei-indienhilfe.de\/es\/ueber-uns\/organisation\/","title":{"rendered":"organizaci\u00f3n"},"content":{"rendered":"<p class=\"has-text-align-center\"><strong>Khublei \u2013 Hilfe f\u00fcr Nordost-Indien e.V.<\/strong><\/p>\n\n\n\n<p class=\"has-text-align-center\"><strong>Registro de la asociaci\u00f3n de Bamberg: VR 201080<\/strong><\/p>\n\n\n\n<figure class=\"wp-block-image size-large\"><img decoding=\"async\" src=\"https:\/\/khublei-indienhilfe.de\/wp-content\/uploads\/DSC0089-scaled.jpg\" alt=\"\"\/><figcaption class=\"wp-element-caption\">Vorstand: v.l. Thomas Zens, Gerhard und Ulrike Albert, Georg L\u00fcckemeier<\/figcaption><\/figure>\n\n\n\n<h3 class=\"wp-block-heading\">junta<\/h3>\n\n\n\n<ul class=\"wp-block-list\">\n<li>Gerhard Albert, primer presidente<\/li>\n\n\n\n<li>Thomas Zens, segundo presidente<\/li>\n\n\n\n<li>Georg L\u00fcckemeier, Schatzmeister<\/li>\n\n\n\n<li>Ulrike Albert, secretaria<\/li>\n<\/ul>\n\n\n\n<h3 class=\"wp-block-heading\">Consejo Asesor<\/h3>\n\n\n\n<ul class=\"wp-block-list\">\n<li>James Fulness Jyrwa<\/li>\n\n\n\n<li>Marita Helget<\/li>\n\n\n\n<li>Beate Offermans<\/li>\n\n\n\n<li>Sigrid Selzer<\/li>\n\n\n\n<li>Manuela Uhl<\/li>\n\n\n\n<li>Kerstin Zieg-K\u00f6gler<\/li>\n<\/ul>\n\n\n\n<h3 class=\"wp-block-heading\">Auditor<\/h3>\n\n\n\n<ul class=\"wp-block-list\">\n<li>Norbert Rohrer, primer auditor<\/li>\n\n\n\n<li>Christine Herold, segunda auditora<\/li>\n<\/ul>\n\n\n\n<h3 class=\"wp-block-heading\">Miembro honorario<\/h3>\n\n\n\n<ul class=\"wp-block-list\">\n<li>G\u00fcnter Hopfenm\u00fcller (descendiente del padre Otto Hopfenm\u00fcller)<\/li>\n<\/ul>\n\n\n\n<figure class=\"wp-block-image size-medium\"><img loading=\"lazy\" decoding=\"async\" width=\"268\" height=\"300\" src=\"http:\/\/khublei-indienhilfe-test.de\/wp-content\/uploads\/2021\/12\/GH-268x300.jpg\" alt=\"\" class=\"wp-image-203\" srcset=\"https:\/\/khublei-indienhilfe.de\/wp-content\/uploads\/2021\/12\/GH-268x300.jpg 268w, https:\/\/khublei-indienhilfe.de\/wp-content\/uploads\/2021\/12\/GH.jpg 430w\" sizes=\"auto, (max-width: 268px) 100vw, 268px\" \/><figcaption class=\"wp-element-caption\">G\u00fcnter Hopfenm\u00fcller<\/figcaption><\/figure>\n\n\n\n<h3 class=\"wp-block-heading\">Miembros fundadores<\/h3>\n\n\n\n<p>Gerhard Albert, Ulrike Albert, Bernd Fricke, James Fulness Jyrwa, Gudrun Hartmaier, Ulrich Hartmaier, Christine Herold, G\u00fcnter Hopfenm\u00fcller, Petra Mayer, Beate Offermanns, Michael Pohl, Roma Pohl, Thomas Rinke, Angela Schwab, Ludger Schwab \ua66e Sigrid Selzer \ua66e Werner Steger \ua66e Gabriele Ullmann +10.11.22 \ua66e Regina Wohlpart \ua66e Christine Wolf \ua66e Thomas Zens<\/p>","protected":false},"excerpt":{"rendered":"<p>Khublei &#8211; Hilfe f\u00fcr Nordost-Indien e.V. Vereinsregister Bamberg: VR 201080 Vorstand Beirat Kassenpr\u00fcfer Ehrenmitglied Gr\u00fcndungsmitglieder Gerhard Albert \ua66e Ulrike Albert \ua66e Bernd Fricke \ua66e James Fulness Jyrwa \ua66e Gudrun Hartmaier \ua66e Ulrich Hartmaier \ua66e Christine Herold \ua66e G\u00fcnter Hopfenm\u00fcller \ua66e Petra Mayer \ua66e Beate Offermanns \ua66e Michael Pohl \ua66e Roma Pohl \ua66e Thomas Rinke \ua66e [&hellip;]<\/p>\n","protected":false},"author":1,"featured_media":0,"parent":14,"menu_order":2,"comment_status":"closed","ping_status":"closed","template":"","meta":{"footnotes":""},"class_list":["post-197","page","type-page","status-publish","hentry"],"_links":{"self":[{"href":"https:\/\/khublei-indienhilfe.de\/es\/wp-json\/wp\/v2\/pages\/197","targetHints":{"allow":["GET"]}}],"collection":[{"href":"https:\/\/khublei-indienhilfe.de\/es\/wp-json\/wp\/v2\/pages"}],"about":[{"href":"https:\/\/khublei-indienhilfe.de\/es\/wp-json\/wp\/v2\/types\/page"}],"author":[{"embeddable":true,"href":"https:\/\/khublei-indienhilfe.de\/es\/wp-json\/wp\/v2\/users\/1"}],"replies":[{"embeddable":true,"href":"https:\/\/khublei-indienhilfe.de\/es\/wp-json\/wp\/v2\/comments?post=197"}],"version-history":[{"count":12,"href":"https:\/\/khublei-indienhilfe.de\/es\/wp-json\/wp\/v2\/pages\/197\/revisions"}],"predecessor-version":[{"id":2820,"href":"https:\/\/khublei-indienhilfe.de\/es\/wp-json\/wp\/v2\/pages\/197\/revisions\/2820"}],"up":[{"embeddable":true,"href":"https:\/\/khublei-indienhilfe.de\/es\/wp-json\/wp\/v2\/pages\/14"}],"wp:attachment":[{"href":"https:\/\/khublei-indienhilfe.de\/es\/wp-json\/wp\/v2\/media?parent=197"}],"curies":[{"name":"wp","href":"https:\/\/api.w.org\/{rel}","templated":true}]}}