{"id":2033,"date":"2024-01-15T19:41:31","date_gmt":"2024-01-15T18:41:31","guid":{"rendered":"https:\/\/khublei-indienhilfe.de\/?page_id=2033"},"modified":"2026-03-15T07:34:42","modified_gmt":"2026-03-15T06:34:42","slug":"termine","status":"publish","type":"page","link":"https:\/\/khublei-indienhilfe.de\/es\/aktuelles\/termine\/","title":{"rendered":"Eventos"},"content":{"rendered":"<h3 class=\"wp-block-heading alignwide\">Fechas siguientes<\/h3>\n\n\n\n<figure class=\"wp-block-table alignwide custom-events-table\" data-no-auto-translation=\"\"><table><thead><tr><th>Datum<\/th><th>Uhrzeit<\/th><th>Ort<\/th><th>Beschreibung<\/th><\/tr><\/thead><tbody><tr><td>08.04.26 &#8211;<br>12.05.26<\/td><td><\/td><td>Jowai in Meghalaya\/Nordost-Indien<\/td><td><strong>Indienreise<\/strong><\/td><\/tr><tr><td>19.06.26<\/td><td>19.00<\/td><td>Stegaurach, M\u00fchlendorfer Stra\u00dfe 11<br>Restaurant Nettuno<\/td><td><strong>TREFFpunkt<\/strong>_offene Gespr\u00e4chsrunde mit Pfr. Manbha &#8211;<br>Treffen mit Interessierten und Mitgliedern<\/td><\/tr><tr><td>12.07.26<\/td><td>11.30<\/td><td>Bamberg, Domplatz<\/td><td><strong>Heinrichsfest<\/strong>&nbsp;\u2013 Khublei-Stand Nr. 6<\/td><\/tr><tr><td>20.09.26<\/td><td>17.00<\/td><td>Stegaurach, M\u00fchlendorfer Stra\u00dfe 11<br>Restaurant Nettuno<\/td><td><strong>TREFFpunkt<\/strong>_offene Gespr\u00e4chsrunde &#8211;<br>Treffen mit Interessierten und Mitgliedern<\/td><\/tr><tr><td>28.11.26<\/td><td><br>14.00 &#8211;<br>19.00<\/td><td>Stegaurach, Schlossplatz<\/td><td><strong>Weihnachtsmarkt<\/strong> mit Khublei<\/td><\/tr><tr><td>29.11.26<\/td><td>13.00 &#8211;<br>19.00<\/td><td>Stegaurach, Schlossplatz<\/td><td><strong>Weihnachtsmarkt<\/strong> mit Khublei<\/td><\/tr><\/tbody><\/table><\/figure>\n\n\n\n<h3 class=\"wp-block-heading alignwide\">Citas pasadas<\/h3>\n\n\n\n<figure class=\"wp-block-table alignwide custom-events-table\" data-no-auto-translation=\"\"><table><thead><tr><th>Datum<\/th><th>Uhrzeit<\/th><th>Ort<\/th><th>Beschreibung<\/th><\/tr><\/thead><tbody><tr><td>13.03.26<\/td><td>19.00<\/td><td>Stegaurach, M\u00fchlendorfer Stra\u00dfe 11<br>Restaurant Nettuno &amp; online<\/td><td><strong>Mitgliederversammlung<\/strong><\/td><\/tr><tr><td>30.11.25<\/td><td>13.00 &#8211;<br>18.00<\/td><td>Stegaurach, Schlossplatz<\/td><td><strong>Weihnachtsmarkt<\/strong> mit Khublei<\/td><\/tr><tr><td>29.11.25<\/td><td>14.00 &#8211;<br>19.00<\/td><td>Stegaurach, Schlossplatz<\/td><td><strong>Weihnachtsmarkt<\/strong> mit Khublei<\/td><\/tr><tr><td>09.11.25<\/td><td>11.00 &#8211;<br>18.30<\/td><td>Bamberg, Jakobsplatz 15, Don Bosco Jugendwerk Bamberg<\/td><td><strong>Winterzauber 2025 &#8211; Wintermarkt<\/strong><br>mit Khublei<\/td><\/tr><tr><td>08.11.25<\/td><td>13.00 &#8211;<br>20.00<\/td><td>Bamberg, Jakobsplatz 15, Don Bosco Jugendwerk Bamberg<\/td><td><strong>Winterzauber 2025 &#8211; Wintermarkt<\/strong><br>mit Khublei<\/td><\/tr><tr><td>02.11.25<\/td><td>17.45<\/td><td>BR Nord Frankenschau<\/td><td>Khublei in Zusammenarbeit mit VSDB-Nordost-Indien und Caritas in W\u00fcrzburg -&gt; Sendung unter <a href=\"https:\/\/www.ardmediathek.de\/video\/frankenschau\/frankenschau-vom-02-11-2025\/br\/Y3JpZDovL2JyLmRlL2Jyb2FkY2FzdC9GMjAyNFdPMDEyMTc4QTA\">Frankenschau vom 02.11.2025 &#8211; hier anschauen<\/a> Minuten 01:01 &#8211; 12:12<\/td><\/tr><tr><td>25.10.25<\/td><td>16.00<\/td><td>Weismain, Kolpingplatz 1, Kolpinghaus<\/td><td><strong>Vortrag Indienreise 2025<\/strong> &#8211;<br>Projekte, Begegnungen, Wirkung<\/td><\/tr><tr><td>10.09.25 &#8211;<br>24.09.25<\/td><td><\/td><td>Stegaurach, Bamberg, W\u00fcrzburg, M\u00fcnchen, &#8230;<\/td><td><strong>Besuch <\/strong>von Pfr. Manbha Pakem<br>aus Meghalaya\/Nordost-Indien in Deutschland<\/td><\/tr><tr><td>21.09.25<\/td><td>17.00<\/td><td>Stegaurach, M\u00fchlendorfer Stra\u00dfe 11<br>Restaurant Nettuno<\/td><td><strong>TREFFpunkt<\/strong>_offene Gespr\u00e4chsrunde<br>mit Pfarrer Manbha<\/td><\/tr><tr><td>19.09.25<\/td><td>19.00<\/td><td>Ottobrunn, Albert-Schweitzer-Stra\u00dfe 2, Pfarrsaal von St. Albertus Magnus<\/td><td><strong>TREFFpunkt<\/strong>_offene Gespr\u00e4chsrunde<br>mit Pfarrer Manbha<\/td><\/tr><tr><td>16.09.25<\/td><td>18.30<\/td><td>Unteraurach, Kapelle, Dorfstra\u00dfe 14<\/td><td>Gottesdienst zum Patrozinium<br>anschlie\u00dfend: Beisammensein<\/td><\/tr><tr><td>14.09.25<\/td><td>11.00<\/td><td><br>Bamberg, Kirche St. Martin, Gr\u00fcner Markt 19<\/td><td>Gottesdienst<\/td><\/tr><tr><td>13.09.25<\/td><td>17.30<\/td><td>Weismain, Kreuzkapelle, Burgweg 21<\/td><td>Gottesdienst<\/td><\/tr><tr><td>12.09.25<\/td><td>19.00<\/td><td>H\u00f6fen, H\u00f6fener Hauptstra\u00dfe 18<br>Gasthaus Melber<\/td><td>Treffen und Austausch<br>mit Pfarrer Manbha<\/td><\/tr><tr><td>13.07.25<\/td><td>11.30<\/td><td>Bamberg, Domplatz<\/td><td><strong>Heinrichsfest<\/strong>&nbsp;\u2013 Khublei-Stand Nr. 6<\/td><\/tr><tr><td>06.07.25<\/td><td>17.00<\/td><td>Stegaurach, Schlo\u00dfplatz 2<br>Pfarrheim Luigi Padovese<\/td><td><strong>Indienreise 2025 &#8211; Projekte, Begegnungen, Wirkung<\/strong><br>Meghalaya: Eindr\u00fccke, die nachhallen<\/td><\/tr><tr><td>23.06.25 &#8211;<br>13.07.25<\/td><td><\/td><td>Landkreis Bamberg<\/td><td><strong>Stadtradeln <\/strong>mit Khublei &#8211; Khublei setzt in 2025 aus!<\/td><\/tr><tr><td>06.06.25<\/td><td>19.00<\/td><td>Stegaurach, M\u00fchlendorfer Stra\u00dfe 11<br>Restaurant Nettuno<\/td><td><strong>TREFFpunkt<\/strong>_offene Gespr\u00e4chsrunde &#8211;<br>Begegnungen, Erlebnisse und Eindr\u00fccke aus Nordost-Indien<\/td><\/tr><tr><td>11.04.25<\/td><td>19.00<\/td><td>Stegaurach, M\u00fchlendorfer Stra\u00dfe 11<br>Restaurant Nettuno &amp; online<\/td><td><strong>Mitgliederversammlung<\/strong><\/td><\/tr><tr><td>01.12.24<\/td><td>13.00 &#8211;<br>19.00<\/td><td>Trunstadt, Schloss<\/td><td>Pr\u00e4senz am <strong>Weihnachtsmarkt<\/strong><\/td><\/tr><tr><td>01.12.24<\/td><td>13.00 &#8211;<br>19.00<\/td><td>Stegaurach, Schlossplatz<\/td><td>Pr\u00e4senz am <strong>Weihnachtsmarkt<\/strong><\/td><\/tr><tr><td>30.11.24<\/td><td>14.00 &#8211;<br>18.00<\/td><td>Stegaurach, Schlossplatz<\/td><td>Pr\u00e4senz am <strong>Weihnachtsmarkt<\/strong><\/td><\/tr><tr><td>22.09.24<\/td><td>17.00<\/td><td>Stegaurach, M\u00fchlendorfer Stra\u00dfe 11<br>Restaurant Nettuno <\/td><td><strong>TREFFpunkt_offene Gespr\u00e4chsrunde<\/strong><\/td><\/tr><tr><td>22.09.24<\/td><td>17.00<\/td><td><br>Stegaurach, M\u00fchlendorfer Stra\u00dfe 11<br>Restaurant Nettuno <br><\/td><td><strong>Grenzen \u00fcberwinden &#8211; Herzen \u00f6ffnen<\/strong> &#8211; reich bebilderte Information \u00fcber Khublei-Aktivit\u00e4ten und Erfahrungen in Meghalaya\/Nordost-Indien<br>im Rahmen der Internationalen Woche im Landkreis Bamberg<\/td><\/tr><tr><td>22.09.24<\/td><td>10.30<\/td><td>Stegaurach, Bamberger Str.<br>Pfarrkirche<\/td><td>Pfarrer Manbha konzelebriert den <strong>Gottesdienst <\/strong>mit Pfarrer Sebastian Schiller in Stegaurach<\/td><\/tr><tr><td>21.09.24<\/td><td>17.30<\/td><td>Weismain, Kirchplatz 1<br>Kirche St. Martin<\/td><td>Pfarrer Manbha konzelebriert den <strong>Gottesdienst <\/strong>mit Pfarrer Christian Montag in Weismain<\/td><\/tr><tr><td>21.09.24<\/td><td>17.00<\/td><td>Stegaurach, Schulplatz 1, Mittelschule Altenburgblick, Schulk\u00fcche<\/td><td><strong>Ayurvedische Gerichte \u2013 selbst kochen<\/strong> &#8211; mit Monika Hofmann<br>im Rahmen der Internationalen Woche im Landkreis Bamberg<\/td><\/tr><tr><td>12.09.24<\/td><td>18.30<\/td><td>H\u00f6fen, H\u00f6fener Hauptstra\u00dfe 18, Gasthaus Melber<\/td><td><strong>offenes Treffen<\/strong> mit Bischof Ferdinand und Pfarrer Manbha<\/td><\/tr><tr><td>08.09.24 &#8211; 23.09.24<\/td><td><\/td><td>Stegaurach, Bamberg, W\u00fcrzburg, M\u00fcnchen<\/td><td><strong>Besuch <\/strong>von Pfr. Manbha Pakem<br>aus Meghalaya\/Nordost-Indien in Deutschland<\/td><\/tr><tr><td>08.09.24 &#8211;<br>15.09.24<\/td><td><\/td><td>Stegaurach, Bamberg, W\u00fcrzburg, M\u00fcnchen<\/td><td><strong>Besuch <\/strong>von Bischof Ferdinand Dkhar<br>aus Meghalaya\/Nordost-Indien in Deutschland<\/td><\/tr><tr><td>07.08.24<\/td><td>14.00<\/td><td>Stegaurach, Wildensorger Stra\u00dfe 22, Forsthaus<\/td><td><strong>Eine Bilderbuch-Reise nach Indien + Mal-Party<\/strong><br>im Rahmen des Ferienprogramms der Gemeinde Stegaurach<\/td><\/tr><tr><td>06.08.24<\/td><td>14.00<\/td><td>Stegaurach, Wildensorger Stra\u00dfe 22, Forsthaus<\/td><td><strong>Eine Bilderbuch-Reise nach Indien + Mal-Party<\/strong><br>im Rahmen des Ferienprogramms der Gemeinde Stegaurach<\/td><\/tr><tr><td>14.07.24<\/td><td>11.30<\/td><td>Bamberg, Domplatz<\/td><td><strong>Heinrichsfest<\/strong> &#8211; Khublei-Stand Nr. 5<\/td><\/tr><tr><td>30.06.24<\/td><td>17.00<\/td><td>Bamberg, Kirche St. Martin<\/td><td><strong>Grenzen \u00fcberwinden &#8211; Herzen \u00f6ffnen<\/strong> &#8211; reich bebilderte Information \u00fcber Khublei-Aktivit\u00e4ten und Erfahrungen in Meghalaya\/Nordost-Indien<\/td><\/tr><tr><td>19.05.24<\/td><td>11.00<\/td><td>Bamberg, Kirche St. Martin<\/td><td>Pfingst-Gottesdienst mit Erzbischof Victor und Bischof Wilbert<br>aus Nordost-Indien und Kaplan Sam Thomas<\/td><\/tr><tr><td>18.05.24<\/td><td>18.30<\/td><td>Stegaurach, Kirche<\/td><td>Vorabend-Pfingst-Gottesdienst mit Erzbischof Victor und Bischof<br>Wilbert aus Nordost-Indien und P. Severin Tyburski<\/td><\/tr><tr><td>10.03.24<\/td><td>17.00<\/td><td>Stegaurach, M\u00fchlendorfer Stra\u00dfe 11<br><\/td><td>TREFFpunkt_offene Gespr\u00e4chsrunde<\/td><\/tr><tr><td>08.03.24<\/td><td>19.00<\/td><td>Stegaurach &amp; online<\/td><td>Mitgliederversammlung mit Neuwahlen des Vorstands<\/td><\/tr><tr><td>02.12.23<\/td><td>14.00 &#8211; 18.00<\/td><td>Stegaurach, Schlossplatz\/Schulstra\u00dfe<\/td><td>Pr\u00e4senz am Weihnachtsmarkt<\/td><\/tr><tr><td>03.12.23<\/td><td>13.00 &#8211; 19.00<\/td><td>Stegaurach, Schlossplatz\/Schulstra\u00dfe<\/td><td>Pr\u00e4senz am Weihnachtsmarkt<\/td><\/tr><tr><td>03.12.23<\/td><td>13.00 &#8211; 19.00<\/td><td>Trunstadt, Schloss<\/td><td>Pr\u00e4senz am Weihnachtsmarkt<\/td><\/tr><\/tbody><\/table><\/figure>","protected":false},"excerpt":{"rendered":"<p>Bevorstehende Termine Datum Uhrzeit Ort Beschreibung 08.04.26 &#8211;12.05.26 Jowai in Meghalaya\/Nordost-Indien Indienreise 19.06.26 19.00 Stegaurach, M\u00fchlendorfer Stra\u00dfe 11Restaurant Nettuno TREFFpunkt_offene Gespr\u00e4chsrunde mit Pfr. Manbha &#8211;Treffen mit Interessierten und Mitgliedern 12.07.26 11.30 Bamberg, Domplatz Heinrichsfest&nbsp;\u2013 Khublei-Stand Nr. 6 20.09.26 17.00 Stegaurach, M\u00fchlendorfer Stra\u00dfe 11Restaurant Nettuno TREFFpunkt_offene Gespr\u00e4chsrunde &#8211;Treffen mit Interessierten und Mitgliedern 28.11.26 14.00 &#8211;19.00 Stegaurach, [&hellip;]<\/p>\n","protected":false},"author":2,"featured_media":0,"parent":16,"menu_order":1,"comment_status":"closed","ping_status":"closed","template":"templates\/template-full-width.php","meta":{"footnotes":""},"class_list":["post-2033","page","type-page","status-publish","hentry"],"_links":{"self":[{"href":"https:\/\/khublei-indienhilfe.de\/es\/wp-json\/wp\/v2\/pages\/2033","targetHints":{"allow":["GET"]}}],"collection":[{"href":"https:\/\/khublei-indienhilfe.de\/es\/wp-json\/wp\/v2\/pages"}],"about":[{"href":"https:\/\/khublei-indienhilfe.de\/es\/wp-json\/wp\/v2\/types\/page"}],"author":[{"embeddable":true,"href":"https:\/\/khublei-indienhilfe.de\/es\/wp-json\/wp\/v2\/users\/2"}],"replies":[{"embeddable":true,"href":"https:\/\/khublei-indienhilfe.de\/es\/wp-json\/wp\/v2\/comments?post=2033"}],"version-history":[{"count":75,"href":"https:\/\/khublei-indienhilfe.de\/es\/wp-json\/wp\/v2\/pages\/2033\/revisions"}],"predecessor-version":[{"id":2918,"href":"https:\/\/khublei-indienhilfe.de\/es\/wp-json\/wp\/v2\/pages\/2033\/revisions\/2918"}],"up":[{"embeddable":true,"href":"https:\/\/khublei-indienhilfe.de\/es\/wp-json\/wp\/v2\/pages\/16"}],"wp:attachment":[{"href":"https:\/\/khublei-indienhilfe.de\/es\/wp-json\/wp\/v2\/media?parent=2033"}],"curies":[{"name":"wp","href":"https:\/\/api.w.org\/{rel}","templated":true}]}}