{"id":2037,"date":"2024-01-15T19:50:44","date_gmt":"2024-01-15T18:50:44","guid":{"rendered":"https:\/\/khublei-indienhilfe.de\/?page_id=2037"},"modified":"2024-05-13T18:16:15","modified_gmt":"2024-05-13T16:16:15","slug":"aus-indien","status":"publish","type":"page","link":"https:\/\/khublei-indienhilfe.de\/es\/aktuelles\/aus-indien\/","title":{"rendered":"de la India"},"content":{"rendered":"<ul class=\"wp-block-latest-posts__list has-dates has-author wp-block-latest-posts\"><li><a class=\"wp-block-latest-posts__post-title\" href=\"https:\/\/khublei-indienhilfe.de\/es\/2025\/06\/khublei-unsere-reise-nach-nordost-indien\/\">Khublei \u2013 Nuestro viaje al noreste de la India<\/a><div class=\"wp-block-latest-posts__post-author\">por Gerhard Albert<\/div><time datetime=\"2025-06-09T14:16:34+02:00\" class=\"wp-block-latest-posts__post-date\">9 de junio de 2025<\/time><div class=\"wp-block-latest-posts__post-excerpt\">Im April und Mai durften wir wieder eine ganz besondere Reise antreten: nach Jowai im indischen Bundesstaat Meghalaya. Unser Pfarrer Manbha hat uns herzlich empfangen \u2013 ein Wiedersehen, das uns tief ber\u00fchrt und&#8230; <a class=\"wp-block-latest-posts__read-more\" href=\"https:\/\/khublei-indienhilfe.de\/es\/2025\/06\/khublei-unsere-reise-nach-nordost-indien\/\" rel=\"noopener noreferrer\">Lee m\u00e1s<span class=\"screen-reader-text\">: Khublei \u2013 Unsere Reise nach Nordost-Indien<\/span><\/a><\/div><\/li>\n<li><a class=\"wp-block-latest-posts__post-title\" href=\"https:\/\/khublei-indienhilfe.de\/es\/2024\/05\/heiniwan-o-lebensrettende-herz-operation\/\">Heiniwan-o: cirug\u00eda card\u00edaca que salva vidas<\/a><div class=\"wp-block-latest-posts__post-author\">por Gerhard Albert<\/div><time datetime=\"2024-05-14T07:40:02+02:00\" class=\"wp-block-latest-posts__post-date\">14 de mayo de 2024<\/time><div class=\"wp-block-latest-posts__post-excerpt\">Schon seit l\u00e4ngerem hat Heiniwan-o ein Loch im Herzen. Er, seine Eltern und seine drei \u00e4lteren Schwestern wissen um diese Notlage. Die Mutter ist selbst auch kr\u00e4nklich und der Vater ist Gelegenheitsarbeiter. Aus&#8230; <a class=\"wp-block-latest-posts__read-more\" href=\"https:\/\/khublei-indienhilfe.de\/es\/2024\/05\/heiniwan-o-lebensrettende-herz-operation\/\" rel=\"noopener noreferrer\">Lee m\u00e1s<span class=\"screen-reader-text\">: Heiniwan-o \u2013 lebensrettende Herz-Operation<\/span><\/a><\/div><\/li>\n<li><a class=\"wp-block-latest-posts__post-title\" href=\"https:\/\/khublei-indienhilfe.de\/es\/2024\/05\/einweihung-unserer-schule-in-mooralong\/\">Inauguraci\u00f3n de \u201cnuestra\u201d escuela en Mooralong<\/a><div class=\"wp-block-latest-posts__post-author\">por Gerhard Albert<\/div><time datetime=\"2024-05-13T19:47:43+02:00\" class=\"wp-block-latest-posts__post-date\">13 de mayo de 2024<\/time><div class=\"wp-block-latest-posts__post-excerpt\">Vor zwei Jahren, im M\u00e4rz 2022, stellen wir uns als Khublei einem gro\u00dfen Projekt und damit einer gro\u00dfen Herausforderung:\u00a0Die Tome Memorial Secondary School im Stadtteil Mooralong in Jowai soll um die 11. und&#8230; <a class=\"wp-block-latest-posts__read-more\" href=\"https:\/\/khublei-indienhilfe.de\/es\/2024\/05\/einweihung-unserer-schule-in-mooralong\/\" rel=\"noopener noreferrer\">Lee m\u00e1s<span class=\"screen-reader-text\">: Einweihung \u201eunserer\u201c Schule in Mooralong<\/span><\/a><\/div><\/li>\n<li><a class=\"wp-block-latest-posts__post-title\" href=\"https:\/\/khublei-indienhilfe.de\/es\/2023\/10\/die-reise-vom-betteln-zur-selbststaendigkeit\/\">El viaje de la mendicidad a la independencia<\/a><div class=\"wp-block-latest-posts__post-author\">por Denis Kurkalang<\/div><time datetime=\"2023-10-26T19:37:19+02:00\" class=\"wp-block-latest-posts__post-date\">26 de octubre de 2023<\/time><div class=\"wp-block-latest-posts__post-excerpt\">Selbstbestimmung und Flei\u00df ver\u00e4ndern das Leben von Menschen. So erging es auch einer alleinstehenden, arbeitenden Frau aus dem Dorf Mihmyntdu namens Lumbiang Sana. Als arme, alleinerziehende Mutter muss sich Frau Lumbiang Sana um&#8230; <a class=\"wp-block-latest-posts__read-more\" href=\"https:\/\/khublei-indienhilfe.de\/es\/2023\/10\/die-reise-vom-betteln-zur-selbststaendigkeit\/\" rel=\"noopener noreferrer\">Lee m\u00e1s<span class=\"screen-reader-text\">: Die Reise vom Betteln zur Selbstst\u00e4ndigkeit<\/span><\/a><\/div><\/li>\n<li><a class=\"wp-block-latest-posts__post-title\" href=\"https:\/\/khublei-indienhilfe.de\/es\/2023\/09\/aus-der-baracke-in-ein-neues-haus\/\">\u00a1Del cuartel a una casa nueva!<\/a><div class=\"wp-block-latest-posts__post-author\">por Ulrike Albert<\/div><time datetime=\"2023-09-26T11:32:49+02:00\" class=\"wp-block-latest-posts__post-date\">26 de septiembre de 2023<\/time><div class=\"wp-block-latest-posts__post-excerpt\">Familie Dkhar in Mihmyntdu, einem Dorf nahe der Stadt Jowai, wohnt in einem Haus, das sich in einem desastr\u00f6sen Zustand befindet; Baracke w\u00e4re die treffendere Bezeichnung. Es handelt sich um die Familie unsers&#8230; <a class=\"wp-block-latest-posts__read-more\" href=\"https:\/\/khublei-indienhilfe.de\/es\/2023\/09\/aus-der-baracke-in-ein-neues-haus\/\" rel=\"noopener noreferrer\">Lee m\u00e1s<span class=\"screen-reader-text\">: Aus der Baracke in ein neues Haus!<\/span><\/a><\/div><\/li>\n<li><a class=\"wp-block-latest-posts__post-title\" href=\"https:\/\/khublei-indienhilfe.de\/es\/2023\/09\/jerals-glueck-vom-neuen-haus\/\">La felicidad de Jeral desde la nueva casa.<\/a><div class=\"wp-block-latest-posts__post-author\">por Ulrike Albert<\/div><time datetime=\"2023-09-25T11:29:11+02:00\" class=\"wp-block-latest-posts__post-date\">25 de septiembre de 2023<\/time><div class=\"wp-block-latest-posts__post-excerpt\">Eine siebenk\u00f6pfige Familie im Dorf Khanduli wohnt auf engstem Raum in einer Behausung zusammen &#8211; die K\u00fcche befindet sich au\u00dferhalb in einer separaten H\u00fctte. Wir k\u00f6nnen hier helfen, denn wir haben gl\u00fccklicherweise eine&#8230; <a class=\"wp-block-latest-posts__read-more\" href=\"https:\/\/khublei-indienhilfe.de\/es\/2023\/09\/jerals-glueck-vom-neuen-haus\/\" rel=\"noopener noreferrer\">Lee m\u00e1s<span class=\"screen-reader-text\">: Jerals Gl\u00fcck vom neuen Haus<\/span><\/a><\/div><\/li>\n<li><a class=\"wp-block-latest-posts__post-title\" href=\"https:\/\/khublei-indienhilfe.de\/es\/2023\/05\/mein-patenjunge-bonifast\/\">Mi ahijado Bonifast<\/a><div class=\"wp-block-latest-posts__post-author\">por Ulrike Albert<\/div><time datetime=\"2023-05-28T16:42:05+02:00\" class=\"wp-block-latest-posts__post-date\">28 de mayo de 2023<\/time><div class=\"wp-block-latest-posts__post-excerpt\">Ich habe die Patenschaft f\u00fcr Bonifast im Februar 2023 \u00fcbernommen. Bonifast kommt aus einer sehr armen Familie. Er w\u00e4chst in einem kleinen Dorf mit seinen acht Geschwistern auf. Seit dem Tod seiner Mutter&#8230; <a class=\"wp-block-latest-posts__read-more\" href=\"https:\/\/khublei-indienhilfe.de\/es\/2023\/05\/mein-patenjunge-bonifast\/\" rel=\"noopener noreferrer\">Lee m\u00e1s<span class=\"screen-reader-text\">: Mein Patenjunge Bonifast<\/span><\/a><\/div><\/li>\n<li><a class=\"wp-block-latest-posts__post-title\" href=\"https:\/\/khublei-indienhilfe.de\/es\/2023\/05\/jaehrliche-schulsportveranstaltungen\/\">Eventos deportivos escolares anuales<\/a><div class=\"wp-block-latest-posts__post-author\">por Gerhard Albert<\/div><time datetime=\"2023-05-28T16:36:30+02:00\" class=\"wp-block-latest-posts__post-date\">28 de mayo de 2023<\/time><div class=\"wp-block-latest-posts__post-excerpt\">Im M\u00e4rz\/April finden in Meghalaya an den Schulen die j\u00e4hrlichen Schulsportveranstaltungen statt. Hier k\u00e4mpfen die verschiedenen Gruppen gegeneinander: Gr\u00fcnes, blaues, rotes und gelbes Team. Dies ist sowohl f\u00fcr die Kinder als auch f\u00fcr&#8230; <a class=\"wp-block-latest-posts__read-more\" href=\"https:\/\/khublei-indienhilfe.de\/es\/2023\/05\/jaehrliche-schulsportveranstaltungen\/\" rel=\"noopener noreferrer\">Lee m\u00e1s<span class=\"screen-reader-text\">: J\u00e4hrliche Schulsportveranstaltungen<\/span><\/a><\/div><\/li>\n<li><a class=\"wp-block-latest-posts__post-title\" href=\"https:\/\/khublei-indienhilfe.de\/es\/2023\/05\/start-up-unternehmen-von-5-naeherinnen\/\">Empresa de nueva creaci\u00f3n de 5 costureras.<\/a><div class=\"wp-block-latest-posts__post-author\">por Ulrike Albert<\/div><time datetime=\"2023-05-28T16:09:19+02:00\" class=\"wp-block-latest-posts__post-date\">28 de mayo de 2023<\/time><div class=\"wp-block-latest-posts__post-excerpt\">Kurz nach unserer Ankunft in Meghalaya und nach Abschluss des ersten N\u00e4hkurses, an dem interessierte Frauen teilnahmen, stellen sich f\u00fcnf bed\u00fcrftige Frauen bei uns mit einem kleinen Businessplan vor. Ihre Gesch\u00e4ftsidee: Ein Tayloring-Start-up!&#8230; <a class=\"wp-block-latest-posts__read-more\" href=\"https:\/\/khublei-indienhilfe.de\/es\/2023\/05\/start-up-unternehmen-von-5-naeherinnen\/\" rel=\"noopener noreferrer\">Lee m\u00e1s<span class=\"screen-reader-text\">: Start-up-Unternehmen von 5 N\u00e4herinnen<\/span><\/a><\/div><\/li>\n<li><a class=\"wp-block-latest-posts__post-title\" href=\"https:\/\/khublei-indienhilfe.de\/es\/2023\/05\/indienreise-maerz-april-2023\/\">Viaje a India marzo\/abril 2023<\/a><div class=\"wp-block-latest-posts__post-author\">por Ulrike Albert<\/div><time datetime=\"2023-05-28T15:47:20+02:00\" class=\"wp-block-latest-posts__post-date\">28 de mayo de 2023<\/time><div class=\"wp-block-latest-posts__post-excerpt\">In diesem Jahr haben wir uns zu zweit auf den Weg nach Nordost-Indien gemacht: Gerhard und ich waren 2 Monate bzw. 1 Monat in Meghalaya und haben uns rege mit unseren Partnern vor&#8230; <a class=\"wp-block-latest-posts__read-more\" href=\"https:\/\/khublei-indienhilfe.de\/es\/2023\/05\/indienreise-maerz-april-2023\/\" rel=\"noopener noreferrer\">Lee m\u00e1s<span class=\"screen-reader-text\">: Indienreise M\u00e4rz\/April 2023<\/span><\/a><\/div><\/li>\n<li><a class=\"wp-block-latest-posts__post-title\" href=\"https:\/\/khublei-indienhilfe.de\/es\/2022\/12\/die-naehmaschinen-laufen-auf-hochtouren\/\">Las m\u00e1quinas de coser est\u00e1n funcionando a toda velocidad.<\/a><div class=\"wp-block-latest-posts__post-author\">por Ulrike Albert<\/div><time datetime=\"2022-12-18T12:25:18+01:00\" class=\"wp-block-latest-posts__post-date\">18 de diciembre de 2022<\/time><div class=\"wp-block-latest-posts__post-excerpt\">Seit Anfang Dezember werden im Tailoring-Center Frauen an N\u00e4hmaschinen ausgebildet, um sich eine eigene Existenz aufzubauen. Wie kam es dazu? In unserem Kuno Nr. 7 im August haben wir das Projekt \u201eN\u00e4hmaschinen\u201c vorgestellt:&#8230; <a class=\"wp-block-latest-posts__read-more\" href=\"https:\/\/khublei-indienhilfe.de\/es\/2022\/12\/die-naehmaschinen-laufen-auf-hochtouren\/\" rel=\"noopener noreferrer\">Lee m\u00e1s<span class=\"screen-reader-text\">: Die N\u00e4hmaschinen laufen auf Hochtouren<\/span><\/a><\/div><\/li>\n<li><a class=\"wp-block-latest-posts__post-title\" href=\"https:\/\/khublei-indienhilfe.de\/es\/2022\/08\/meghalaya-2022-06-20-sehr-fruehe-und-heftige-monsunregen-in-nordost-indien\/\">Meghalaya: lluvias monz\u00f3nicas intensas y muy tempranas en el noreste de la India, junio de 2022<\/a><div class=\"wp-block-latest-posts__post-author\">por Gerhard Albert<\/div><time datetime=\"2022-08-15T14:50:36+02:00\" class=\"wp-block-latest-posts__post-date\">15 de agosto de 2022<\/time><div class=\"wp-block-latest-posts__post-excerpt\"><\/div><\/li>\n<li><a class=\"wp-block-latest-posts__post-title\" href=\"https:\/\/khublei-indienhilfe.de\/es\/2022\/05\/installation-einer-hirsemuehle-in-samanong\/\">Instalaci\u00f3n de un molino de mijo en Samanong<\/a><div class=\"wp-block-latest-posts__post-author\">por Ulrike Albert<\/div><time datetime=\"2022-05-15T07:39:24+02:00\" class=\"wp-block-latest-posts__post-date\">15 de mayo de 2022<\/time><div class=\"wp-block-latest-posts__post-excerpt\">Ein kleines Dorf gef\u00fchlt am Ende der Welt: Doch von wegen! An diesem Tag \u201esteppte hier der B\u00e4r\u201c, denn es wurde die neue Hirsem\u00fchle installiert, angeschlossen und eingeweiht. Gerhard war bei dieser Veranstaltung&#8230; <a class=\"wp-block-latest-posts__read-more\" href=\"https:\/\/khublei-indienhilfe.de\/es\/2022\/05\/installation-einer-hirsemuehle-in-samanong\/\" rel=\"noopener noreferrer\">Lee m\u00e1s<span class=\"screen-reader-text\">: Installation einer Hirsem\u00fchle in Samanong<\/span><\/a><\/div><\/li>\n<li><a class=\"wp-block-latest-posts__post-title\" href=\"https:\/\/khublei-indienhilfe.de\/es\/2022\/05\/bau-eines-neuen-klassenzimmers-in-khahnar\/\">Construcci\u00f3n de una nueva aula en Khahnar<\/a><div class=\"wp-block-latest-posts__post-author\">por Ulrike Albert<\/div><time datetime=\"2022-05-15T06:41:26+02:00\" class=\"wp-block-latest-posts__post-date\">15 de mayo de 2022<\/time><div class=\"wp-block-latest-posts__post-excerpt\">Eine lange und abenteuerliche Fahrt f\u00fchrt uns \u00fcber holprige Stra\u00dfen, soweit man diese Befestigungen so nennen kann, in das Dorf Khahnar. Schon bei unserem ersten Besuch dort in 2018 durften wir die Gastfreundschaft&#8230; <a class=\"wp-block-latest-posts__read-more\" href=\"https:\/\/khublei-indienhilfe.de\/es\/2022\/05\/bau-eines-neuen-klassenzimmers-in-khahnar\/\" rel=\"noopener noreferrer\">Lee m\u00e1s<span class=\"screen-reader-text\">: Bau eines neuen Klassenzimmers in Khahnar<\/span><\/a><\/div><\/li>\n<li><a class=\"wp-block-latest-posts__post-title\" href=\"https:\/\/khublei-indienhilfe.de\/es\/2021\/04\/maskenverteilung-an-kinder\/\">Reparto de mascarillas a ni\u00f1os<\/a><div class=\"wp-block-latest-posts__post-author\">por Gerhard Albert<\/div><time datetime=\"2021-04-03T00:00:48+02:00\" class=\"wp-block-latest-posts__post-date\">3 de abril de 2021<\/time><div class=\"wp-block-latest-posts__post-excerpt\">Damit wir auch die Kinder richtig vor Corona sch\u00fctzen k\u00f6nnen, erhalten diese nicht nur Masken, sondern sie bekommen auch eine Unterweisung und genaue Erkl\u00e4rung, wie die Masken zu tragen sind. Und vor allem&#8230; <a class=\"wp-block-latest-posts__read-more\" href=\"https:\/\/khublei-indienhilfe.de\/es\/2021\/04\/maskenverteilung-an-kinder\/\" rel=\"noopener noreferrer\">Lee m\u00e1s<span class=\"screen-reader-text\">: Maskenverteilung an Kinder<\/span><\/a><\/div><\/li>\n<li><a class=\"wp-block-latest-posts__post-title\" href=\"https:\/\/khublei-indienhilfe.de\/es\/2021\/04\/corona-warenkorb-verteilung\/\">Corona \u2013 distribuci\u00f3n \u201ccarrito de compras\u201d<\/a><div class=\"wp-block-latest-posts__post-author\">por Gerhard Albert<\/div><time datetime=\"2021-04-03T00:00:47+02:00\" class=\"wp-block-latest-posts__post-date\">3 de abril de 2021<\/time><div class=\"wp-block-latest-posts__post-excerpt\">Las familias especialmente necesitadas reciben alimentos de nuestro proyecto de ayuda Corona \u201cCarrito de la compra\u201d. Adem\u00e1s de alimentos como arroz, aceite, especias, lentejas, etc., las familias reciben mascarillas contra el coronavirus donadas por un patrocinador de Ebelsbach.<\/div><\/li>\n<li><a class=\"wp-block-latest-posts__post-title\" href=\"https:\/\/khublei-indienhilfe.de\/es\/2020\/12\/bei-iarki-gackert-es-im-stall\/\">Iarki se r\u00ede en el establo.<\/a><div class=\"wp-block-latest-posts__post-author\">por Beate Offermanns<\/div><time datetime=\"2020-12-05T00:00:05+01:00\" class=\"wp-block-latest-posts__post-date\">5 de diciembre de 2020<\/time><div class=\"wp-block-latest-posts__post-excerpt\">100 K\u00fcken sowie Futter und Anleitung: Iarki\u2018s Familie hat als erste einen H\u00fchnerstall durch eine Spende von Khublei erhalten. Ein Vergleich der beiden Fotos zeigt dass sie wohl ein richtiges H\u00e4ndchen f\u00fcr H\u00fchner&#8230; <a class=\"wp-block-latest-posts__read-more\" href=\"https:\/\/khublei-indienhilfe.de\/es\/2020\/12\/bei-iarki-gackert-es-im-stall\/\" rel=\"noopener noreferrer\">Lee m\u00e1s<span class=\"screen-reader-text\">: Bei Iarki gackert es im Stall<\/span><\/a><\/div><\/li>\n<li><a class=\"wp-block-latest-posts__post-title\" href=\"https:\/\/khublei-indienhilfe.de\/es\/2020\/09\/corona-dringender-hilferuf-aus-nordost-indien\/\">Corona \u2013 Llamado urgente de ayuda desde el noreste de la India<\/a><div class=\"wp-block-latest-posts__post-author\">por Gerhard Albert<\/div><time datetime=\"2020-09-14T00:00:03+02:00\" class=\"wp-block-latest-posts__post-date\">14 de septiembre de 2020<\/time><div class=\"wp-block-latest-posts__post-excerpt\">Uns erreicht ein dringender Hilferuf aus Megalaya: Der Ausbruch der Pandemie Covid-19 hat das Leben vieler armer Menschen in Nordost-Indien sehr stark beeintr\u00e4chtigt.Zu Beginn der Pandemie litten die Menschen unter dem Lockdown, so&#8230; <a class=\"wp-block-latest-posts__read-more\" href=\"https:\/\/khublei-indienhilfe.de\/es\/2020\/09\/corona-dringender-hilferuf-aus-nordost-indien\/\" rel=\"noopener noreferrer\">Lee m\u00e1s<span class=\"screen-reader-text\">: Corona &#8211; Dringender Hilferuf aus Nordost-Indien<\/span><\/a><\/div><\/li>\n<li><a class=\"wp-block-latest-posts__post-title\" href=\"https:\/\/khublei-indienhilfe.de\/es\/2020\/06\/unser-erstes-patenkind-ist-vermittelt\/\">\u00a1Nuestro primer ni\u00f1o apadrinado ha sido colocado!<\/a><div class=\"wp-block-latest-posts__post-author\">por Gerhard Albert<\/div><time datetime=\"2020-06-08T00:00:09+02:00\" class=\"wp-block-latest-posts__post-date\">8 de junio de 2020<\/time><div class=\"wp-block-latest-posts__post-excerpt\">Wandame, una ni\u00f1a de 12 a\u00f1os, hu\u00e9rfana de Nangbah, est\u00e1 pasando por momentos especialmente dif\u00edciles. Despu\u00e9s de la muerte de su madre, sus dos hermanas tambi\u00e9n perdieron su trabajo debido al coronavirus. \u00a1Sus padrinos en Bamberg le dan esperanza!<\/div><\/li>\n<\/ul>","protected":false},"excerpt":{"rendered":"","protected":false},"author":2,"featured_media":0,"parent":16,"menu_order":3,"comment_status":"closed","ping_status":"closed","template":"","meta":{"footnotes":""},"class_list":["post-2037","page","type-page","status-publish","hentry"],"_links":{"self":[{"href":"https:\/\/khublei-indienhilfe.de\/es\/wp-json\/wp\/v2\/pages\/2037","targetHints":{"allow":["GET"]}}],"collection":[{"href":"https:\/\/khublei-indienhilfe.de\/es\/wp-json\/wp\/v2\/pages"}],"about":[{"href":"https:\/\/khublei-indienhilfe.de\/es\/wp-json\/wp\/v2\/types\/page"}],"author":[{"embeddable":true,"href":"https:\/\/khublei-indienhilfe.de\/es\/wp-json\/wp\/v2\/users\/2"}],"replies":[{"embeddable":true,"href":"https:\/\/khublei-indienhilfe.de\/es\/wp-json\/wp\/v2\/comments?post=2037"}],"version-history":[{"count":5,"href":"https:\/\/khublei-indienhilfe.de\/es\/wp-json\/wp\/v2\/pages\/2037\/revisions"}],"predecessor-version":[{"id":2305,"href":"https:\/\/khublei-indienhilfe.de\/es\/wp-json\/wp\/v2\/pages\/2037\/revisions\/2305"}],"up":[{"embeddable":true,"href":"https:\/\/khublei-indienhilfe.de\/es\/wp-json\/wp\/v2\/pages\/16"}],"wp:attachment":[{"href":"https:\/\/khublei-indienhilfe.de\/es\/wp-json\/wp\/v2\/media?parent=2037"}],"curies":[{"name":"wp","href":"https:\/\/api.w.org\/{rel}","templated":true}]}}