{"id":248,"date":"2021-12-03T17:48:09","date_gmt":"2021-12-03T16:48:09","guid":{"rendered":"http:\/\/khublei-indienhilfe-test.de\/?page_id=248"},"modified":"2022-03-22T20:07:55","modified_gmt":"2022-03-22T19:07:55","slug":"wo-wir-helfen","status":"publish","type":"page","link":"https:\/\/khublei-indienhilfe.de\/es\/ueber-uns\/wo-wir-helfen\/","title":{"rendered":"donde ayudamos"},"content":{"rendered":"<div class=\"wp-block-columns alignwide is-layout-flex wp-container-core-columns-is-layout-9d6595d7 wp-block-columns-is-layout-flex\">\n<div class=\"wp-block-column is-layout-flow wp-block-column-is-layout-flow\" style=\"flex-basis:66.66%\">\n<h4 class=\"has-text-color wp-block-heading\" style=\"color:#8d1753\">Noreste de la India<\/h4>\n\n\n\n<p>Noreste de la India: estos son los siete estados hermanos del noreste de la India, que s\u00f3lo est\u00e1n conectados con el centro de la India a trav\u00e9s de un estrecho corredor. En la regi\u00f3n viven m\u00e1s de 45 millones de personas, un total de 200 pueblos ind\u00edgenas que se diferencian significativamente del resto de la India en apariencia, idioma y cultura. Debido a esta diversidad, existe una gran riqueza cultural en esta parte de la India.<br><br>Uno de estos estados es Meghalaya. Este es inicialmente el foco de nuestras actividades.<\/p>\n\n\n\n<h4 class=\"has-text-color wp-block-heading\" style=\"color:#8d1753\">El estado de Meghalaya en el noreste de la India.<\/h4>\n\n\n\n<p>Meghalaya significa: morada de las nubes.<br><br>No es la t\u00edpica India que conoces por publicidad, carteles o informes de viajes. Ni playas con palmeras, ni un calor insoportable.<br><br>Meghalaya es suavemente ondulada y monta\u00f1osa. Hay muchos pastos y muchos campos, el paisaje es m\u00e1s comparable al de Irlanda o Escocia.<br>El estado est\u00e1 \u201cabrazado\u201d de oeste a norte y al este por el estado de Assam. Assam, el pa\u00eds famoso en Europa por su t\u00e9 negro fuerte y amargo. Meghalaya limita con Bangladesh al sur. All\u00ed el terreno desciende pronunciadamente. Hay enormes cascadas, profundos desfiladeros, laderas escarpadas y cuevas. El lugar m\u00e1s lluvioso del mundo, Cherrapunji, est\u00e1 justo aqu\u00ed. \u00a1Casi nadie en la India hubiera esperado este r\u00e9cord!<\/p>\n\n\n\n<h4 class=\"has-text-color wp-block-heading\" style=\"color:#8d1753\">Meghalaya es el estado donde centramos nuestras actividades.<\/h4>\n<\/div>\n\n\n\n<div class=\"wp-block-column is-layout-flow wp-block-column-is-layout-flow\" style=\"flex-basis:33.33%\">\n<figure class=\"wp-block-image size-large is-resized\"><img loading=\"lazy\" decoding=\"async\" src=\"https:\/\/khublei-indienhilfe.de\/wp-content\/uploads\/Khublei_Karte-699x1024.png\" alt=\"\" class=\"wp-image-991\" width=\"350\" height=\"512\" srcset=\"https:\/\/khublei-indienhilfe.de\/wp-content\/uploads\/Khublei_Karte-699x1024.png 699w, https:\/\/khublei-indienhilfe.de\/wp-content\/uploads\/Khublei_Karte-205x300.png 205w, https:\/\/khublei-indienhilfe.de\/wp-content\/uploads\/Khublei_Karte-768x1125.png 768w, https:\/\/khublei-indienhilfe.de\/wp-content\/uploads\/Khublei_Karte.png 800w\" sizes=\"auto, (max-width: 350px) 100vw, 350px\" \/><\/figure>\n<\/div>\n<\/div>","protected":false},"excerpt":{"rendered":"<p>Nordost-Indien Nordost-Indien: Das sind die sieben Schwesterstaaten im Nordosten Indiens, die nur \u00fcber einen schmalen Korridor mit Zentral-Indien verbunden sind. Mehr als 45 Millionen Menschen leben in der Region, insgesamt 200 indigene V\u00f6lker, die sich in Aussehen, Sprache und Kultur deutlich vom Rest Indiens unterscheiden. Aufgrund dieser Vielfalt herrscht in diesem Teil Indiens ein gro\u00dfer [&hellip;]<\/p>\n","protected":false},"author":1,"featured_media":0,"parent":14,"menu_order":3,"comment_status":"closed","ping_status":"closed","template":"","meta":{"footnotes":""},"class_list":["post-248","page","type-page","status-publish","hentry"],"_links":{"self":[{"href":"https:\/\/khublei-indienhilfe.de\/es\/wp-json\/wp\/v2\/pages\/248","targetHints":{"allow":["GET"]}}],"collection":[{"href":"https:\/\/khublei-indienhilfe.de\/es\/wp-json\/wp\/v2\/pages"}],"about":[{"href":"https:\/\/khublei-indienhilfe.de\/es\/wp-json\/wp\/v2\/types\/page"}],"author":[{"embeddable":true,"href":"https:\/\/khublei-indienhilfe.de\/es\/wp-json\/wp\/v2\/users\/1"}],"replies":[{"embeddable":true,"href":"https:\/\/khublei-indienhilfe.de\/es\/wp-json\/wp\/v2\/comments?post=248"}],"version-history":[{"count":2,"href":"https:\/\/khublei-indienhilfe.de\/es\/wp-json\/wp\/v2\/pages\/248\/revisions"}],"predecessor-version":[{"id":1012,"href":"https:\/\/khublei-indienhilfe.de\/es\/wp-json\/wp\/v2\/pages\/248\/revisions\/1012"}],"up":[{"embeddable":true,"href":"https:\/\/khublei-indienhilfe.de\/es\/wp-json\/wp\/v2\/pages\/14"}],"wp:attachment":[{"href":"https:\/\/khublei-indienhilfe.de\/es\/wp-json\/wp\/v2\/media?parent=248"}],"curies":[{"name":"wp","href":"https:\/\/api.w.org\/{rel}","templated":true}]}}