{"id":253,"date":"2021-12-03T17:58:09","date_gmt":"2021-12-03T16:58:09","guid":{"rendered":"http:\/\/khublei-indienhilfe-test.de\/?page_id=253"},"modified":"2024-02-15T10:21:52","modified_gmt":"2024-02-15T09:21:52","slug":"patenschaften","status":"publish","type":"page","link":"https:\/\/khublei-indienhilfe.de\/es\/projekte\/patenschaften\/","title":{"rendered":"Patrocinios"},"content":{"rendered":"<div class=\"wp-block-columns alignwide is-layout-flex wp-container-core-columns-is-layout-9d6595d7 wp-block-columns-is-layout-flex\">\n<div class=\"wp-block-column is-layout-flow wp-block-column-is-layout-flow\" style=\"flex-basis:66.66%\">\n<blockquote class=\"wp-block-quote is-layout-flow wp-block-quote-is-layout-flow\">\n<p><em>Teilangrius vive con sus padres y seis hermanos en Khahnar, un peque\u00f1o pueblo en una regi\u00f3n monta\u00f1osa. Estaba muy feliz de poder finalmente ir a la escuela. Estaba feliz de aprender a leer, escribir y hacer aritm\u00e9tica, ya que sus padres no hab\u00edan podido hacer esto cuando eran ni\u00f1os. Pero al poco tiempo su peque\u00f1a felicidad se acab\u00f3 repentinamente: sus padres ya no pod\u00edan costearle la asistencia a la escuela y por eso tuvo que quedarse en casa para ayudar en el trabajo de la casa y en el campo y para mantener a la familia.<\/em><\/p>\n<\/blockquote>\n\n\n\n<p>Tras m\u00e1s de 18 a\u00f1os de intenso trabajo en proyectos en la India, hemos adquirido mucha experiencia en la implementaci\u00f3n de las medidas de ayuda necesarias. En las conversaciones con nuestros socios locales, r\u00e1pidamente qued\u00f3 claro en qu\u00e9 \u00e1mbito se necesita ayuda con urgencia: son los ni\u00f1os y las familias quienes necesitan apoyo.<\/p>\n\n\n\n<h2 class=\"wp-block-heading\">Abandonar la escuela<\/h2>\n\n\n\n<p>El abandono de la escuela no es raro aqu\u00ed. Pero no, como podr\u00eda suponerse, por desgana o rechazo. Es la situaci\u00f3n econ\u00f3mica de la familia la que no les permite pagar las tasas escolares.<\/p>\n\n\n\n<h2 class=\"wp-block-heading\">Rutas escolares<\/h2>\n\n\n\n<p>Las escuelas tambi\u00e9n suelen estar lejos de casa. Esto hace que asistir a la escuela sea a\u00fan m\u00e1s dif\u00edcil. Porque los estudiantes, junto con otros estudiantes, necesitan alojamiento o dependen de habitaciones en un albergue. Las familias comunes y corrientes no pueden hacer frente a este desaf\u00edo financiero. \u00a1El tornillo de la pobreza sigue girando!<\/p>\n\n\n\n<h2 class=\"wp-block-heading\">Nuestra actividad<\/h2>\n\n\n\n<p>Nuestro principal objetivo es permitir que los ni\u00f1os reciban una educaci\u00f3n a trav\u00e9s del apadrinamiento y as\u00ed sacar a las familias de la trampa de la pobreza. Los ni\u00f1os deben lograr una vida autodeterminada e independiente a trav\u00e9s de sus propias fortalezas y las de su familia.<\/p>\n\n\n\n<h2 class=\"wp-block-heading\">Tu patrocinio<\/h2>\n\n\n\n<p>Con un apadrinamiento usted ayuda a la familia cubriendo los costos de un ni\u00f1o apadrinado personalmente para:<br>&nbsp;&nbsp;&nbsp; \u2022 Material de aprendizaje<br>&nbsp;&nbsp;&nbsp; \u2022 Uniforme escolar<br>&nbsp;&nbsp;&nbsp; \u2022 Pagos escolares<br>&nbsp;&nbsp;&nbsp; \u2022 Alojamiento en albergue o apartamento compartido<\/p>\n\n\n\n<p>Con esta ayuda, ni\u00f1os como Teilangrius pueden asistir a la escuela y aprender para luego poder brindar a sus propias familias una vida mejor.<\/p>\n\n\n\n<p class=\"has-text-color\" style=\"color:#8d1753\"><strong>\u00a1Convi\u00e9rtase en patrocinador de un ni\u00f1o personal que necesita su apoyo!<\/strong><\/p>\n<\/div>\n\n\n\n<div class=\"wp-block-column is-layout-flow wp-block-column-is-layout-flow\" style=\"flex-basis:33.33%\"><div class=\"wp-block-image\">\n<figure class=\"aligncenter size-medium\"><img loading=\"lazy\" decoding=\"async\" width=\"300\" height=\"200\" src=\"http:\/\/khublei-indienhilfe-test.de\/wp-content\/uploads\/2021\/12\/big_patenkind1-300x200.jpg\" alt=\"\" class=\"wp-image-254\" srcset=\"https:\/\/khublei-indienhilfe.de\/wp-content\/uploads\/2021\/12\/big_patenkind1-300x200.jpg 300w, https:\/\/khublei-indienhilfe.de\/wp-content\/uploads\/2021\/12\/big_patenkind1.jpg 500w\" sizes=\"auto, (max-width: 300px) 100vw, 300px\" \/><\/figure>\n<\/div>\n\n<div class=\"wp-block-image\">\n<figure class=\"aligncenter size-medium\"><img loading=\"lazy\" decoding=\"async\" width=\"300\" height=\"200\" src=\"http:\/\/khublei-indienhilfe-test.de\/wp-content\/uploads\/2021\/12\/big_patenkind2-300x200.jpg\" alt=\"\" class=\"wp-image-255\" srcset=\"https:\/\/khublei-indienhilfe.de\/wp-content\/uploads\/2021\/12\/big_patenkind2-300x200.jpg 300w, https:\/\/khublei-indienhilfe.de\/wp-content\/uploads\/2021\/12\/big_patenkind2.jpg 500w\" sizes=\"auto, (max-width: 300px) 100vw, 300px\" \/><\/figure>\n<\/div>\n\n<div class=\"wp-block-image\">\n<figure class=\"aligncenter size-medium\"><img loading=\"lazy\" decoding=\"async\" width=\"300\" height=\"200\" src=\"http:\/\/khublei-indienhilfe-test.de\/wp-content\/uploads\/2021\/12\/big_patenkind3-300x200.jpg\" alt=\"\" class=\"wp-image-256\" srcset=\"https:\/\/khublei-indienhilfe.de\/wp-content\/uploads\/2021\/12\/big_patenkind3-300x200.jpg 300w, https:\/\/khublei-indienhilfe.de\/wp-content\/uploads\/2021\/12\/big_patenkind3.jpg 500w\" sizes=\"auto, (max-width: 300px) 100vw, 300px\" \/><\/figure>\n<\/div>\n\n<div class=\"wp-block-image\">\n<figure class=\"aligncenter size-medium\"><img loading=\"lazy\" decoding=\"async\" width=\"300\" height=\"200\" src=\"http:\/\/khublei-indienhilfe-test.de\/wp-content\/uploads\/2021\/12\/big_patenkind6-300x200.jpg\" alt=\"\" class=\"wp-image-257\" srcset=\"https:\/\/khublei-indienhilfe.de\/wp-content\/uploads\/2021\/12\/big_patenkind6-300x200.jpg 300w, https:\/\/khublei-indienhilfe.de\/wp-content\/uploads\/2021\/12\/big_patenkind6.jpg 500w\" sizes=\"auto, (max-width: 300px) 100vw, 300px\" \/><\/figure>\n<\/div>\n\n<div class=\"wp-block-image\">\n<figure class=\"aligncenter size-medium\"><img loading=\"lazy\" decoding=\"async\" width=\"300\" height=\"200\" src=\"http:\/\/khublei-indienhilfe-test.de\/wp-content\/uploads\/2021\/12\/big_patenkind8-300x200.jpg\" alt=\"\" class=\"wp-image-258\" srcset=\"https:\/\/khublei-indienhilfe.de\/wp-content\/uploads\/2021\/12\/big_patenkind8-300x200.jpg 300w, https:\/\/khublei-indienhilfe.de\/wp-content\/uploads\/2021\/12\/big_patenkind8.jpg 500w\" sizes=\"auto, (max-width: 300px) 100vw, 300px\" \/><\/figure>\n<\/div><\/div>\n<\/div>","protected":false},"excerpt":{"rendered":"<p>Teilangrius wohnt mit seinen Eltern und 6 Geschwistern in Khahnar, einem kleinen Dorf in einer Bergregion. Er freute sich sehr, endlich zur Schule gehen zu d\u00fcrfen. Er war froh, lesen, schreiben und rechnen zu lernen, denn dies war seinen Eltern als Kindern nicht m\u00f6glich gewesen. Doch schon nach kurzer Zeit wurde sein kleines Gl\u00fcck j\u00e4h [&hellip;]<\/p>\n","protected":false},"author":1,"featured_media":0,"parent":144,"menu_order":1,"comment_status":"closed","ping_status":"closed","template":"","meta":{"footnotes":""},"class_list":["post-253","page","type-page","status-publish","hentry"],"_links":{"self":[{"href":"https:\/\/khublei-indienhilfe.de\/es\/wp-json\/wp\/v2\/pages\/253","targetHints":{"allow":["GET"]}}],"collection":[{"href":"https:\/\/khublei-indienhilfe.de\/es\/wp-json\/wp\/v2\/pages"}],"about":[{"href":"https:\/\/khublei-indienhilfe.de\/es\/wp-json\/wp\/v2\/types\/page"}],"author":[{"embeddable":true,"href":"https:\/\/khublei-indienhilfe.de\/es\/wp-json\/wp\/v2\/users\/1"}],"replies":[{"embeddable":true,"href":"https:\/\/khublei-indienhilfe.de\/es\/wp-json\/wp\/v2\/comments?post=253"}],"version-history":[{"count":6,"href":"https:\/\/khublei-indienhilfe.de\/es\/wp-json\/wp\/v2\/pages\/253\/revisions"}],"predecessor-version":[{"id":2197,"href":"https:\/\/khublei-indienhilfe.de\/es\/wp-json\/wp\/v2\/pages\/253\/revisions\/2197"}],"up":[{"embeddable":true,"href":"https:\/\/khublei-indienhilfe.de\/es\/wp-json\/wp\/v2\/pages\/144"}],"wp:attachment":[{"href":"https:\/\/khublei-indienhilfe.de\/es\/wp-json\/wp\/v2\/media?parent=253"}],"curies":[{"name":"wp","href":"https:\/\/api.w.org\/{rel}","templated":true}]}}