{"id":260,"date":"2021-12-03T18:03:09","date_gmt":"2021-12-03T17:03:09","guid":{"rendered":"http:\/\/khublei-indienhilfe-test.de\/?page_id=260"},"modified":"2023-02-12T15:12:07","modified_gmt":"2023-02-12T14:12:07","slug":"schulen-gebaeude","status":"publish","type":"page","link":"https:\/\/khublei-indienhilfe.de\/es\/projekte\/schulen-gebaeude\/","title":{"rendered":"Escuelas\/Edificios"},"content":{"rendered":"<div class=\"wp-block-columns alignwide is-layout-flex wp-container-core-columns-is-layout-9d6595d7 wp-block-columns-is-layout-flex\">\n<div class=\"wp-block-column is-layout-flow wp-block-column-is-layout-flow\" style=\"flex-basis:66.66%\">\n<h2 class=\"wp-block-heading\">Estado actual de las escuelas.<\/h2>\n\n\n\n<p>Las escuelas carecen de lo b\u00e1sico. Los edificios suelen ser demasiado peque\u00f1os. A veces s\u00f3lo hay una clase en la que los ni\u00f1os de diferentes grados reciben clases de un solo maestro. Como medida provisional, las clases se imparten al aire libre, pero la lluvia monz\u00f3nica a menudo lo hace imposible. Por lo tanto, muchas escuelas necesitan con urgencia aulas e instalaciones adicionales.<\/p>\n\n\n\n<h2 class=\"wp-block-heading\">Nuestra actividad<\/h2>\n\n\n\n<p>Hablamos directamente con profesores locales para conocer de una manera muy pr\u00e1ctica las necesidades de las escuelas y los ni\u00f1os locales. De ah\u00ed naci\u00f3 nuestro proyecto de ayuda a escuelas\/edificios. Queremos apoyar a estos educadores solidarios y brindarles asistencia.<\/p>\n\n\n\n<p><\/p>\n\n\n\n<div class=\"wp-block-image\"><figure class=\"aligncenter size-medium is-resized\"><img loading=\"lazy\" decoding=\"async\" src=\"http:\/\/khublei-indienhilfe-test.de\/wp-content\/uploads\/Spiralen_orange_RGB-300x84.png\" alt=\"\" class=\"wp-image-635\" width=\"225\" height=\"63\" srcset=\"https:\/\/khublei-indienhilfe.de\/wp-content\/uploads\/Spiralen_orange_RGB-300x84.png 300w, https:\/\/khublei-indienhilfe.de\/wp-content\/uploads\/Spiralen_orange_RGB-768x214.png 768w, https:\/\/khublei-indienhilfe.de\/wp-content\/uploads\/Spiralen_orange_RGB.png 1000w\" sizes=\"auto, (max-width: 225px) 100vw, 225px\" \/><\/figure><\/div>\n<\/div>\n\n\n\n<div class=\"wp-block-column is-layout-flow wp-block-column-is-layout-flow\" style=\"flex-basis:33.33%\">\n<div class=\"wp-block-image\"><figure class=\"aligncenter size-medium\"><img loading=\"lazy\" decoding=\"async\" width=\"300\" height=\"125\" src=\"http:\/\/khublei-indienhilfe-test.de\/wp-content\/uploads\/2021\/12\/schule_aussen-300x125.jpg\" alt=\"\" class=\"wp-image-261\" srcset=\"https:\/\/khublei-indienhilfe.de\/wp-content\/uploads\/2021\/12\/schule_aussen-300x125.jpg 300w, https:\/\/khublei-indienhilfe.de\/wp-content\/uploads\/2021\/12\/schule_aussen-768x321.jpg 768w, https:\/\/khublei-indienhilfe.de\/wp-content\/uploads\/2021\/12\/schule_aussen.jpg 1000w\" sizes=\"auto, (max-width: 300px) 100vw, 300px\" \/><\/figure><\/div>\n\n\n\n<div class=\"wp-block-image\"><figure class=\"aligncenter size-medium\"><img loading=\"lazy\" decoding=\"async\" width=\"300\" height=\"149\" src=\"http:\/\/khublei-indienhilfe-test.de\/wp-content\/uploads\/2021\/12\/schule_aussen_1-300x149.jpg\" alt=\"\" class=\"wp-image-262\" srcset=\"https:\/\/khublei-indienhilfe.de\/wp-content\/uploads\/2021\/12\/schule_aussen_1-300x149.jpg 300w, https:\/\/khublei-indienhilfe.de\/wp-content\/uploads\/2021\/12\/schule_aussen_1-768x381.jpg 768w, https:\/\/khublei-indienhilfe.de\/wp-content\/uploads\/2021\/12\/schule_aussen_1.jpg 1000w\" sizes=\"auto, (max-width: 300px) 100vw, 300px\" \/><\/figure><\/div>\n\n\n\n<div class=\"wp-block-image\"><figure class=\"aligncenter size-medium\"><img loading=\"lazy\" decoding=\"async\" width=\"300\" height=\"181\" src=\"http:\/\/khublei-indienhilfe-test.de\/wp-content\/uploads\/2021\/12\/schule_innen-300x181.jpg\" alt=\"\" class=\"wp-image-263\" srcset=\"https:\/\/khublei-indienhilfe.de\/wp-content\/uploads\/2021\/12\/schule_innen-300x181.jpg 300w, https:\/\/khublei-indienhilfe.de\/wp-content\/uploads\/2021\/12\/schule_innen-768x463.jpg 768w, https:\/\/khublei-indienhilfe.de\/wp-content\/uploads\/2021\/12\/schule_innen.jpg 1000w\" sizes=\"auto, (max-width: 300px) 100vw, 300px\" \/><\/figure><\/div>\n<\/div>\n<\/div>","protected":false},"excerpt":{"rendered":"<p>Ist-Zustand Schulen Den Schulen fehlt es an den grundlegenden Dingen. Die Geb\u00e4ude sind oft viel zu klein. Manchmal gibt es nur einen Klassenraum, in dem Kinder verschiedener Jahrgangsstufen von einem einzigen Lehrer unterrichtet werden. Notbehelfsm\u00e4\u00dfig findet deshalb der Unterricht im Freien statt, doch dies macht der Monsunregen oft unm\u00f6glich. Deshalb werden an vielen Schulen dringend [&hellip;]<\/p>\n","protected":false},"author":2,"featured_media":0,"parent":144,"menu_order":5,"comment_status":"closed","ping_status":"closed","template":"","meta":{"footnotes":""},"class_list":["post-260","page","type-page","status-publish","hentry"],"_links":{"self":[{"href":"https:\/\/khublei-indienhilfe.de\/es\/wp-json\/wp\/v2\/pages\/260","targetHints":{"allow":["GET"]}}],"collection":[{"href":"https:\/\/khublei-indienhilfe.de\/es\/wp-json\/wp\/v2\/pages"}],"about":[{"href":"https:\/\/khublei-indienhilfe.de\/es\/wp-json\/wp\/v2\/types\/page"}],"author":[{"embeddable":true,"href":"https:\/\/khublei-indienhilfe.de\/es\/wp-json\/wp\/v2\/users\/2"}],"replies":[{"embeddable":true,"href":"https:\/\/khublei-indienhilfe.de\/es\/wp-json\/wp\/v2\/comments?post=260"}],"version-history":[{"count":8,"href":"https:\/\/khublei-indienhilfe.de\/es\/wp-json\/wp\/v2\/pages\/260\/revisions"}],"predecessor-version":[{"id":672,"href":"https:\/\/khublei-indienhilfe.de\/es\/wp-json\/wp\/v2\/pages\/260\/revisions\/672"}],"up":[{"embeddable":true,"href":"https:\/\/khublei-indienhilfe.de\/es\/wp-json\/wp\/v2\/pages\/144"}],"wp:attachment":[{"href":"https:\/\/khublei-indienhilfe.de\/es\/wp-json\/wp\/v2\/media?parent=260"}],"curies":[{"name":"wp","href":"https:\/\/api.w.org\/{rel}","templated":true}]}}