{"id":266,"date":"2021-12-03T18:07:34","date_gmt":"2021-12-03T17:07:34","guid":{"rendered":"http:\/\/khublei-indienhilfe-test.de\/?page_id=266"},"modified":"2023-02-12T15:12:07","modified_gmt":"2023-02-12T14:12:07","slug":"hilfsbeduerftige-menschen","status":"publish","type":"page","link":"https:\/\/khublei-indienhilfe.de\/es\/projekte\/hilfsbeduerftige-menschen\/","title":{"rendered":"Gente necesitada"},"content":{"rendered":"<div class=\"wp-block-columns alignwide is-layout-flex wp-container-core-columns-is-layout-9d6595d7 wp-block-columns-is-layout-flex\">\n<div class=\"wp-block-column is-layout-flow wp-block-column-is-layout-flow\" style=\"flex-basis:66.66%\">\n<h2 class=\"wp-block-heading\">Hu\u00e9rfanos \u2013 ejemplo actual<\/h2>\n\n\n\n<blockquote class=\"wp-block-quote is-layout-flow wp-block-quote-is-layout-flow\"><p><em>Supimos de tres hu\u00e9rfanos: dos mujeres j\u00f3venes, Arda Thubru, de 21 a\u00f1os, su hermana Arka, de 18 a\u00f1os, y su hermano Wandame, de 12 a\u00f1os. Su padre hab\u00eda abandonado a la familia y su madre no pod\u00eda mantener a la familia sola. Por eso las dos ni\u00f1as abandonaron la escuela despu\u00e9s del segundo grado. Arda y Arka trabajaban como amas de llaves en una casa grande. Debido a la crisis del coronavirus, perdieron su trabajo y regresaron a su pueblo. Wandame pudo asistir a la escuela hasta sexto grado. Pero luego ya no hab\u00eda suficiente dinero. Ten\u00eda que ayudar en casa y contribuir al sustento de la familia. La casa en la que viven est\u00e1 en p\u00e9simas condiciones. La madre hab\u00eda empezado a trabajar en la construcci\u00f3n, pero muri\u00f3 tras una larga enfermedad. Ahora los tres hermanos viven en esta casa en condiciones extremadamente pobres y antihigi\u00e9nicas y no saben qu\u00e9 hacer a continuaci\u00f3n.<\/em><\/p><\/blockquote>\n\n\n\n<p>Queremos ayudar a las personas que por cualquier desgracia se han encontrado en una situaci\u00f3n precaria. Ya sea la muerte de un familiar, una enfermedad o cualquier cosa que pueda pasar en la vida. Si nuestros socios locales reciben una solicitud de ayuda o se encuentran con una familia que ya no sabe qu\u00e9 hacer y depende de apoyo, nos gustar\u00eda intervenir e intentar aliviar la necesidad.<\/p>\n\n\n\n<h2 class=\"wp-block-heading\">Nuestra actividad<\/h2>\n\n\n\n<p>A trav\u00e9s de un patrocinio con nosotros, Wandame tiene la oportunidad de regresar a la escuela. La pr\u00f3xima medida que queremos apoyar es dejar la casa en condiciones habitables para los tres hu\u00e9rfanos.<br>Y nuestros socios locales se comprometen a encontrar nuevos puestos de trabajo para las dos j\u00f3venes.<\/p>\n<\/div>\n\n\n\n<div class=\"wp-block-column is-layout-flow wp-block-column-is-layout-flow\" style=\"flex-basis:33.33%\">\n<div class=\"wp-block-image\"><figure class=\"aligncenter size-large\"><img loading=\"lazy\" decoding=\"async\" width=\"768\" height=\"1024\" src=\"http:\/\/khublei-indienhilfe-test.de\/wp-content\/uploads\/2021\/12\/wandame-768x1024.jpg\" alt=\"\" class=\"wp-image-267\" srcset=\"https:\/\/khublei-indienhilfe.de\/wp-content\/uploads\/2021\/12\/wandame-768x1024.jpg 768w, https:\/\/khublei-indienhilfe.de\/wp-content\/uploads\/2021\/12\/wandame-225x300.jpg 225w, https:\/\/khublei-indienhilfe.de\/wp-content\/uploads\/2021\/12\/wandame.jpg 780w\" sizes=\"auto, (max-width: 768px) 100vw, 768px\" \/><\/figure><\/div>\n\n\n\n<div class=\"wp-block-image\"><figure class=\"aligncenter size-full is-resized\"><img loading=\"lazy\" decoding=\"async\" src=\"http:\/\/khublei-indienhilfe-test.de\/wp-content\/uploads\/Spiralen_orange_RGB.png\" alt=\"\" class=\"wp-image-635\" width=\"250\" height=\"70\" srcset=\"https:\/\/khublei-indienhilfe.de\/wp-content\/uploads\/Spiralen_orange_RGB.png 1000w, https:\/\/khublei-indienhilfe.de\/wp-content\/uploads\/Spiralen_orange_RGB-300x84.png 300w, https:\/\/khublei-indienhilfe.de\/wp-content\/uploads\/Spiralen_orange_RGB-768x214.png 768w\" sizes=\"auto, (max-width: 250px) 100vw, 250px\" \/><\/figure><\/div>\n<\/div>\n<\/div>","protected":false},"excerpt":{"rendered":"<p>Waisenkinder &#8211; aktuelles Beispiel Wir erfuhren von drei Waisenkindern: Zwei junge Frauen, Arda Thubru, 21 Jahre, ihre Schwester Arka, 18 Jahre, und deren Bruder Wandame, 12 Jahre. Ihr Vater hatte die Familie verlassen und die Mutter konnte die Familie allein nicht ern\u00e4hren. Deshalb haben die beiden M\u00e4dchen die Schule nach der zweiten Klasse verlassen. Arda [&hellip;]<\/p>\n","protected":false},"author":1,"featured_media":0,"parent":144,"menu_order":6,"comment_status":"closed","ping_status":"closed","template":"","meta":{"footnotes":""},"class_list":["post-266","page","type-page","status-publish","hentry"],"_links":{"self":[{"href":"https:\/\/khublei-indienhilfe.de\/es\/wp-json\/wp\/v2\/pages\/266","targetHints":{"allow":["GET"]}}],"collection":[{"href":"https:\/\/khublei-indienhilfe.de\/es\/wp-json\/wp\/v2\/pages"}],"about":[{"href":"https:\/\/khublei-indienhilfe.de\/es\/wp-json\/wp\/v2\/types\/page"}],"author":[{"embeddable":true,"href":"https:\/\/khublei-indienhilfe.de\/es\/wp-json\/wp\/v2\/users\/1"}],"replies":[{"embeddable":true,"href":"https:\/\/khublei-indienhilfe.de\/es\/wp-json\/wp\/v2\/comments?post=266"}],"version-history":[{"count":12,"href":"https:\/\/khublei-indienhilfe.de\/es\/wp-json\/wp\/v2\/pages\/266\/revisions"}],"predecessor-version":[{"id":1849,"href":"https:\/\/khublei-indienhilfe.de\/es\/wp-json\/wp\/v2\/pages\/266\/revisions\/1849"}],"up":[{"embeddable":true,"href":"https:\/\/khublei-indienhilfe.de\/es\/wp-json\/wp\/v2\/pages\/144"}],"wp:attachment":[{"href":"https:\/\/khublei-indienhilfe.de\/es\/wp-json\/wp\/v2\/media?parent=266"}],"curies":[{"name":"wp","href":"https:\/\/api.w.org\/{rel}","templated":true}]}}