{"id":558,"date":"2022-03-08T21:10:14","date_gmt":"2022-03-08T20:10:14","guid":{"rendered":"http:\/\/khublei-indienhilfe-test.de\/?page_id=558"},"modified":"2022-03-22T20:10:58","modified_gmt":"2022-03-22T19:10:58","slug":"hinweise","status":"publish","type":"page","link":"https:\/\/khublei-indienhilfe.de\/es\/hinweise\/","title":{"rendered":"Consejos"},"content":{"rendered":"<h3 class=\"wp-block-heading\">GDPR \u2013 Reglamento B\u00e1sico de Protecci\u00f3n de Datos<\/h3>\n\n\n\n<p>Si se solicitan datos personales dentro de nuestra oferta, esto se hace expresamente y de forma voluntaria por parte del usuario. S\u00f3lo utilizaremos estos datos en la medida en que parezca absolutamente necesario para el beneficio de nuestros usuarios. Garantizamos la confidencialidad de sus datos. No instalamos cookies en los navegadores de nuestros usuarios ni rastreamos sus actividades. Cumpliremos al menos con las leyes de protecci\u00f3n de datos aplicables en Europa (GDPR).<\/p>\n\n\n\n<p>Puede averiguar qu\u00e9 datos personales recopilamos en detalle y con qu\u00e9 finalidad en nuestra declaraci\u00f3n de protecci\u00f3n de datos.<\/p>\n\n\n\n<div class=\"wp-block-buttons is-content-justification-right is-layout-flex wp-container-core-buttons-is-layout-765c4724 wp-block-buttons-is-layout-flex\">\n<div class=\"wp-block-button is-style-outline is-style-outline--1\"><a class=\"wp-block-button__link\" href=\"https:\/\/khublei-indienhilfe.de\/es\/datenschutzerklaerung\/\">Declaraci\u00f3n de protecci\u00f3n de datos \u279c<\/a><\/div>\n<\/div>\n\n\n\n<h3 class=\"wp-block-heading\">derechos de autor<\/h3>\n\n\n\n<p>El contenido, las obras y la informaci\u00f3n proporcionada en estas p\u00e1ginas est\u00e1n sujetos a los derechos de autor alemanes y a las leyes de derechos de autor auxiliares y est\u00e1n destinados exclusivamente para uso e informaci\u00f3n privados. Cualquier tipo de reproducci\u00f3n, procesamiento, distribuci\u00f3n, integraci\u00f3n en sitios web de terceros, almacenamiento, otra reutilizaci\u00f3n en Internet y otros medios y cualquier tipo de explotaci\u00f3n fuera de los l\u00edmites de la ley de derechos de autor est\u00e1 prohibido bajo pena de ley, a menos que se cuente con el permiso expreso por escrito. de la asociaci\u00f3n. La copia\/almacenamiento no autorizado de la informaci\u00f3n proporcionada en estos sitios web no est\u00e1 permitida y est\u00e1 penada por la ley. Los datos que se puedan ofrecer en una p\u00e1gina de prensa y que se puedan agregar m\u00e1s adelante no est\u00e1n sujetos a nuestros derechos de autor y solo pueden usarse con el consentimiento del respectivo titular de los derechos de autor.<\/p>\n\n\n\n<h3 class=\"wp-block-heading\">Limitaci\u00f3n de responsabilidad<\/h3>\n\n\n\n<p>Hemos creado los contenidos de nuestro sitio web con el mayor cuidado posible y seg\u00fan nuestro leal saber y entender. Sin embargo, no asumimos ninguna responsabilidad por la actualidad, integridad y exactitud de las p\u00e1ginas y el contenido proporcionado. Como proveedor de servicios, somos responsables de nuestro propio contenido y de la informaci\u00f3n proporcionada en estas p\u00e1ginas de acuerdo con las leyes generales de conformidad con el art\u00edculo 7, p\u00e1rrafo 1 de la TMG; Sin embargo, seg\u00fan los art\u00edculos 8 a 10 de la TMG, no estamos obligados a controlar la informaci\u00f3n de terceros transmitida o almacenada. Este contenido ser\u00e1 eliminado o bloqueado inmediatamente al tener conocimiento de una infracci\u00f3n legal espec\u00edfica. La responsabilidad s\u00f3lo es posible desde el momento en que tomamos conocimiento de ello.<\/p>\n\n\n\n<h3 class=\"wp-block-heading\">Uso de nuestros enlaces<\/h3>\n\n\n\n<p>Nuestro sitio web contiene los llamados &quot;enlaces externos&quot; (links) a otros sitios web sobre cuyo contenido no tenemos ninguna influencia. Por este motivo, no podemos asumir ninguna responsabilidad por este contenido. El respectivo proveedor del sitio web vinculado es responsable del contenido y la exactitud de la informaci\u00f3n proporcionada. En el momento de la vinculaci\u00f3n no se detectaron violaciones legales. Si tenemos conocimiento de dicha infracci\u00f3n legal, eliminaremos inmediatamente el enlace.<\/p>\n\n\n\n<h3 class=\"wp-block-heading\">derechos de autor<\/h3>\n\n\n\n<p>Todas las fotograf\u00edas y art\u00edculos est\u00e1n protegidos por derechos de autor a menos que se indique expl\u00edcitamente lo contrario.<\/p>","protected":false},"excerpt":{"rendered":"<p>DSGVO &#8211; DatenSchutzGrundVerordnung Sofern innerhalb unseres Angebots pers\u00f6nliche Daten abgefragt werden, geschieht dies seitens der Nutzer ausdr\u00fccklich auf freiwilliger Basis. Diese Daten werden wir nur insoweit nutzen, wie dies im Sinne unserer Nutzer unbedingt erforderlich erscheint. Wir garantieren die Vertraulichkeit ihrer Daten. Wir setzen im Browser unserer Nutzer keine Cookies und verfolgen auch nicht ihre [&hellip;]<\/p>\n","protected":false},"author":2,"featured_media":0,"parent":0,"menu_order":8,"comment_status":"closed","ping_status":"closed","template":"templates\/template-full-width.php","meta":{"footnotes":""},"class_list":["post-558","page","type-page","status-publish","hentry"],"_links":{"self":[{"href":"https:\/\/khublei-indienhilfe.de\/es\/wp-json\/wp\/v2\/pages\/558","targetHints":{"allow":["GET"]}}],"collection":[{"href":"https:\/\/khublei-indienhilfe.de\/es\/wp-json\/wp\/v2\/pages"}],"about":[{"href":"https:\/\/khublei-indienhilfe.de\/es\/wp-json\/wp\/v2\/types\/page"}],"author":[{"embeddable":true,"href":"https:\/\/khublei-indienhilfe.de\/es\/wp-json\/wp\/v2\/users\/2"}],"replies":[{"embeddable":true,"href":"https:\/\/khublei-indienhilfe.de\/es\/wp-json\/wp\/v2\/comments?post=558"}],"version-history":[{"count":4,"href":"https:\/\/khublei-indienhilfe.de\/es\/wp-json\/wp\/v2\/pages\/558\/revisions"}],"predecessor-version":[{"id":1013,"href":"https:\/\/khublei-indienhilfe.de\/es\/wp-json\/wp\/v2\/pages\/558\/revisions\/1013"}],"wp:attachment":[{"href":"https:\/\/khublei-indienhilfe.de\/es\/wp-json\/wp\/v2\/media?parent=558"}],"curies":[{"name":"wp","href":"https:\/\/api.w.org\/{rel}","templated":true}]}}