{"id":604,"date":"2022-03-13T20:28:57","date_gmt":"2022-03-13T19:28:57","guid":{"rendered":"http:\/\/khublei-indienhilfe-test.de\/?page_id=604"},"modified":"2022-03-17T18:57:17","modified_gmt":"2022-03-17T17:57:17","slug":"spende-via-paypal","status":"publish","type":"page","link":"https:\/\/khublei-indienhilfe.de\/es\/spende-via-paypal\/","title":{"rendered":"Donar a trav\u00e9s de PayPal"},"content":{"rendered":"<div class=\"wp-block-columns is-layout-flex wp-container-core-columns-is-layout-9d6595d7 wp-block-columns-is-layout-flex\">\n<div class=\"wp-block-column is-layout-flow wp-block-column-is-layout-flow\" style=\"flex-basis:66.66%\">\n<h3 class=\"wp-block-heading\">Tu donaci\u00f3n v\u00eda PayPal<\/h3>\n\n\n\n<h4 class=\"wp-block-heading\">r\u00e1pido, c\u00f3modo y f\u00e1cil:<\/h4>\n\n\n\n<div class=\"wp-block-group custom-center\"><div class=\"wp-block-group__inner-container is-layout-flow wp-block-group-is-layout-flow\"><!-- Begin PayPal Donations by https:\/\/www.tipsandtricks-hq.com\/paypal-donations-widgets-plugin -->\n\n<form action=\"https:\/\/www.paypal.com\/cgi-bin\/webscr\" method=\"post\">\n    <div class=\"paypal-donations\">\n        <input type=\"hidden\" name=\"cmd\" value=\"_donations\" \/>\n        <input type=\"hidden\" name=\"bn\" value=\"TipsandTricks_SP\" \/>\n        <input type=\"hidden\" name=\"business\" value=\"info@khublei-indienhilfe.de\" \/>\n        <input type=\"hidden\" name=\"return\" value=\"https:\/\/khublei-indienhilfe.de\" \/>\n        <input type=\"hidden\" name=\"rm\" value=\"0\" \/>\n        <input type=\"hidden\" name=\"currency_code\" value=\"EUR\" \/>\n        <input type=\"image\" style=\"cursor: pointer;\" src=\"\/wp-content\/uploads\/pp_donate_cc_button.gif\" name=\"submit\" alt=\"PayPal - The safer, easier way to pay online.\" \/>\n        <img loading=\"lazy\" decoding=\"async\" alt=\"\" src=\"https:\/\/www.paypalobjects.com\/en_US\/i\/scr\/pixel.gif\" width=\"1\" height=\"1\" \/>\n    <\/div>\n<\/form>\n<!-- End PayPal Donations -->\n\n<\/div><\/div>\n\n\n\n<p class=\"has-text-align-center has-secondary-color has-text-color\"><em><br>Recibir\u00e1 un recibo de donaci\u00f3n por su pago al final del a\u00f1o calendario.<\/em><\/p>\n<\/div>\n\n\n\n<div class=\"wp-block-column is-layout-flow wp-block-column-is-layout-flow\" style=\"flex-basis:33.33%\">\n<div class=\"wp-block-image\"><figure class=\"aligncenter size-medium\"><img loading=\"lazy\" decoding=\"async\" width=\"84\" height=\"300\" src=\"http:\/\/khublei-indienhilfe-test.de\/wp-content\/uploads\/Spiralen_orange_RGB_hoch-84x300.png\" alt=\"\" class=\"wp-image-611\" srcset=\"https:\/\/khublei-indienhilfe.de\/wp-content\/uploads\/Spiralen_orange_RGB_hoch-84x300.png 84w, https:\/\/khublei-indienhilfe.de\/wp-content\/uploads\/Spiralen_orange_RGB_hoch.png 279w\" sizes=\"auto, (max-width: 84px) 100vw, 84px\" \/><\/figure><\/div>\n<\/div>\n<\/div>\n\n\n\n<p><\/p>","protected":false},"excerpt":{"rendered":"<p>Ihre Spende via PayPal schnell, bequem und einfach: F\u00fcr Ihre Zahlung erhalten Sie zum Ablauf des Kalenderjahres eine Spendenquittung.<\/p>","protected":false},"author":2,"featured_media":0,"parent":0,"menu_order":7,"comment_status":"closed","ping_status":"closed","template":"","meta":{"footnotes":""},"class_list":["post-604","page","type-page","status-publish","hentry"],"_links":{"self":[{"href":"https:\/\/khublei-indienhilfe.de\/es\/wp-json\/wp\/v2\/pages\/604","targetHints":{"allow":["GET"]}}],"collection":[{"href":"https:\/\/khublei-indienhilfe.de\/es\/wp-json\/wp\/v2\/pages"}],"about":[{"href":"https:\/\/khublei-indienhilfe.de\/es\/wp-json\/wp\/v2\/types\/page"}],"author":[{"embeddable":true,"href":"https:\/\/khublei-indienhilfe.de\/es\/wp-json\/wp\/v2\/users\/2"}],"replies":[{"embeddable":true,"href":"https:\/\/khublei-indienhilfe.de\/es\/wp-json\/wp\/v2\/comments?post=604"}],"version-history":[{"count":16,"href":"https:\/\/khublei-indienhilfe.de\/es\/wp-json\/wp\/v2\/pages\/604\/revisions"}],"predecessor-version":[{"id":898,"href":"https:\/\/khublei-indienhilfe.de\/es\/wp-json\/wp\/v2\/pages\/604\/revisions\/898"}],"wp:attachment":[{"href":"https:\/\/khublei-indienhilfe.de\/es\/wp-json\/wp\/v2\/media?parent=604"}],"curies":[{"name":"wp","href":"https:\/\/api.w.org\/{rel}","templated":true}]}}